{"id":20182,"date":"2025-03-03T17:55:02","date_gmt":"2025-03-03T17:55:02","guid":{"rendered":"https:\/\/tutis.lt\/product\/adaptery-do-fotelikow-samochodowych-tutis-ak01\/"},"modified":"2025-03-03T17:55:02","modified_gmt":"2025-03-03T15:55:02","slug":"adaptery-do-fotelikow-samochodowych-tutis-ak01","status":"publish","type":"product","link":"https:\/\/tutis.lt\/pl\/produkt\/adaptery-do-fotelikow-samochodowych-tutis-ak01\/","title":{"rendered":"Adaptery do fotelik\u00f3w samochodowych TUTIS AK01"},"content":{"rendered":"","protected":false},"excerpt":{"rendered":"<p>Adaptery do fotelik\u00f3w samochodowych Tutis zosta\u0142y zaprojektowane z my\u015bl\u0105 o bezproblemowym pod\u0142\u0105czeniu fotelika samochodowego do stela\u017ca w\u00f3zka Tutis Viva, Uno lub Leo. Dzi\u0119ki tym adapterom przej\u015bcie z samochodu do w\u00f3zka jest \u0142atwe dzi\u0119ki intuicyjnemu systemowi click-and-go. To praktyczne akcesorium zapewnia bezpieczne mocowanie fotelika samochodowego do ramy w\u00f3zka, zapewniaj\u0105c wygod\u0119 i bezpiecze\u0144stwo podczas podr\u00f3\u017cy.  <\/p>\n","protected":false},"featured_media":17236,"comment_status":"closed","ping_status":"closed","template":"","meta":{"_acf_changed":false,"_seopress_robots_primary_cat":"none","_seopress_titles_title":"","_seopress_titles_desc":"","_seopress_robots_index":""},"product_brand":[],"product_cat":[242,239],"product_tag":[],"class_list":{"0":"post-20182","1":"product","2":"type-product","3":"status-publish","4":"has-post-thumbnail","6":"product_cat-adaptery-pl","7":"product_cat-akcesoria","8":"product_shipping_class-accessories","10":"first","11":"instock","12":"taxable","13":"shipping-taxable","14":"purchasable","15":"product-type-simple"},"acf":[],"_links":{"self":[{"href":"https:\/\/tutis.lt\/pl\/wp-json\/wp\/v2\/product\/20182","targetHints":{"allow":["GET"]}}],"collection":[{"href":"https:\/\/tutis.lt\/pl\/wp-json\/wp\/v2\/product"}],"about":[{"href":"https:\/\/tutis.lt\/pl\/wp-json\/wp\/v2\/types\/product"}],"replies":[{"embeddable":true,"href":"https:\/\/tutis.lt\/pl\/wp-json\/wp\/v2\/comments?post=20182"}],"wp:featuredmedia":[{"embeddable":true,"href":"https:\/\/tutis.lt\/pl\/wp-json\/wp\/v2\/media\/17236"}],"wp:attachment":[{"href":"https:\/\/tutis.lt\/pl\/wp-json\/wp\/v2\/media?parent=20182"}],"wp:term":[{"taxonomy":"product_brand","embeddable":true,"href":"https:\/\/tutis.lt\/pl\/wp-json\/wp\/v2\/product_brand?post=20182"},{"taxonomy":"product_cat","embeddable":true,"href":"https:\/\/tutis.lt\/pl\/wp-json\/wp\/v2\/product_cat?post=20182"},{"taxonomy":"product_tag","embeddable":true,"href":"https:\/\/tutis.lt\/pl\/wp-json\/wp\/v2\/product_tag?post=20182"}],"curies":[{"name":"wp","href":"https:\/\/api.w.org\/{rel}","templated":true}]}}