{"id":20174,"date":"2025-03-06T09:34:34","date_gmt":"2025-03-06T09:34:34","guid":{"rendered":"https:\/\/tutis.lt\/product\/rekawice-zimowe-tutis\/"},"modified":"2025-03-06T09:34:34","modified_gmt":"2025-03-06T07:34:34","slug":"rekawice-zimowe-tutis","status":"publish","type":"product","link":"https:\/\/tutis.lt\/pl\/produkt\/rekawice-zimowe-tutis\/","title":{"rendered":"R\u0119kawice zimowe Tutis"},"content":{"rendered":"","protected":false},"excerpt":{"rendered":"<p>Zimowe r\u0119kawiczki do w\u00f3zk\u00f3w zosta\u0142y zaprojektowane tak, aby zapewni\u0107 ciep\u0142o i wygod\u0119 podczas pchania w\u00f3zka w ch\u0142odne dni. Te r\u0119kawiczki maj\u0105 grub\u0105 wewn\u0119trzn\u0105 podszewk\u0119 z futra, kt\u00f3ra zapewnia doskona\u0142\u0105 ochron\u0119 przed wiatrem i \u015bniegiem, zapewniaj\u0105c d\u0142oniom przytulno\u015b\u0107. Aby zapewni\u0107 idealne dopasowanie, r\u0119kawice maj\u0105 z boku rzep u\u0142atwiaj\u0105cy zmian\u0119 rozmiaru. Dodatkowo pasek na rzep z ty\u0142u pozwala bezpiecznie przymocowa\u0107 r\u0119kawiczki do r\u0105czki w\u00f3zka, utrzymuj\u0105c je na miejscu i gotowe do u\u017cycia, gdy tylko zajdzie taka potrzeba.   <\/p>\n","protected":false},"featured_media":17320,"comment_status":"closed","ping_status":"closed","template":"","meta":{"_acf_changed":false,"_seopress_robots_primary_cat":"none","_seopress_titles_title":"","_seopress_titles_desc":"","_seopress_robots_index":""},"product_brand":[],"product_cat":[239],"product_tag":[],"class_list":{"0":"post-20174","1":"product","2":"type-product","3":"status-publish","4":"has-post-thumbnail","6":"product_cat-akcesoria","7":"product_shipping_class-accessories","9":"first","10":"instock","11":"taxable","12":"shipping-taxable","13":"purchasable","14":"product-type-simple"},"acf":[],"_links":{"self":[{"href":"https:\/\/tutis.lt\/pl\/wp-json\/wp\/v2\/product\/20174","targetHints":{"allow":["GET"]}}],"collection":[{"href":"https:\/\/tutis.lt\/pl\/wp-json\/wp\/v2\/product"}],"about":[{"href":"https:\/\/tutis.lt\/pl\/wp-json\/wp\/v2\/types\/product"}],"replies":[{"embeddable":true,"href":"https:\/\/tutis.lt\/pl\/wp-json\/wp\/v2\/comments?post=20174"}],"wp:featuredmedia":[{"embeddable":true,"href":"https:\/\/tutis.lt\/pl\/wp-json\/wp\/v2\/media\/17320"}],"wp:attachment":[{"href":"https:\/\/tutis.lt\/pl\/wp-json\/wp\/v2\/media?parent=20174"}],"wp:term":[{"taxonomy":"product_brand","embeddable":true,"href":"https:\/\/tutis.lt\/pl\/wp-json\/wp\/v2\/product_brand?post=20174"},{"taxonomy":"product_cat","embeddable":true,"href":"https:\/\/tutis.lt\/pl\/wp-json\/wp\/v2\/product_cat?post=20174"},{"taxonomy":"product_tag","embeddable":true,"href":"https:\/\/tutis.lt\/pl\/wp-json\/wp\/v2\/product_tag?post=20174"}],"curies":[{"name":"wp","href":"https:\/\/api.w.org\/{rel}","templated":true}]}}