{"id":20168,"date":"2025-03-06T09:35:40","date_gmt":"2025-03-06T09:35:40","guid":{"rendered":"https:\/\/tutis.lt\/product\/spiwor-tutis\/"},"modified":"2025-03-06T09:35:40","modified_gmt":"2025-03-06T07:35:40","slug":"spiwor-tutis","status":"publish","type":"product","link":"https:\/\/tutis.lt\/pl\/produkt\/spiwor-tutis\/","title":{"rendered":"\u015apiw\u00f3r Tutis"},"content":{"rendered":"","protected":false},"excerpt":{"rendered":"<p>Zapewnij swojemu maluchowi przytulno\u015b\u0107 i ochron\u0119 podczas ch\u0142odnych zimowych miesi\u0119cy dzi\u0119ki naszemu wysokiej jako\u015bci \u015bpiworkowi zimowemu. Ten \u015bpiw\u00f3r zosta\u0142 zaprojektowany, aby zapewni\u0107 maksymalne ciep\u0142o i ochron\u0119, wyposa\u017cony w grub\u0105, izolowan\u0105 podszewk\u0119, kt\u00f3ra chroni przed wiatrem i \u015bniegiem. Wytrzyma\u0142y podw\u00f3jny zamek b\u0142yskawiczny umo\u017cliwia \u0142atwy dost\u0119p i regulacj\u0119 temperatury, a doczepiany element wyd\u0142u\u017ca \u015bpiw\u00f3r z 80 cm do 105 cm, dostosowuj\u0105c si\u0119 do rosn\u0105cego dziecka. Dzi\u0119ki 6 otworom bezpiecze\u0144stwa zapewnia bezpieczne dopasowanie do wszystkich uprz\u0119\u017cy w\u00f3zka. Ponadto wodoodporny materia\u0142 zapewnia dziecku sucho\u015b\u0107 i wygod\u0119, dzi\u0119ki czemu jest niezb\u0119dnym akcesorium na zimowe spacery.    <\/p>\n","protected":false},"featured_media":18782,"comment_status":"closed","ping_status":"closed","template":"","meta":{"_acf_changed":false,"_seopress_robots_primary_cat":"none","_seopress_titles_title":"","_seopress_titles_desc":"","_seopress_robots_index":""},"product_brand":[],"product_cat":[239],"product_tag":[],"class_list":{"0":"post-20168","1":"product","2":"type-product","3":"status-publish","4":"has-post-thumbnail","6":"product_cat-akcesoria","7":"product_shipping_class-accessories","9":"first","10":"instock","11":"taxable","12":"shipping-taxable","13":"purchasable","14":"product-type-simple"},"acf":[],"_links":{"self":[{"href":"https:\/\/tutis.lt\/pl\/wp-json\/wp\/v2\/product\/20168","targetHints":{"allow":["GET"]}}],"collection":[{"href":"https:\/\/tutis.lt\/pl\/wp-json\/wp\/v2\/product"}],"about":[{"href":"https:\/\/tutis.lt\/pl\/wp-json\/wp\/v2\/types\/product"}],"replies":[{"embeddable":true,"href":"https:\/\/tutis.lt\/pl\/wp-json\/wp\/v2\/comments?post=20168"}],"wp:featuredmedia":[{"embeddable":true,"href":"https:\/\/tutis.lt\/pl\/wp-json\/wp\/v2\/media\/18782"}],"wp:attachment":[{"href":"https:\/\/tutis.lt\/pl\/wp-json\/wp\/v2\/media?parent=20168"}],"wp:term":[{"taxonomy":"product_brand","embeddable":true,"href":"https:\/\/tutis.lt\/pl\/wp-json\/wp\/v2\/product_brand?post=20168"},{"taxonomy":"product_cat","embeddable":true,"href":"https:\/\/tutis.lt\/pl\/wp-json\/wp\/v2\/product_cat?post=20168"},{"taxonomy":"product_tag","embeddable":true,"href":"https:\/\/tutis.lt\/pl\/wp-json\/wp\/v2\/product_tag?post=20168"}],"curies":[{"name":"wp","href":"https:\/\/api.w.org\/{rel}","templated":true}]}}