{"id":20151,"date":"2025-03-10T11:41:41","date_gmt":"2025-03-10T11:41:41","guid":{"rendered":"https:\/\/tutis.lt\/product\/jogo\/"},"modified":"2025-08-25T09:26:56","modified_gmt":"2025-08-25T06:26:56","slug":"jogo","status":"publish","type":"product","link":"https:\/\/tutis.lt\/pl\/produkt\/jogo\/","title":{"rendered":"Jogo+"},"content":{"rendered":"","protected":false},"excerpt":{"rendered":"<p>Poznaj zupe\u0142nie nowy Tutis Jogo+, kompaktowy w\u00f3zek stworzony z my\u015bl\u0105 o przygodach bez wysi\u0142ku. Jego sprytny system sk\u0142adania, mocniejsze ko\u0142a i lekka rama sprawiaj\u0105, \u017ce ka\u017cdy spacer jest dziecinnie prosty &#8211; niezale\u017cnie od tego, czy odkrywasz ulice miasta, czy kr\u0119te \u015bcie\u017cki w parku.<br \/>\nDzi\u0119ki najwy\u017cszej jako\u015bci materia\u0142om, eleganckiemu wzornictwu i wygodzie oszcz\u0119dzania miejsca, Jogo+ zapewnia wydajno\u015b\u0107 bez kompromis\u00f3w.<br \/>\n<strong>Odkryj swojego idealnego towarzysza podr\u00f3\u017cy ju\u017c dzi\u015b!<\/strong><\/p>\n","protected":false},"featured_media":19204,"comment_status":"closed","ping_status":"closed","template":"","meta":{"_acf_changed":false,"_seopress_robots_primary_cat":"none","_seopress_titles_title":"","_seopress_titles_desc":"","_seopress_robots_index":""},"product_brand":[],"product_cat":[237],"product_tag":[],"class_list":{"0":"post-20151","1":"product","2":"type-product","3":"status-publish","4":"has-post-thumbnail","6":"product_cat-wozki-spacerowe","8":"first","9":"instock","10":"taxable","11":"shipping-taxable","12":"purchasable","13":"product-type-variable","14":"has-default-attributes","15":"rtwpvg-product"},"acf":[],"_links":{"self":[{"href":"https:\/\/tutis.lt\/pl\/wp-json\/wp\/v2\/product\/20151","targetHints":{"allow":["GET"]}}],"collection":[{"href":"https:\/\/tutis.lt\/pl\/wp-json\/wp\/v2\/product"}],"about":[{"href":"https:\/\/tutis.lt\/pl\/wp-json\/wp\/v2\/types\/product"}],"replies":[{"embeddable":true,"href":"https:\/\/tutis.lt\/pl\/wp-json\/wp\/v2\/comments?post=20151"}],"wp:featuredmedia":[{"embeddable":true,"href":"https:\/\/tutis.lt\/pl\/wp-json\/wp\/v2\/media\/19204"}],"wp:attachment":[{"href":"https:\/\/tutis.lt\/pl\/wp-json\/wp\/v2\/media?parent=20151"}],"wp:term":[{"taxonomy":"product_brand","embeddable":true,"href":"https:\/\/tutis.lt\/pl\/wp-json\/wp\/v2\/product_brand?post=20151"},{"taxonomy":"product_cat","embeddable":true,"href":"https:\/\/tutis.lt\/pl\/wp-json\/wp\/v2\/product_cat?post=20151"},{"taxonomy":"product_tag","embeddable":true,"href":"https:\/\/tutis.lt\/pl\/wp-json\/wp\/v2\/product_tag?post=20151"}],"curies":[{"name":"wp","href":"https:\/\/api.w.org\/{rel}","templated":true}]}}