{"id":20136,"date":"2025-07-18T10:01:24","date_gmt":"2025-07-18T07:01:24","guid":{"rendered":"https:\/\/tutis.lt\/product\/wkladka-dla-noworodka\/"},"modified":"2025-07-18T10:01:24","modified_gmt":"2025-07-18T07:01:24","slug":"wkladka-dla-noworodka","status":"publish","type":"product","link":"https:\/\/tutis.lt\/pl\/produkt\/wkladka-dla-noworodka\/","title":{"rendered":"Wk\u0142adka dla noworodka"},"content":{"rendered":"","protected":false},"excerpt":{"rendered":"<p>Wk\u0142adka Newborn Inlay zapewnia dodatkow\u0105 ochron\u0119 i wygod\u0119 podczas pierwszych podr\u00f3\u017cy dziecka. \u0141atwo montuje si\u0119 j\u0105 w siedzisku w\u00f3zka, tworz\u0105c przytuln\u0105, p\u0142ask\u0105 powierzchni\u0119 idealn\u0105 dla noworodk\u00f3w. <\/p>\n<p>Zintegrowana <strong>technologia SENSORY<\/strong> TECH promuje wczesny rozw\u00f3j sensoryczny, a tkanina z ochron\u0105 antybakteryjn\u0105 <strong>SILVER-ION\u2122<\/strong> zapewnia \u015bwie\u017co\u015b\u0107 i bezpiecze\u0144stwo.<\/p>\n<p>Odpowiedni od urodzenia do 6 miesi\u0119cy.<\/p>\n","protected":false},"featured_media":19564,"comment_status":"closed","ping_status":"closed","template":"","meta":{"_acf_changed":false,"_seopress_robots_primary_cat":"none","_seopress_titles_title":"","_seopress_titles_desc":"","_seopress_robots_index":""},"product_brand":[],"product_cat":[239],"product_tag":[],"class_list":{"0":"post-20136","1":"product","2":"type-product","3":"status-publish","4":"has-post-thumbnail","6":"product_cat-akcesoria","7":"product_shipping_class-accessories","9":"first","10":"instock","11":"taxable","12":"shipping-taxable","13":"purchasable","14":"product-type-simple"},"acf":[],"_links":{"self":[{"href":"https:\/\/tutis.lt\/pl\/wp-json\/wp\/v2\/product\/20136","targetHints":{"allow":["GET"]}}],"collection":[{"href":"https:\/\/tutis.lt\/pl\/wp-json\/wp\/v2\/product"}],"about":[{"href":"https:\/\/tutis.lt\/pl\/wp-json\/wp\/v2\/types\/product"}],"replies":[{"embeddable":true,"href":"https:\/\/tutis.lt\/pl\/wp-json\/wp\/v2\/comments?post=20136"}],"wp:featuredmedia":[{"embeddable":true,"href":"https:\/\/tutis.lt\/pl\/wp-json\/wp\/v2\/media\/19564"}],"wp:attachment":[{"href":"https:\/\/tutis.lt\/pl\/wp-json\/wp\/v2\/media?parent=20136"}],"wp:term":[{"taxonomy":"product_brand","embeddable":true,"href":"https:\/\/tutis.lt\/pl\/wp-json\/wp\/v2\/product_brand?post=20136"},{"taxonomy":"product_cat","embeddable":true,"href":"https:\/\/tutis.lt\/pl\/wp-json\/wp\/v2\/product_cat?post=20136"},{"taxonomy":"product_tag","embeddable":true,"href":"https:\/\/tutis.lt\/pl\/wp-json\/wp\/v2\/product_tag?post=20136"}],"curies":[{"name":"wp","href":"https:\/\/api.w.org\/{rel}","templated":true}]}}