{"id":19928,"date":"2024-08-15T11:59:53","date_gmt":"2024-08-15T11:59:53","guid":{"rendered":"https:\/\/tutis.lt\/product\/torba-podrozna-tutis-jogo\/"},"modified":"2025-08-21T15:19:53","modified_gmt":"2025-08-21T12:19:53","slug":"torba-podrozna-tutis-jogo","status":"publish","type":"product","link":"https:\/\/tutis.lt\/pl\/produkt\/torba-podrozna-tutis-jogo\/","title":{"rendered":"Torba podr\u00f3\u017cna Tutis JOGO"},"content":{"rendered":"\t\t<div data-elementor-type=\"wp-post\" data-elementor-id=\"19928\" class=\"elementor elementor-19928 elementor-4428\" data-elementor-post-type=\"product\">\n\t\t\t\t<div class=\"elementor-element elementor-element-35b8a76 bfr_buy_sect e-flex e-con-boxed e-con e-parent\" data-id=\"35b8a76\" data-element_type=\"container\" data-e-type=\"container\">\n\t\t\t\t\t<div class=\"e-con-inner\">\n\t\t<div class=\"elementor-element elementor-element-59ba533 e-con-full cus_wdt e-flex e-con e-child\" data-id=\"59ba533\" data-element_type=\"container\" data-e-type=\"container\">\n\t\t\t\t<div class=\"elementor-element elementor-element-c9dc114 ftr_head elementor-widget elementor-widget-heading\" data-id=\"c9dc114\" data-element_type=\"widget\" data-e-type=\"widget\" data-widget_type=\"heading.default\">\n\t\t\t\t<div class=\"elementor-widget-container\">\n\t\t\t\t\t<h2 class=\"elementor-heading-title elementor-size-default\">Cechy<\/h2>\t\t\t\t<\/div>\n\t\t\t\t<\/div>\n\t\t\t\t<div class=\"elementor-element elementor-element-00a5176 elementor-position-inline-start elementor-mobile-position-inline-start elementor-view-default elementor-widget elementor-widget-icon-box\" data-id=\"00a5176\" data-element_type=\"widget\" data-e-type=\"widget\" data-widget_type=\"icon-box.default\">\n\t\t\t\t<div class=\"elementor-widget-container\">\n\t\t\t\t\t\t\t<div class=\"elementor-icon-box-wrapper\">\n\n\t\t\t\t\t\t<div class=\"elementor-icon-box-icon\">\n\t\t\t\t<span  class=\"elementor-icon\">\n\t\t\t\t\t\t\t\t<\/span>\n\t\t\t<\/div>\n\t\t\t\n\t\t\t\t\t\t<div class=\"elementor-icon-box-content\">\n\n\t\t\t\t\t\t\t\t\t<h3 class=\"elementor-icon-box-title\">\n\t\t\t\t\t\t<span  >\n\t\t\t\t\t\t\tIdealne dopasowanie dla Tutis JOGO\t\t\t\t\t\t<\/span>\n\t\t\t\t\t<\/h3>\n\t\t\t\t\n\t\t\t\t\t\t\t\t\t<p class=\"elementor-icon-box-description\">\n\t\t\t\t\t\tZaprojektowana, aby idealnie pasowa\u0107 do w\u00f3zka Tutis JOGO, ta torba podr\u00f3\u017cna zapewnia bezpieczne i dok\u0142adne zamkni\u0119cie. Jest r\u00f3wnie\u017c wystarczaj\u0105co wszechstronna, aby pomie\u015bci\u0107 inne w\u00f3zki o podobnych wymiarach po z\u0142o\u017ceniu. \t\t\t\t\t<\/p>\n\t\t\t\t\n\t\t\t<\/div>\n\t\t\t\n\t\t<\/div>\n\t\t\t\t\t\t<\/div>\n\t\t\t\t<\/div>\n\t\t\t\t<div class=\"elementor-element elementor-element-cfa9bef elementor-position-inline-start elementor-mobile-position-inline-start elementor-view-default elementor-widget elementor-widget-icon-box\" data-id=\"cfa9bef\" data-element_type=\"widget\" data-e-type=\"widget\" data-widget_type=\"icon-box.default\">\n\t\t\t\t<div class=\"elementor-widget-container\">\n\t\t\t\t\t\t\t<div class=\"elementor-icon-box-wrapper\">\n\n\t\t\t\t\t\t<div class=\"elementor-icon-box-icon\">\n\t\t\t\t<span  class=\"elementor-icon\">\n\t\t\t\t\t\t\t\t<\/span>\n\t\t\t<\/div>\n\t\t\t\n\t\t\t\t\t\t<div class=\"elementor-icon-box-content\">\n\n\t\t\t\t\t\t\t\t\t<h3 class=\"elementor-icon-box-title\">\n\t\t\t\t\t\t<span  >\n\t\t\t\t\t\t\tOchrona podczas podr\u00f3\u017cy\t\t\t\t\t\t<\/span>\n\t\t\t\t\t<\/h3>\n\t\t\t\t\n\t\t\t\t\t\t\t\t\t<p class=\"elementor-icon-box-description\">\n\t\t\t\t\t\tTorba chroni w\u00f3zek przed brudem, kurzem i zadrapaniami, zapewniaj\u0105c jego nieskazitelny stan podczas transportu.\t\t\t\t\t<\/p>\n\t\t\t\t\n\t\t\t<\/div>\n\t\t\t\n\t\t<\/div>\n\t\t\t\t\t\t<\/div>\n\t\t\t\t<\/div>\n\t\t\t\t<div class=\"elementor-element elementor-element-cbab2fe elementor-position-inline-start elementor-mobile-position-inline-start elementor-view-default elementor-widget elementor-widget-icon-box\" data-id=\"cbab2fe\" data-element_type=\"widget\" data-e-type=\"widget\" data-widget_type=\"icon-box.default\">\n\t\t\t\t<div class=\"elementor-widget-container\">\n\t\t\t\t\t\t\t<div class=\"elementor-icon-box-wrapper\">\n\n\t\t\t\t\t\t<div class=\"elementor-icon-box-icon\">\n\t\t\t\t<span  class=\"elementor-icon\">\n\t\t\t\t\t\t\t\t<\/span>\n\t\t\t<\/div>\n\t\t\t\n\t\t\t\t\t\t<div class=\"elementor-icon-box-content\">\n\n\t\t\t\t\t\t\t\t\t<h3 class=\"elementor-icon-box-title\">\n\t\t\t\t\t\t<span  >\n\t\t\t\t\t\t\tWytrzyma\u0142e uchwyty\t\t\t\t\t\t<\/span>\n\t\t\t\t\t<\/h3>\n\t\t\t\t\n\t\t\t\t\t\t\t\t\t<p class=\"elementor-icon-box-description\">\n\t\t\t\t\t\tWyposa\u017cona w wytrzyma\u0142e uchwyty torba u\u0142atwia przenoszenie w\u00f3zka w dowolne miejsce, zapewniaj\u0105c zar\u00f3wno wygod\u0119, jak i niezawodno\u015b\u0107.\t\t\t\t\t<\/p>\n\t\t\t\t\n\t\t\t<\/div>\n\t\t\t\n\t\t<\/div>\n\t\t\t\t\t\t<\/div>\n\t\t\t\t<\/div>\n\t\t\t\t<div class=\"elementor-element elementor-element-9a1845b elementor-position-inline-start elementor-mobile-position-inline-start elementor-view-default elementor-widget elementor-widget-icon-box\" data-id=\"9a1845b\" data-element_type=\"widget\" data-e-type=\"widget\" data-widget_type=\"icon-box.default\">\n\t\t\t\t<div class=\"elementor-widget-container\">\n\t\t\t\t\t\t\t<div class=\"elementor-icon-box-wrapper\">\n\n\t\t\t\t\t\t<div class=\"elementor-icon-box-icon\">\n\t\t\t\t<span  class=\"elementor-icon\">\n\t\t\t\t\t\t\t\t<\/span>\n\t\t\t<\/div>\n\t\t\t\n\t\t\t\t\t\t<div class=\"elementor-icon-box-content\">\n\n\t\t\t\t\t\t\t\t\t<h3 class=\"elementor-icon-box-title\">\n\t\t\t\t\t\t<span  >\n\t\t\t\t\t\t\tKompaktowo\u015b\u0107 i oszcz\u0119dno\u015b\u0107 miejsca\t\t\t\t\t\t<\/span>\n\t\t\t\t\t<\/h3>\n\t\t\t\t\n\t\t\t\t\t\t\t\t\t<p class=\"elementor-icon-box-description\">\n\t\t\t\t\t\tGdy nie jest u\u017cywana, torba podr\u00f3\u017cna sk\u0142ada si\u0119 do niewielkich rozmiar\u00f3w, dzi\u0119ki czemu mo\u017cna j\u0105 \u0142atwo przechowywa\u0107 w samochodzie, poci\u0105gu, samolocie, a nawet w domowej szafie.\t\t\t\t\t<\/p>\n\t\t\t\t\n\t\t\t<\/div>\n\t\t\t\n\t\t<\/div>\n\t\t\t\t\t\t<\/div>\n\t\t\t\t<\/div>\n\t\t\t\t<\/div>\n\t\t\t\t\t<\/div>\n\t\t\t\t<\/div>\n\t\t<div class=\"elementor-element elementor-element-5452444 aft_buy_sect e-flex e-con-boxed e-con e-parent\" data-id=\"5452444\" data-element_type=\"container\" data-e-type=\"container\">\n\t\t\t\t\t<div class=\"e-con-inner\">\n\t\t<div class=\"elementor-element elementor-element-42a131f e-con-full cus_wdt e-flex e-con e-child\" data-id=\"42a131f\" data-element_type=\"container\" data-e-type=\"container\">\n\t\t\t\t<div class=\"elementor-element elementor-element-8ffad53 elementor-hidden-tablet elementor-hidden-mobile elementor-widget elementor-widget-image\" data-id=\"8ffad53\" data-element_type=\"widget\" data-e-type=\"widget\" data-widget_type=\"image.default\">\n\t\t\t\t<div class=\"elementor-widget-container\">\n\t\t\t\t\t\t\t\t\t\t\t\t\t\t\t<img decoding=\"async\" src=\"https:\/\/tutis.lt\/bllg_files\/2024\/08\/secured-payment-2.jpg\" title=\"\" alt=\"\" loading=\"lazy\" \/>\t\t\t\t\t\t\t\t\t\t\t\t\t\t\t<\/div>\n\t\t\t\t<\/div>\n\t\t\t\t<div class=\"elementor-element elementor-element-f459e8d elementor-hidden-desktop elementor-widget elementor-widget-image\" data-id=\"f459e8d\" data-element_type=\"widget\" data-e-type=\"widget\" data-widget_type=\"image.default\">\n\t\t\t\t<div class=\"elementor-widget-container\">\n\t\t\t\t\t\t\t\t\t\t\t\t\t\t\t<img decoding=\"async\" src=\"https:\/\/tutis.lt\/bllg_files\/2024\/07\/Frame-592.png\" title=\"\" alt=\"\" loading=\"lazy\" \/>\t\t\t\t\t\t\t\t\t\t\t\t\t\t\t<\/div>\n\t\t\t\t<\/div>\n\t\t\t\t<div class=\"elementor-element elementor-element-f01e7e7 sng_prd_popup elementor-widget elementor-widget-shortcode\" data-id=\"f01e7e7\" data-element_type=\"widget\" data-e-type=\"widget\" data-widget_type=\"shortcode.default\">\n\t\t\t\t<div class=\"elementor-widget-container\">\n\t\t\t\t\t\t\t<div class=\"elementor-shortcode\">[wpforms id=\"645\"]<\/div>\n\t\t\t\t\t\t<\/div>\n\t\t\t\t<\/div>\n\t\t<div class=\"elementor-element elementor-element-2158c24 e-con-full e-flex e-con e-child\" data-id=\"2158c24\" data-element_type=\"container\" data-e-type=\"container\">\n\t\t\t\t<div class=\"elementor-element elementor-element-9acbdad elementor-widget__width-auto elementor-mobile-align-justify elementor-widget-mobile__width-inherit elementor-tablet-align-justify elementor-widget-tablet__width-inherit elementor-align-left ico_btn elementor-widget elementor-widget-button\" data-id=\"9acbdad\" data-element_type=\"widget\" data-e-type=\"widget\" data-widget_type=\"button.default\">\n\t\t\t\t<div class=\"elementor-widget-container\">\n\t\t\t\t\t\t\t\t\t<div class=\"elementor-button-wrapper\">\n\t\t\t\t\t<a class=\"elementor-button elementor-button-link elementor-size-sm\" href=\"#\">\n\t\t\t\t\t\t<span class=\"elementor-button-content-wrapper\">\n\t\t\t\t\t\t<span class=\"elementor-button-icon\">\n\t\t\t\t\t\t\t<\/span>\n\t\t\t\t\t\t\t\t\t<span class=\"elementor-button-text\">Pobierz instrukcj\u0119 obs\u0142ugi<\/span>\n\t\t\t\t\t<\/span>\n\t\t\t\t\t<\/a>\n\t\t\t\t<\/div>\n\t\t\t\t\t\t\t\t<\/div>\n\t\t\t\t<\/div>\n\t\t\t\t<div class=\"elementor-element elementor-element-0051b61 elementor-widget__width-initial elementor-mobile-align-justify elementor-widget-mobile__width-inherit elementor-tablet-align-justify elementor-widget-tablet__width-inherit btn_form_popup elementor-align-justify elementor-widget elementor-widget-button\" data-id=\"0051b61\" data-element_type=\"widget\" data-e-type=\"widget\" data-widget_type=\"button.default\">\n\t\t\t\t<div class=\"elementor-widget-container\">\n\t\t\t\t\t\t\t\t\t<div class=\"elementor-button-wrapper\">\n\t\t\t\t\t<a class=\"elementor-button elementor-button-link elementor-size-sm\" href=\"#service_centre\">\n\t\t\t\t\t\t<span class=\"elementor-button-content-wrapper\">\n\t\t\t\t\t\t\t\t\t<span class=\"elementor-button-text\">Potrzebujesz pomocy?<\/span>\n\t\t\t\t\t<\/span>\n\t\t\t\t\t<\/a>\n\t\t\t\t<\/div>\n\t\t\t\t\t\t\t\t<\/div>\n\t\t\t\t<\/div>\n\t\t\t\t<\/div>\n\t\t\t\t<\/div>\n\t\t\t\t\t<\/div>\n\t\t\t\t<\/div>\n\t\t<div class=\"elementor-element elementor-element-9113357 e-flex e-con-boxed e-con e-parent\" data-id=\"9113357\" data-element_type=\"container\" data-e-type=\"container\">\n\t\t\t\t\t<div class=\"e-con-inner\">\n\t\t<div class=\"elementor-element elementor-element-d3e414a e-con-full e-flex e-con e-child\" data-id=\"d3e414a\" data-element_type=\"container\" data-e-type=\"container\">\n\t\t<div class=\"elementor-element elementor-element-a1a807c e-con-full e-flex e-con e-child\" data-id=\"a1a807c\" data-element_type=\"container\" data-e-type=\"container\">\n\t\t\t\t<div class=\"elementor-element elementor-element-b4eb698 elementor-widget elementor-widget-heading\" data-id=\"b4eb698\" data-element_type=\"widget\" data-e-type=\"widget\" data-widget_type=\"heading.default\">\n\t\t\t\t<div class=\"elementor-widget-container\">\n\t\t\t\t\t<h2 class=\"elementor-heading-title elementor-size-default\">Informacje o torbie podr\u00f3\u017cnej JOGO<\/h2>\t\t\t\t<\/div>\n\t\t\t\t<\/div>\n\t\t\t\t<div class=\"elementor-element elementor-element-5a51bc9 elementor-widget elementor-widget-text-editor\" data-id=\"5a51bc9\" data-element_type=\"widget\" data-e-type=\"widget\" data-widget_type=\"text-editor.default\">\n\t\t\t\t<div class=\"elementor-widget-container\">\n\t\t\t\t\t\t\t\t\t<p>Torba podr\u00f3\u017cna Tutis JOGO jest idealnym towarzyszem dla w\u00f3zka Tutis JOGO, oferuj\u0105c ochron\u0119 i wygod\u0119 podczas podr\u00f3\u017cy. Ta wytrzyma\u0142a i niezawodna torba zosta\u0142a specjalnie zaprojektowana, aby idealnie pasowa\u0107 do w\u00f3zka JOGO, ale po z\u0142o\u017ceniu mo\u017ce r\u00f3wnie\u017c pomie\u015bci\u0107 inne w\u00f3zki o podobnych wymiarach. Dzi\u0119ki wytrzyma\u0142ym uchwytom i kompaktowej konstrukcji zapewnia ochron\u0119 w\u00f3zka przed zabrudzeniami i zadrapaniami podczas transportu samochodem, poci\u0105giem lub samolotem.  <\/p>\t\t\t\t\t\t\t\t<\/div>\n\t\t\t\t<\/div>\n\t\t\t\t<\/div>\n\t\t<div class=\"elementor-element elementor-element-c304585 e-con-full e-flex e-con e-child\" data-id=\"c304585\" data-element_type=\"container\" data-e-type=\"container\">\n\t\t\t\t<div class=\"elementor-element elementor-element-f7ac56d elementor-widget elementor-widget-image\" data-id=\"f7ac56d\" data-element_type=\"widget\" data-e-type=\"widget\" data-widget_type=\"image.default\">\n\t\t\t\t<div class=\"elementor-widget-container\">\n\t\t\t\t\t\t\t\t\t\t\t\t\t\t\t<img fetchpriority=\"high\" decoding=\"async\" width=\"1024\" height=\"1024\" src=\"https:\/\/tutis.lt\/wp-content\/uploads\/2024\/08\/jogo_travel_bag-with-stroller.webp\" class=\"attachment-full size-full wp-image-14707\" alt=\"jogo_travel_bag\" srcset=\"https:\/\/tutis.lt\/wp-content\/uploads\/2024\/08\/jogo_travel_bag-with-stroller.webp 1024w, https:\/\/tutis.lt\/wp-content\/uploads\/2024\/08\/jogo_travel_bag-with-stroller-300x300.webp 300w, https:\/\/tutis.lt\/wp-content\/uploads\/2024\/08\/jogo_travel_bag-with-stroller-150x150.webp 150w, https:\/\/tutis.lt\/wp-content\/uploads\/2024\/08\/jogo_travel_bag-with-stroller-768x768.webp 768w, https:\/\/tutis.lt\/wp-content\/uploads\/2024\/08\/jogo_travel_bag-with-stroller-600x600.webp 600w, https:\/\/tutis.lt\/wp-content\/uploads\/2024\/08\/jogo_travel_bag-with-stroller-100x100.webp 100w\" sizes=\"(max-width: 1024px) 100vw, 1024px\" \/>\t\t\t\t\t\t\t\t\t\t\t\t\t\t\t<\/div>\n\t\t\t\t<\/div>\n\t\t\t\t<\/div>\n\t\t\t\t<\/div>\n\t\t\t\t\t<\/div>\n\t\t\t\t<\/div>\n\t\t<div class=\"elementor-element elementor-element-e9cd2e0 e-flex e-con-boxed e-con e-parent\" data-id=\"e9cd2e0\" data-element_type=\"container\" data-e-type=\"container\" data-settings=\"{&quot;background_background&quot;:&quot;classic&quot;}\">\n\t\t\t\t\t<div class=\"e-con-inner\">\n\t\t\t\t<div class=\"elementor-element elementor-element-23fd36f elementor-widget elementor-widget-heading\" data-id=\"23fd36f\" data-element_type=\"widget\" data-e-type=\"widget\" data-widget_type=\"heading.default\">\n\t\t\t\t<div class=\"elementor-widget-container\">\n\t\t\t\t\t<h2 class=\"elementor-heading-title elementor-size-default\">Specyfikacje<\/h2>\t\t\t\t<\/div>\n\t\t\t\t<\/div>\n\t\t<div class=\"elementor-element elementor-element-eda7f43 e-con-full e-flex e-con e-child\" data-id=\"eda7f43\" data-element_type=\"container\" data-e-type=\"container\">\n\t\t<div class=\"elementor-element elementor-element-11f5259 e-con-full e-grid e-con e-child\" data-id=\"11f5259\" data-element_type=\"container\" data-e-type=\"container\">\n\t\t<div class=\"elementor-element elementor-element-39a43b9 e-con-full e-flex e-con e-child\" data-id=\"39a43b9\" data-element_type=\"container\" data-e-type=\"container\">\n\t\t\t\t<div class=\"elementor-element elementor-element-6877a74 elementor-widget__width-initial elementor-widget elementor-widget-text-editor\" data-id=\"6877a74\" data-element_type=\"widget\" data-e-type=\"widget\" data-widget_type=\"text-editor.default\">\n\t\t\t\t<div class=\"elementor-widget-container\">\n\t\t\t\t\t\t\t\t\t<p><b>Wymiary<\/b><span style=\"font-weight: 400;\">71 cm x 78 cm<\/span><\/p><p><b>Waga<\/b><span style=\"font-weight: 400;\">: 0,3 kg<\/span><\/p><p><b>Materia\u0142<\/b><span style=\"font-weight: 400;\">: Lekka, ale wytrzyma\u0142a tkanina zaprojektowana z my\u015bl\u0105 o \u0142atwo\u015bci u\u017cytkowania i ochronie<\/span><\/p><p> <\/p><p><span style=\"font-weight: 400;\">Chro\u0144 sw\u00f3j w\u00f3zek Tutis JOGO i przygotuj go na ka\u017cd\u0105 podr\u00f3\u017c dzi\u0119ki torbie podr\u00f3\u017cnej Tutis JOGO &#8211; niezawodnemu rozwi\u0105zaniu do bezproblemowego transportu i przechowywania.<\/span><\/p>\t\t\t\t\t\t\t\t<\/div>\n\t\t\t\t<\/div>\n\t\t\t\t<\/div>\n\t\t\t\t<\/div>\n\t\t\t\t<\/div>\n\t\t<div class=\"elementor-element elementor-element-79846ba e-con-full e-flex e-con e-child\" data-id=\"79846ba\" data-element_type=\"container\" data-e-type=\"container\">\n\t\t\t\t<div class=\"elementor-element elementor-element-04692e7 btn_form_popup elementor-widget elementor-widget-button\" data-id=\"04692e7\" data-element_type=\"widget\" data-e-type=\"widget\" data-widget_type=\"button.default\">\n\t\t\t\t<div class=\"elementor-widget-container\">\n\t\t\t\t\t\t\t\t\t<div class=\"elementor-button-wrapper\">\n\t\t\t\t\t<a class=\"elementor-button elementor-size-sm\" role=\"button\">\n\t\t\t\t\t\t<span class=\"elementor-button-content-wrapper\">\n\t\t\t\t\t\t\t\t\t<span class=\"elementor-button-text\">Potrzebujesz pomocy?<\/span>\n\t\t\t\t\t<\/span>\n\t\t\t\t\t<\/a>\n\t\t\t\t<\/div>\n\t\t\t\t\t\t\t\t<\/div>\n\t\t\t\t<\/div>\n\t\t\t\t<\/div>\n\t\t\t\t\t<\/div>\n\t\t\t\t<\/div>\n\t\t<div class=\"elementor-element elementor-element-9ebadf3 e-flex e-con-boxed e-con e-parent\" data-id=\"9ebadf3\" data-element_type=\"container\" data-e-type=\"container\">\n\t\t\t\t\t<div class=\"e-con-inner\">\n\t\t<div class=\"elementor-element elementor-element-98e7ddb e-con-full e-flex e-con e-child\" data-id=\"98e7ddb\" data-element_type=\"container\" data-e-type=\"container\">\n\t\t\t\t<div class=\"elementor-element elementor-element-3530c26 elementor-widget elementor-widget-image\" data-id=\"3530c26\" data-element_type=\"widget\" data-e-type=\"widget\" data-widget_type=\"image.default\">\n\t\t\t\t<div class=\"elementor-widget-container\">\n\t\t\t\t\t\t\t\t\t\t\t\t\t\t\t<img decoding=\"async\" width=\"1440\" height=\"640\" src=\"https:\/\/tutis.lt\/wp-content\/uploads\/2024\/08\/Frame-607.png\" class=\"attachment-full size-full wp-image-14719\" alt=\"child002\" srcset=\"https:\/\/tutis.lt\/wp-content\/uploads\/2024\/08\/Frame-607.png 1440w, https:\/\/tutis.lt\/wp-content\/uploads\/2024\/08\/Frame-607-300x133.png 300w, https:\/\/tutis.lt\/wp-content\/uploads\/2024\/08\/Frame-607-1024x455.png 1024w, https:\/\/tutis.lt\/wp-content\/uploads\/2024\/08\/Frame-607-768x341.png 768w, https:\/\/tutis.lt\/wp-content\/uploads\/2024\/08\/Frame-607-600x267.png 600w\" sizes=\"(max-width: 1440px) 100vw, 1440px\" \/>\t\t\t\t\t\t\t\t\t\t\t\t\t\t\t<\/div>\n\t\t\t\t<\/div>\n\t\t\t\t<\/div>\n\t\t<div class=\"elementor-element elementor-element-83ae565 e-con-full e-flex e-con e-child\" data-id=\"83ae565\" data-element_type=\"container\" data-e-type=\"container\">\n\t\t<div class=\"elementor-element elementor-element-8d6e4c7 e-grid e-con-full e-con e-child\" data-id=\"8d6e4c7\" data-element_type=\"container\" data-e-type=\"container\">\n\t\t\t\t<div class=\"elementor-element elementor-element-515312b elementor-widget elementor-widget-heading\" data-id=\"515312b\" data-element_type=\"widget\" data-e-type=\"widget\" data-widget_type=\"heading.default\">\n\t\t\t\t<div class=\"elementor-widget-container\">\n\t\t\t\t\t<h2 class=\"elementor-heading-title elementor-size-default\">Opakowanie wielokrotnego u\u017cytku i w\u0142\u0105czona zielona energia<\/h2>\t\t\t\t<\/div>\n\t\t\t\t<\/div>\n\t\t<div class=\"elementor-element elementor-element-ad2f6ee e-con-full e-flex e-con e-child\" data-id=\"ad2f6ee\" data-element_type=\"container\" data-e-type=\"container\">\n\t\t\t\t<div class=\"elementor-element elementor-element-c4d66c7 elementor-widget elementor-widget-text-editor\" data-id=\"c4d66c7\" data-element_type=\"widget\" data-e-type=\"widget\" data-widget_type=\"text-editor.default\">\n\t\t\t\t<div class=\"elementor-widget-container\">\n\t\t\t\t\t\t\t\t\t<p>Podwajamy moc naszej farmy paneli s\u0142onecznych, stawiaj\u0105c na zr\u00f3wnowa\u017cony rozw\u00f3j i innowacje. Wykorzystuj\u0105c energi\u0119 s\u0142oneczn\u0105, wywieramy znacz\u0105cy wp\u0142yw na \u015brodowisko. <\/p>\t\t\t\t\t\t\t\t<\/div>\n\t\t\t\t<\/div>\n\t\t\t\t<div class=\"elementor-element elementor-element-56c05c7 elementor-widget elementor-widget-text-editor\" data-id=\"56c05c7\" data-element_type=\"widget\" data-e-type=\"widget\" data-widget_type=\"text-editor.default\">\n\t\t\t\t<div class=\"elementor-widget-container\">\n\t\t\t\t\t\t\t\t\t<p>Do tej pory nasze wysi\u0142ki zapobieg\u0142y spaleniu ponad 82 000 kg w\u0119gla i emisji 97 500 kg CO2, co odpowiada posadzeniu 134 drzew. Razem budujmy czystsz\u0105, bardziej ekologiczn\u0105 Litw\u0119 i bardziej ekologiczn\u0105 Europ\u0119! \ud83c\udf1e\ud83c\udf33  <\/p>\t\t\t\t\t\t\t\t<\/div>\n\t\t\t\t<\/div>\n\t\t\t\t<\/div>\n\t\t<div class=\"elementor-element elementor-element-e4aeb2e e-grid e-con-full e-con e-child\" data-id=\"e4aeb2e\" data-element_type=\"container\" data-e-type=\"container\">\n\t\t\t\t<\/div>\n\t\t<div class=\"elementor-element elementor-element-74b172b e-grid e-con-full e-con e-child\" data-id=\"74b172b\" data-element_type=\"container\" data-e-type=\"container\">\n\t\t<div class=\"elementor-element elementor-element-aad3697 e-con-full e-flex e-con e-child\" data-id=\"aad3697\" data-element_type=\"container\" data-e-type=\"container\">\n\t\t\t\t<div class=\"elementor-element elementor-element-94d5b29 elementor-widget elementor-widget-heading\" data-id=\"94d5b29\" data-element_type=\"widget\" data-e-type=\"widget\" data-widget_type=\"heading.default\">\n\t\t\t\t<div class=\"elementor-widget-container\">\n\t\t\t\t\t<h2 class=\"elementor-heading-title elementor-size-default\">82 000 +<\/h2>\t\t\t\t<\/div>\n\t\t\t\t<\/div>\n\t\t\t\t<div class=\"elementor-element elementor-element-8414bb7 elementor-widget elementor-widget-text-editor\" data-id=\"8414bb7\" data-element_type=\"widget\" data-e-type=\"widget\" data-widget_type=\"text-editor.default\">\n\t\t\t\t<div class=\"elementor-widget-container\">\n\t\t\t\t\t\t\t\t\t<p>Zapobiegany w\u0119giel<\/p>\t\t\t\t\t\t\t\t<\/div>\n\t\t\t\t<\/div>\n\t\t\t\t<\/div>\n\t\t<div class=\"elementor-element elementor-element-90bfc70 e-con-full e-flex e-con e-child\" data-id=\"90bfc70\" data-element_type=\"container\" data-e-type=\"container\">\n\t\t\t\t<div class=\"elementor-element elementor-element-46a736a elementor-widget elementor-widget-heading\" data-id=\"46a736a\" data-element_type=\"widget\" data-e-type=\"widget\" data-widget_type=\"heading.default\">\n\t\t\t\t<div class=\"elementor-widget-container\">\n\t\t\t\t\t<h2 class=\"elementor-heading-title elementor-size-default\">97 500 +<\/h2>\t\t\t\t<\/div>\n\t\t\t\t<\/div>\n\t\t\t\t<div class=\"elementor-element elementor-element-c059542 elementor-widget elementor-widget-text-editor\" data-id=\"c059542\" data-element_type=\"widget\" data-e-type=\"widget\" data-widget_type=\"text-editor.default\">\n\t\t\t\t<div class=\"elementor-widget-container\">\n\t\t\t\t\t\t\t\t\t<p>Unikni\u0119ta emisja CO2<\/p>\t\t\t\t\t\t\t\t<\/div>\n\t\t\t\t<\/div>\n\t\t\t\t<\/div>\n\t\t\t\t<\/div>\n\t\t\t\t<\/div>\n\t\t\t\t<\/div>\n\t\t\t\t\t<\/div>\n\t\t\t\t<\/div>\n\t\t<div class=\"elementor-element elementor-element-d1730ac e-flex e-con-boxed e-con e-parent\" data-id=\"d1730ac\" data-element_type=\"container\" data-e-type=\"container\">\n\t\t\t\t\t<div class=\"e-con-inner\">\n\t\t\t\t\t<\/div>\n\t\t\t\t<\/div>\n\t\t\t\t<\/div>\n\t\t","protected":false},"excerpt":{"rendered":"<p>Torba podr\u00f3\u017cna Tutis JOGO jest idealnym towarzyszem dla w\u00f3zk\u00f3w Tutis JOGO, JOGO+, oferuj\u0105c ochron\u0119 i wygod\u0119 podczas podr\u00f3\u017cy. Ta wytrzyma\u0142a i niezawodna torba zosta\u0142a specjalnie zaprojektowana, aby idealnie pasowa\u0107 do w\u00f3zk\u00f3w JOGO, JOGO+, ale mo\u017ce r\u00f3wnie\u017c pomie\u015bci\u0107 inne w\u00f3zki o podobnych wymiarach po z\u0142o\u017ceniu. Dzi\u0119ki wytrzyma\u0142ym uchwytom i kompaktowej konstrukcji zapewnia ochron\u0119 w\u00f3zka przed zabrudzeniami i zarysowaniami podczas transportu samochodem, poci\u0105giem lub samolotem.  <\/p>\n","protected":false},"featured_media":17475,"comment_status":"closed","ping_status":"closed","template":"","meta":{"_acf_changed":false,"_seopress_robots_primary_cat":"none","_seopress_titles_title":"","_seopress_titles_desc":"","_seopress_robots_index":""},"product_brand":[],"product_cat":[239],"product_tag":[],"class_list":{"0":"post-19928","1":"product","2":"type-product","3":"status-publish","4":"has-post-thumbnail","6":"product_cat-akcesoria","7":"product_shipping_class-accessories","9":"first","10":"instock","11":"taxable","12":"shipping-taxable","13":"purchasable","14":"product-type-simple"},"acf":[],"_links":{"self":[{"href":"https:\/\/tutis.lt\/pl\/wp-json\/wp\/v2\/product\/19928","targetHints":{"allow":["GET"]}}],"collection":[{"href":"https:\/\/tutis.lt\/pl\/wp-json\/wp\/v2\/product"}],"about":[{"href":"https:\/\/tutis.lt\/pl\/wp-json\/wp\/v2\/types\/product"}],"replies":[{"embeddable":true,"href":"https:\/\/tutis.lt\/pl\/wp-json\/wp\/v2\/comments?post=19928"}],"wp:featuredmedia":[{"embeddable":true,"href":"https:\/\/tutis.lt\/pl\/wp-json\/wp\/v2\/media\/17475"}],"wp:attachment":[{"href":"https:\/\/tutis.lt\/pl\/wp-json\/wp\/v2\/media?parent=19928"}],"wp:term":[{"taxonomy":"product_brand","embeddable":true,"href":"https:\/\/tutis.lt\/pl\/wp-json\/wp\/v2\/product_brand?post=19928"},{"taxonomy":"product_cat","embeddable":true,"href":"https:\/\/tutis.lt\/pl\/wp-json\/wp\/v2\/product_cat?post=19928"},{"taxonomy":"product_tag","embeddable":true,"href":"https:\/\/tutis.lt\/pl\/wp-json\/wp\/v2\/product_tag?post=19928"}],"curies":[{"name":"wp","href":"https:\/\/api.w.org\/{rel}","templated":true}]}}