{"id":20133,"date":"2025-03-14T11:16:34","date_gmt":"2025-03-14T09:16:34","guid":{"rendered":"https:\/\/tutis.lt\/zasady-newslettera\/"},"modified":"2025-08-22T11:37:49","modified_gmt":"2025-08-22T08:37:49","slug":"zasady-newslettera","status":"publish","type":"page","link":"https:\/\/tutis.lt\/pl\/zasady-newslettera\/","title":{"rendered":"Zasady newslettera"},"content":{"rendered":"\t\t<div data-elementor-type=\"wp-page\" data-elementor-id=\"20133\" class=\"elementor elementor-20133 elementor-12860\" data-elementor-post-type=\"page\">\n\t\t\t\t<section class=\"elementor-element elementor-element-43a0905 e-flex e-con-boxed e-con e-parent\" data-id=\"43a0905\" data-element_type=\"container\" data-e-type=\"container\" data-settings=\"{&quot;background_background&quot;:&quot;classic&quot;}\">\n\t\t\t\t\t<div class=\"e-con-inner\">\n\t\t<div class=\"elementor-element elementor-element-468c6ca e-con-full e-flex e-con e-child\" data-id=\"468c6ca\" data-element_type=\"container\" data-e-type=\"container\">\n\t\t<div class=\"elementor-element elementor-element-721f1ee e-con-full e-flex e-con e-child\" data-id=\"721f1ee\" data-element_type=\"container\" data-e-type=\"container\">\n\t\t\t\t<\/div>\n\t\t\t\t<div class=\"elementor-element elementor-element-805b825 elementor-widget elementor-widget-text-editor\" data-id=\"805b825\" data-element_type=\"widget\" data-e-type=\"widget\" data-widget_type=\"text-editor.default\">\n\t\t\t\t<div class=\"elementor-widget-container\">\n\t\t\t\t\t\t\t\t\tData wej\u015bcia w \u017cycie 2025-03-14. W przypadku aktualizacji zasad poinformujemy Ci\u0119 o tym za po\u015brednictwem poczty elektronicznej. \n\t\t\t\t\t\t\t\t<\/div>\n\t\t\t\t<\/div>\n\t\t\t\t<div class=\"elementor-element elementor-element-cf4ba33 elementor-widget elementor-widget-text-editor\" data-id=\"cf4ba33\" data-element_type=\"widget\" data-e-type=\"widget\" data-widget_type=\"text-editor.default\">\n\t\t\t\t<div class=\"elementor-widget-container\">\n\t\t\t\t\t\t\t\t\tUAB &#8222;Tututis&#8221;, z siedzib\u0105 w Raudondvario pl. 127, Kowno, Litwa, dzi\u0119kujemy za zainteresowanie naszym newsletterem. Ochrona Twoich danych osobowych jest dla nas bardzo wa\u017cna. Przetwarzamy dane zgodnie z przepisami europejskiego og\u00f3lnego rozporz\u0105dzenia o ochronie danych (RODO) oraz przepisami prawa Republiki Litewskiej.  \n\t\t\t\t\t\t\t\t<\/div>\n\t\t\t\t<\/div>\n\t\t\t\t<div class=\"elementor-element elementor-element-66e3c3b elementor-widget elementor-widget-text-editor\" data-id=\"66e3c3b\" data-element_type=\"widget\" data-e-type=\"widget\" data-widget_type=\"text-editor.default\">\n\t\t\t\t<div class=\"elementor-widget-container\">\n\t\t\t\t\t\t\t\t\tPoni\u017cej chcieliby\u015bmy poinformowa\u0107 o rodzaju danych osobowych przetwarzanych podczas korzystania z newslettera naszej strony internetowej www.tutis.lt.\t\t\t\t\t\t\t\t<\/div>\n\t\t\t\t<\/div>\n\t\t\t\t<\/div>\n\t\t<div class=\"elementor-element elementor-element-a311efd e-con-full e-flex e-con e-child\" data-id=\"a311efd\" data-element_type=\"container\" data-e-type=\"container\">\n\t\t\t\t<div class=\"elementor-element elementor-element-9490a3f elementor-widget elementor-widget-heading\" data-id=\"9490a3f\" data-element_type=\"widget\" data-e-type=\"widget\" data-widget_type=\"heading.default\">\n\t\t\t\t<div class=\"elementor-widget-container\">\n\t\t\t\t\t<h2 class=\"elementor-heading-title elementor-size-default\">1. Administrator danych<\/h2>\t\t\t\t<\/div>\n\t\t\t\t<\/div>\n\t\t\t\t<div class=\"elementor-element elementor-element-66ae40a elementor-widget elementor-widget-text-editor\" data-id=\"66ae40a\" data-element_type=\"widget\" data-e-type=\"widget\" data-widget_type=\"text-editor.default\">\n\t\t\t\t<div class=\"elementor-widget-container\">\n\t\t\t\t\t\t\t\t\tAdministratorem przetwarzania danych jest UAB &#8222;Tututis&#8221; z siedzib\u0105 w Raudondvario pl. 127, Kowno, Litwa. Nasze dane kontaktowe s\u0105 nast\u0119puj\u0105ce: \t\t\t\t\t\t\t\t<\/div>\n\t\t\t\t<\/div>\n\t\t\t\t<div class=\"elementor-element elementor-element-4db4c97 elementor-widget elementor-widget-text-editor\" data-id=\"4db4c97\" data-element_type=\"widget\" data-e-type=\"widget\" data-widget_type=\"text-editor.default\">\n\t\t\t\t<div class=\"elementor-widget-container\">\n\t\t\t\t\t\t\t\t\t<strong>UAB &#8222;Tututis<\/strong><strong>&#8222;<\/strong>\n<strong>Kod firmy:<\/strong> 135922996\n<strong>Adres:<\/strong> Raudondvario pl. 127, Kowno, Litwa\n<strong>E-mail<\/strong>:<a style=\"color: #c4d1c4;\" href=\"mailto:support@tutis.lt\"> support@tutis.lt<\/a>\t\t\t\t\t\t\t\t<\/div>\n\t\t\t\t<\/div>\n\t\t\t\t<\/div>\n\t\t<div class=\"elementor-element elementor-element-d25351f e-con-full e-flex e-con e-child\" data-id=\"d25351f\" data-element_type=\"container\" data-e-type=\"container\">\n\t\t\t\t<div class=\"elementor-element elementor-element-375ab15 elementor-widget elementor-widget-heading\" data-id=\"375ab15\" data-element_type=\"widget\" data-e-type=\"widget\" data-widget_type=\"heading.default\">\n\t\t\t\t<div class=\"elementor-widget-container\">\n\t\t\t\t\t<h2 class=\"elementor-heading-title elementor-size-default\">2. Gromadzenie danych u\u017cytkownika<\/h2>\t\t\t\t<\/div>\n\t\t\t\t<\/div>\n\t\t\t\t<div class=\"elementor-element elementor-element-6e84e51 elementor-widget elementor-widget-text-editor\" data-id=\"6e84e51\" data-element_type=\"widget\" data-e-type=\"widget\" data-widget_type=\"text-editor.default\">\n\t\t\t\t<div class=\"elementor-widget-container\">\n\t\t\t\t\t\t\t\t\tSubskrybuj\u0105c nasz biuletyn, podajesz nam adres e-mail, na kt\u00f3ry b\u0119dziemy wysy\u0142a\u0107 Ci nasz biuletyn, dlatego gromadzimy podany adres e-mail jako dane.\t\t\t\t\t\t\t\t<\/div>\n\t\t\t\t<\/div>\n\t\t\t\t<\/div>\n\t\t<div class=\"elementor-element elementor-element-113e48c e-con-full e-flex e-con e-child\" data-id=\"113e48c\" data-element_type=\"container\" data-e-type=\"container\">\n\t\t\t\t<div class=\"elementor-element elementor-element-b2dbb7b elementor-widget elementor-widget-heading\" data-id=\"b2dbb7b\" data-element_type=\"widget\" data-e-type=\"widget\" data-widget_type=\"heading.default\">\n\t\t\t\t<div class=\"elementor-widget-container\">\n\t\t\t\t\t<h2 class=\"elementor-heading-title elementor-size-default\">3. Tre\u015b\u0107 biuletynu<\/h2>\t\t\t\t<\/div>\n\t\t\t\t<\/div>\n\t\t\t\t<div class=\"elementor-element elementor-element-e8979a9 elementor-widget elementor-widget-text-editor\" data-id=\"e8979a9\" data-element_type=\"widget\" data-e-type=\"widget\" data-widget_type=\"text-editor.default\">\n\t\t\t\t<div class=\"elementor-widget-container\">\n\t\t\t\t\t\t\t\t\tNasz newsletter zawiera wiadomo\u015bci o naszych najnowszych produktach i obowi\u0105zuj\u0105cych rabatach, w tym inne informacje zwi\u0105zane z nasz\u0105 mark\u0105 i stron\u0105 internetow\u0105, kt\u00f3re b\u0119d\u0105 wysy\u0142ane z adresu e-mail jokubas@tututis.lt .\t\t\t\t\t\t\t\t<\/div>\n\t\t\t\t<\/div>\n\t\t\t\t<\/div>\n\t\t<div class=\"elementor-element elementor-element-30a1eaa e-con-full e-flex e-con e-child\" data-id=\"30a1eaa\" data-element_type=\"container\" data-e-type=\"container\">\n\t\t\t\t<div class=\"elementor-element elementor-element-8fa0057 elementor-widget elementor-widget-heading\" data-id=\"8fa0057\" data-element_type=\"widget\" data-e-type=\"widget\" data-widget_type=\"heading.default\">\n\t\t\t\t<div class=\"elementor-widget-container\">\n\t\t\t\t\t<h2 class=\"elementor-heading-title elementor-size-default\">4. Podstawa prawna i okres przetwarzania danych\n<\/h2>\t\t\t\t<\/div>\n\t\t\t\t<\/div>\n\t\t\t\t<div class=\"elementor-element elementor-element-f058b29 elementor-widget elementor-widget-text-editor\" data-id=\"f058b29\" data-element_type=\"widget\" data-e-type=\"widget\" data-widget_type=\"text-editor.default\">\n\t\t\t\t<div class=\"elementor-widget-container\">\n\t\t\t\t\t\t\t\t\tArtyku\u0142 6 (1) (f) RODO &#8211; przetwarzanie (danych) jest niezb\u0119dne do cel\u00f3w wynikaj\u0105cych z prawnie uzasadnionych interes\u00f3w realizowanych przez administratora lub przez stron\u0119 trzeci\u0105. B\u0119dziemy przetwarza\u0107 podane przez Ciebie dane, dop\u00f3ki nie wyrazisz sprzeciwu wobec ich gromadzenia. \t\t\t\t\t\t\t\t<\/div>\n\t\t\t\t<\/div>\n\t\t\t\t<\/div>\n\t\t<div class=\"elementor-element elementor-element-5c32597 e-con-full e-flex e-con e-child\" data-id=\"5c32597\" data-element_type=\"container\" data-e-type=\"container\">\n\t\t\t\t<div class=\"elementor-element elementor-element-1d61658 elementor-widget elementor-widget-heading\" data-id=\"1d61658\" data-element_type=\"widget\" data-e-type=\"widget\" data-widget_type=\"heading.default\">\n\t\t\t\t<div class=\"elementor-widget-container\">\n\t\t\t\t\t<h2 class=\"elementor-heading-title elementor-size-default\">5. Prawa u\u017cytkownika\n<\/h2>\t\t\t\t<\/div>\n\t\t\t\t<\/div>\n\t\t\t\t<div class=\"elementor-element elementor-element-7882fc7 elementor-widget elementor-widget-text-editor\" data-id=\"7882fc7\" data-element_type=\"widget\" data-e-type=\"widget\" data-widget_type=\"text-editor.default\">\n\t\t\t\t<div class=\"elementor-widget-container\">\n\t\t\t\t\t\t\t\t\t<p><strong>U\u017cytkownik ma prawo do:<\/strong><br>dost\u0119pu do swoich danych;<br>zmiany swoich danych;<br>usuni\u0119cia swoich danych z naszej bazy danych;<br>ograniczenia przetwarzania swoich danych;<br>sprzeciwu wobec przetwarzania swoich danych.<\/p>\t\t\t\t\t\t\t\t<\/div>\n\t\t\t\t<\/div>\n\t\t\t\t<\/div>\n\t\t<div class=\"elementor-element elementor-element-031f9c9 e-con-full e-flex e-con e-child\" data-id=\"031f9c9\" data-element_type=\"container\" data-e-type=\"container\">\n\t\t\t\t<div class=\"elementor-element elementor-element-10e14fa elementor-widget elementor-widget-heading\" data-id=\"10e14fa\" data-element_type=\"widget\" data-e-type=\"widget\" data-widget_type=\"heading.default\">\n\t\t\t\t<div class=\"elementor-widget-container\">\n\t\t\t\t\t<h2 class=\"elementor-heading-title elementor-size-default\">6. Kontakt z inspektorem ochrony danych\n<\/h2>\t\t\t\t<\/div>\n\t\t\t\t<\/div>\n\t\t\t\t<div class=\"elementor-element elementor-element-39390e5 elementor-widget elementor-widget-text-editor\" data-id=\"39390e5\" data-element_type=\"widget\" data-e-type=\"widget\" data-widget_type=\"text-editor.default\">\n\t\t\t\t<div class=\"elementor-widget-container\">\n\t\t\t\t\t\t\t\t\tW przypadku korzystania z praw do ochrony danych lub jakichkolwiek pyta\u0144 dotycz\u0105cych przetwarzania danych, sugestii lub skarg, prosimy o kontakt z naszym inspektorem ochrony danych za po\u015brednictwem poczty elektronicznej <a style=\"color: #c4d1c4;\" href=\"mailto:juristas@tututis.lt\">juristas@tututis.lt<\/a>.\t\t\t\t\t\t\t\t<\/div>\n\t\t\t\t<\/div>\n\t\t\t\t<\/div>\n\t\t<div class=\"elementor-element elementor-element-4b45438 e-con-full e-flex e-con e-child\" data-id=\"4b45438\" data-element_type=\"container\" data-e-type=\"container\">\n\t\t\t\t<div class=\"elementor-element elementor-element-d01f419 elementor-widget elementor-widget-heading\" data-id=\"d01f419\" data-element_type=\"widget\" data-e-type=\"widget\" data-widget_type=\"heading.default\">\n\t\t\t\t<div class=\"elementor-widget-container\">\n\t\t\t\t\t<h2 class=\"elementor-heading-title elementor-size-default\">7. Skargi do organ\u00f3w nadzoru\n<\/h2>\t\t\t\t<\/div>\n\t\t\t\t<\/div>\n\t\t\t\t<div class=\"elementor-element elementor-element-2b533f6 elementor-widget elementor-widget-text-editor\" data-id=\"2b533f6\" data-element_type=\"widget\" data-e-type=\"widget\" data-widget_type=\"text-editor.default\">\n\t\t\t\t<div class=\"elementor-widget-container\">\n\t\t\t\t\t\t\t\t\t<p>W przypadku skarg dotycz\u0105cych przetwarzania danych u\u017cytkownik ma prawo skontaktowa\u0107 si\u0119 z w\u0142a\u015bciwymi organami nadzorczymi. Mo\u017cna to zrobi\u0107, kontaktuj\u0105c si\u0119 z organem ochrony danych w\u0142a\u015bciwym dla miejsca lub stanu zamieszkania u\u017cytkownika lub z organem ochrony danych w\u0142a\u015bciwym dla nas, kt\u00f3rym jest: <br><strong>Valstybin\u0117 duomen\u0173 apsaugos inspekcija<\/strong><br><strong>Kod firmy:<\/strong> 188607912<br><strong>Adres:<\/strong> L. Sapiegos g. 17, Wilno <br><strong>E-mail:<\/strong> <a style=\"color: #c4d1c4;\" href=\"mailto:ada@ada.lt\">ada@ada.lt<\/a>.<\/p>\t\t\t\t\t\t\t\t<\/div>\n\t\t\t\t<\/div>\n\t\t\t\t<\/div>\n\t\t\t\t\t<\/div>\n\t\t\t\t<\/section>\n\t\t\t\t<\/div>\n\t\t","protected":false},"excerpt":{"rendered":"<p>Data wej\u015bcia w \u017cycie 2025-03-14. W przypadku aktualizacji zasad poinformujemy Ci\u0119 o tym za po\u015brednictwem poczty elektronicznej. UAB &#8222;Tututis&#8221;, z siedzib\u0105 w Raudondvario pl. 127, Kowno, Litwa, dzi\u0119kujemy za zainteresowanie naszym newsletterem. Ochrona Twoich danych osobowych jest dla nas bardzo wa\u017cna. Przetwarzamy dane zgodnie z przepisami europejskiego og\u00f3lnego rozporz\u0105dzenia o ochronie danych (RODO) oraz przepisami [&hellip;]<\/p>\n","protected":false},"author":1,"featured_media":0,"parent":0,"menu_order":32,"comment_status":"closed","ping_status":"closed","template":"elementor_theme","meta":{"_acf_changed":false,"_seopress_robots_primary_cat":"","_seopress_titles_title":"","_seopress_titles_desc":"","_seopress_robots_index":"","footnotes":""},"class_list":["post-20133","page","type-page","status-publish","hentry"],"acf":[],"_links":{"self":[{"href":"https:\/\/tutis.lt\/pl\/wp-json\/wp\/v2\/pages\/20133","targetHints":{"allow":["GET"]}}],"collection":[{"href":"https:\/\/tutis.lt\/pl\/wp-json\/wp\/v2\/pages"}],"about":[{"href":"https:\/\/tutis.lt\/pl\/wp-json\/wp\/v2\/types\/page"}],"author":[{"embeddable":true,"href":"https:\/\/tutis.lt\/pl\/wp-json\/wp\/v2\/users\/1"}],"replies":[{"embeddable":true,"href":"https:\/\/tutis.lt\/pl\/wp-json\/wp\/v2\/comments?post=20133"}],"version-history":[{"count":0,"href":"https:\/\/tutis.lt\/pl\/wp-json\/wp\/v2\/pages\/20133\/revisions"}],"wp:attachment":[{"href":"https:\/\/tutis.lt\/pl\/wp-json\/wp\/v2\/media?parent=20133"}],"curies":[{"name":"wp","href":"https:\/\/api.w.org\/{rel}","templated":true}]}}