{"id":20041,"date":"2025-05-09T14:33:56","date_gmt":"2025-05-09T11:33:56","guid":{"rendered":"https:\/\/tutis.lt\/polityka-zwrotow-i-refundacji\/"},"modified":"2025-08-22T10:20:21","modified_gmt":"2025-08-22T07:20:21","slug":"polityka-zwrotow-i-refundacji","status":"publish","type":"page","link":"https:\/\/tutis.lt\/pl\/polityka-zwrotow-i-refundacji\/","title":{"rendered":"Polityka zwrot\u00f3w i refundacji"},"content":{"rendered":"\t\t<div data-elementor-type=\"wp-page\" data-elementor-id=\"20041\" class=\"elementor elementor-20041 elementor-19\" data-elementor-post-type=\"page\">\n\t\t\t\t<section class=\"elementor-element elementor-element-75789c9 e-flex e-con-boxed e-con e-parent\" data-id=\"75789c9\" data-element_type=\"container\" data-e-type=\"container\" data-settings=\"{&quot;background_background&quot;:&quot;classic&quot;}\">\n\t\t\t\t\t<div class=\"e-con-inner\">\n\t\t<div class=\"elementor-element elementor-element-e229508 e-con-full e-flex e-con e-child\" data-id=\"e229508\" data-element_type=\"container\" data-e-type=\"container\">\n\t\t<div class=\"elementor-element elementor-element-3bf5775 e-con-full e-flex e-con e-child\" data-id=\"3bf5775\" data-element_type=\"container\" data-e-type=\"container\">\n\t\t\t\t<div class=\"elementor-element elementor-element-667a366 elementor-widget elementor-widget-text-editor\" data-id=\"667a366\" data-element_type=\"widget\" data-e-type=\"widget\" data-widget_type=\"text-editor.default\">\n\t\t\t\t<div class=\"elementor-widget-container\">\n\t\t\t\t\t\t\t\t\t<p>UAB &#8222;TUTUTIS&#8221;<\/p>\t\t\t\t\t\t\t\t<\/div>\n\t\t\t\t<\/div>\n\t\t\t\t<\/div>\n\t\t\t\t<div class=\"elementor-element elementor-element-876ec31 elementor-widget elementor-widget-heading\" data-id=\"876ec31\" data-element_type=\"widget\" data-e-type=\"widget\" data-widget_type=\"heading.default\">\n\t\t\t\t<div class=\"elementor-widget-container\">\n\t\t\t\t\t<h2 class=\"elementor-heading-title elementor-size-default\">Polityka wysy\u0142kowa<\/h2>\t\t\t\t<\/div>\n\t\t\t\t<\/div>\n\t\t\t\t<div class=\"elementor-element elementor-element-3040bc8 elementor-widget elementor-widget-heading\" data-id=\"3040bc8\" data-element_type=\"widget\" data-e-type=\"widget\" data-widget_type=\"heading.default\">\n\t\t\t\t<div class=\"elementor-widget-container\">\n\t\t\t\t\t<h3 class=\"elementor-heading-title elementor-size-default\">1. Regiony wysy\u0142ki<\/h3>\t\t\t\t<\/div>\n\t\t\t\t<\/div>\n\t\t\t\t<div class=\"elementor-element elementor-element-2ac0f39 elementor-widget elementor-widget-text-editor\" data-id=\"2ac0f39\" data-element_type=\"widget\" data-e-type=\"widget\" data-widget_type=\"text-editor.default\">\n\t\t\t\t<div class=\"elementor-widget-container\">\n\t\t\t\t\t\t\t\t\t<p><strong>Wysy\u0142amy do:<\/strong><br>Niemiec, Wielkiej Brytanii, Francji, W\u0142och, Hiszpanii, Polski, Rumunii,<br>Holandii, Belgii, Czech, Szwecji, Portugalii, Grecji, W\u0119gier, Austrii,<br>Szwajcarii, Bu\u0142garii, Serbii, Danii, Finlandii, Norwegii, S\u0142owacji, Irlandii, Chorwacji,<br>Bo\u015bni i Hercegowiny, Mo\u0142dawii, Litwy, Albanii, S\u0142owenii, \u0141otwy, Macedonii P\u00f3\u0142nocnej,<br>Estonii, Luksemburga, Czarnog\u00f3ry, Malty, Islandii. Je\u015bli nie masz pewno\u015bci, czy realizujemy wysy\u0142ki do<br>Twojego kraju, przed z\u0142o\u017ceniem zam\u00f3wienia skontaktuj si\u0119 z naszym dzia\u0142em obs\u0142ugi klienta. <\/p>\t\t\t\t\t\t\t\t<\/div>\n\t\t\t\t<\/div>\n\t\t\t\t<div class=\"elementor-element elementor-element-13a39ec elementor-widget elementor-widget-heading\" data-id=\"13a39ec\" data-element_type=\"widget\" data-e-type=\"widget\" data-widget_type=\"heading.default\">\n\t\t\t\t<div class=\"elementor-widget-container\">\n\t\t\t\t\t<h3 class=\"elementor-heading-title elementor-size-default\">2. Czas dostawy<\/h3>\t\t\t\t<\/div>\n\t\t\t\t<\/div>\n\t\t\t\t<div class=\"elementor-element elementor-element-841e8fc elementor-widget elementor-widget-text-editor\" data-id=\"841e8fc\" data-element_type=\"widget\" data-e-type=\"widget\" data-widget_type=\"text-editor.default\">\n\t\t\t\t<div class=\"elementor-widget-container\">\n\t\t\t\t\t\t\t\t\t<p><strong>3\u20135<\/strong> dni robocze<\/p>\t\t\t\t\t\t\t\t<\/div>\n\t\t\t\t<\/div>\n\t\t\t\t<div class=\"elementor-element elementor-element-324edef elementor-widget elementor-widget-heading\" data-id=\"324edef\" data-element_type=\"widget\" data-e-type=\"widget\" data-widget_type=\"heading.default\">\n\t\t\t\t<div class=\"elementor-widget-container\">\n\t\t\t\t\t<h3 class=\"elementor-heading-title elementor-size-default\">3. Koszty wysy\u0142ki<\/h3>\t\t\t\t<\/div>\n\t\t\t\t<\/div>\n\t\t\t\t<div class=\"elementor-element elementor-element-af57891 elementor-widget elementor-widget-text-editor\" data-id=\"af57891\" data-element_type=\"widget\" data-e-type=\"widget\" data-widget_type=\"text-editor.default\">\n\t\t\t\t<div class=\"elementor-widget-container\">\n\t\t\t\t\t\t\t\t\tBezp\u0142atna wysy\u0142ka przy zam\u00f3wieniach powy\u017cej 150 \u20ac. W przypadku zam\u00f3wie\u0144 poni\u017cej tej kwoty obowi\u0105zuje sta\u0142a op\u0142ata w wysoko\u015bci 25 \u20ac. \t\t\t\t\t\t\t\t<\/div>\n\t\t\t\t<\/div>\n\t\t\t\t<div class=\"elementor-element elementor-element-a507521 elementor-widget elementor-widget-heading\" data-id=\"a507521\" data-element_type=\"widget\" data-e-type=\"widget\" data-widget_type=\"heading.default\">\n\t\t\t\t<div class=\"elementor-widget-container\">\n\t\t\t\t\t<h3 class=\"elementor-heading-title elementor-size-default\">4. C\u0142a i podatki<\/h3>\t\t\t\t<\/div>\n\t\t\t\t<\/div>\n\t\t\t\t<div class=\"elementor-element elementor-element-c837e12 elementor-widget elementor-widget-text-editor\" data-id=\"c837e12\" data-element_type=\"widget\" data-e-type=\"widget\" data-widget_type=\"text-editor.default\">\n\t\t\t\t<div class=\"elementor-widget-container\">\n\t\t\t\t\t\t\t\t\tBrak dodatkowych ce\u0142 lub podatk\u00f3w w przypadku wysy\u0142ek do pa\u0144stw cz\u0142onkowskich UE.\nKlienci s\u0105 odpowiedzialni za wszelkie c\u0142a, podatki lub op\u0142aty importowe, kt\u00f3re mog\u0105 obowi\u0105zywa\u0107 w<br>ich kraju (pa\u0144stwa nieb\u0119d\u0105ce cz\u0142onkami UE).\t\t\t\t\t\t\t\t<\/div>\n\t\t\t\t<\/div>\n\t\t\t\t<div class=\"elementor-element elementor-element-34ede8a elementor-widget elementor-widget-heading\" data-id=\"34ede8a\" data-element_type=\"widget\" data-e-type=\"widget\" data-widget_type=\"heading.default\">\n\t\t\t\t<div class=\"elementor-widget-container\">\n\t\t\t\t\t<h2 class=\"elementor-heading-title elementor-size-default\">Polityka zwrot\u00f3w<\/h2>\t\t\t\t<\/div>\n\t\t\t\t<\/div>\n\t\t\t\t<div class=\"elementor-element elementor-element-dee1564 elementor-widget elementor-widget-heading\" data-id=\"dee1564\" data-element_type=\"widget\" data-e-type=\"widget\" data-widget_type=\"heading.default\">\n\t\t\t\t<div class=\"elementor-widget-container\">\n\t\t\t\t\t<h3 class=\"elementor-heading-title elementor-size-default\">1. 14-dniowy okres zwrotu (prawa konsument\u00f3w w UE)<\/h3>\t\t\t\t<\/div>\n\t\t\t\t<\/div>\n\t\t\t\t<div class=\"elementor-element elementor-element-bdb2359 elementor-widget elementor-widget-text-editor\" data-id=\"bdb2359\" data-element_type=\"widget\" data-e-type=\"widget\" data-widget_type=\"text-editor.default\">\n\t\t\t\t<div class=\"elementor-widget-container\">\n\t\t\t\t\t\t\t\t\tMasz prawo do zwrotu zam\u00f3wienia w ci\u0105gu 14 dni od jego otrzymania bez podania przyczyny,\nzgodnie z dyrektyw\u0105 UE w sprawie praw konsument\u00f3w (dotyczy to r\u00f3wnie\u017c pa\u0144stw nieb\u0119d\u0105cych cz\u0142onkami UE).\nAby kwalifikowa\u0107 si\u0119 do zwrotu: \t\t\t\t\t\t\t\t<\/div>\n\t\t\t\t<\/div>\n\t\t\t\t<div class=\"elementor-element elementor-element-922ba2a elementor-widget elementor-widget-text-editor\" data-id=\"922ba2a\" data-element_type=\"widget\" data-e-type=\"widget\" data-widget_type=\"text-editor.default\">\n\t\t\t\t<div class=\"elementor-widget-container\">\n\t\t\t\t\t\t\t\t\t<ul><li>Produkt musi by\u0107 nieu\u017cywany, w oryginalnym stanie i w oryginalnym opakowaniu.<\/li><li>Nale\u017cy powiadomi\u0107 nas o tym fakcie w ci\u0105gu 14 dni od otrzymania przesy\u0142ki, wysy\u0142aj\u0105c wiadomo\u015b\u0107 e-mail na adres <a href=\"mailto:support@tututis.lt\">support@tututis.lt.<\/a><\/li><\/ul>\t\t\t\t\t\t\t\t<\/div>\n\t\t\t\t<\/div>\n\t\t\t\t<div class=\"elementor-element elementor-element-6613c20 elementor-widget elementor-widget-text-editor\" data-id=\"6613c20\" data-element_type=\"widget\" data-e-type=\"widget\" data-widget_type=\"text-editor.default\">\n\t\t\t\t<div class=\"elementor-widget-container\">\n\t\t\t\t\t\t\t\t\tSpory wynikaj\u0105ce ze zwrotu towar\u00f3w s\u0105 rozstrzygane zgodnie z prawem UE i\nprawo litewskie.\t\t\t\t\t\t\t\t<\/div>\n\t\t\t\t<\/div>\n\t\t\t\t<div class=\"elementor-element elementor-element-e418a21 elementor-widget elementor-widget-heading\" data-id=\"e418a21\" data-element_type=\"widget\" data-e-type=\"widget\" data-widget_type=\"heading.default\">\n\t\t\t\t<div class=\"elementor-widget-container\">\n\t\t\t\t\t<h3 class=\"elementor-heading-title elementor-size-default\">2. Koszty wysy\u0142ki zwrotnej<\/h3>\t\t\t\t<\/div>\n\t\t\t\t<\/div>\n\t\t\t\t<div class=\"elementor-element elementor-element-1321261 elementor-widget elementor-widget-text-editor\" data-id=\"1321261\" data-element_type=\"widget\" data-e-type=\"widget\" data-widget_type=\"text-editor.default\">\n\t\t\t\t<div class=\"elementor-widget-container\">\n\t\t\t\t\t\t\t\t\tKlient ponosi koszty wysy\u0142ki zwrotnej, chyba \u017ce produkt jest wadliwy lub uszkodzony.\t\t\t\t\t\t\t\t<\/div>\n\t\t\t\t<\/div>\n\t\t\t\t<div class=\"elementor-element elementor-element-7ed6403 elementor-widget elementor-widget-heading\" data-id=\"7ed6403\" data-element_type=\"widget\" data-e-type=\"widget\" data-widget_type=\"heading.default\">\n\t\t\t\t<div class=\"elementor-widget-container\">\n\t\t\t\t\t<h3 class=\"elementor-heading-title elementor-size-default\">3. Zwroty koszt\u00f3w<\/h3>\t\t\t\t<\/div>\n\t\t\t\t<\/div>\n\t\t\t\t<div class=\"elementor-element elementor-element-2379c0f elementor-widget elementor-widget-text-editor\" data-id=\"2379c0f\" data-element_type=\"widget\" data-e-type=\"widget\" data-widget_type=\"text-editor.default\">\n\t\t\t\t<div class=\"elementor-widget-container\">\n\t\t\t\t\t\t\t\t\tPo otrzymaniu i sprawdzeniu zwrotu, w ci\u0105gu 30 dni zrealizujemy zwrot pieni\u0119dzy.\nZwrot pieni\u0119dzy zostanie zrealizowany przy u\u017cyciu tej samej metody p\u0142atno\u015bci, co w przypadku pierwotnej p\u0142atno\u015bci. Koszty wysy\u0142ki nie podlegaj\u0105 zwrotowi,\nchyba \u017ce produkt zosta\u0142 dostarczony uszkodzony lub wadliwy. \t\t\t\t\t\t\t\t<\/div>\n\t\t\t\t<\/div>\n\t\t\t\t<div class=\"elementor-element elementor-element-2553ed9 elementor-widget elementor-widget-heading\" data-id=\"2553ed9\" data-element_type=\"widget\" data-e-type=\"widget\" data-widget_type=\"heading.default\">\n\t\t\t\t<div class=\"elementor-widget-container\">\n\t\t\t\t\t<h3 class=\"elementor-heading-title elementor-size-default\">4. Uszkodzone lub wadliwe produkty<\/h3>\t\t\t\t<\/div>\n\t\t\t\t<\/div>\n\t\t\t\t<div class=\"elementor-element elementor-element-f9a265a elementor-widget elementor-widget-text-editor\" data-id=\"f9a265a\" data-element_type=\"widget\" data-e-type=\"widget\" data-widget_type=\"text-editor.default\">\n\t\t\t\t<div class=\"elementor-widget-container\">\n\t\t\t\t\t\t\t\t\tJe\u015bli otrzymane towary s\u0105 uszkodzone lub wadliwe, prosimy o kontakt w ci\u0105gu 48 godzin od dostawy.\nProsimy o przes\u0142anie zdj\u0119\u0107 przedstawiaj\u0105cych problem, a my wsp\u00f3lnie z Pa\u0144stwem postaramy si\u0119 jak najszybciej go rozwi\u0105za\u0107\n\u2014 poprzez wymian\u0119, napraw\u0119 lub zwrot koszt\u00f3w.\t\t\t\t\t\t\t\t<\/div>\n\t\t\t\t<\/div>\n\t\t\t\t<div class=\"elementor-element elementor-element-cfdd9ae elementor-widget elementor-widget-heading\" data-id=\"cfdd9ae\" data-element_type=\"widget\" data-e-type=\"widget\" data-widget_type=\"heading.default\">\n\t\t\t\t<div class=\"elementor-widget-container\">\n\t\t\t\t\t<h2 class=\"elementor-heading-title elementor-size-default\">Skontaktuj si\u0119 z nami<\/h2>\t\t\t\t<\/div>\n\t\t\t\t<\/div>\n\t\t\t\t<div class=\"elementor-element elementor-element-f6dec31 elementor-widget elementor-widget-text-editor\" data-id=\"f6dec31\" data-element_type=\"widget\" data-e-type=\"widget\" data-widget_type=\"text-editor.default\">\n\t\t\t\t<div class=\"elementor-widget-container\">\n\t\t\t\t\t\t\t\t\t<p>Je\u015bli masz jakiekolwiek pytania dotycz\u0105ce wysy\u0142ki lub zwrot\u00f3w, skontaktuj si\u0119 z naszym zespo\u0142em pomocy technicznej pod adresem: <a href=\"mailto:support@tututis.lt\">support@tututis.lt<\/a> <br><br>Nasza siedziba: Raudondvario pl. 127 LT-47188, Kowno.<\/p>\t\t\t\t\t\t\t\t<\/div>\n\t\t\t\t<\/div>\n\t\t\t\t<\/div>\n\t\t\t\t\t<\/div>\n\t\t\t\t<\/section>\n\t\t\t\t<\/div>\n\t\t","protected":false},"excerpt":{"rendered":"<p>UAB &#8222;TUTUTIS&#8221; Polityka wysy\u0142kowa 1. Regiony wysy\u0142ki Wysy\u0142amy do:Niemiec, Wielkiej Brytanii, Francji, W\u0142och, Hiszpanii, Polski, Rumunii,Holandii, Belgii, Czech, Szwecji, Portugalii, Grecji, W\u0119gier, Austrii,Szwajcarii, Bu\u0142garii, Serbii, Danii, Finlandii, Norwegii, S\u0142owacji, Irlandii, Chorwacji,Bo\u015bni i Hercegowiny, Mo\u0142dawii, Litwy, Albanii, S\u0142owenii, \u0141otwy, Macedonii P\u00f3\u0142nocnej,Estonii, Luksemburga, Czarnog\u00f3ry, Malty, Islandii. Je\u015bli nie masz pewno\u015bci, czy realizujemy wysy\u0142ki doTwojego kraju, przed z\u0142o\u017ceniem [&hellip;]<\/p>\n","protected":false},"author":1,"featured_media":0,"parent":0,"menu_order":25,"comment_status":"closed","ping_status":"closed","template":"elementor_theme","meta":{"_acf_changed":false,"_seopress_robots_primary_cat":"","_seopress_titles_title":"","_seopress_titles_desc":"","_seopress_robots_index":"","footnotes":""},"class_list":["post-20041","page","type-page","status-publish","hentry"],"acf":[],"_links":{"self":[{"href":"https:\/\/tutis.lt\/pl\/wp-json\/wp\/v2\/pages\/20041","targetHints":{"allow":["GET"]}}],"collection":[{"href":"https:\/\/tutis.lt\/pl\/wp-json\/wp\/v2\/pages"}],"about":[{"href":"https:\/\/tutis.lt\/pl\/wp-json\/wp\/v2\/types\/page"}],"author":[{"embeddable":true,"href":"https:\/\/tutis.lt\/pl\/wp-json\/wp\/v2\/users\/1"}],"replies":[{"embeddable":true,"href":"https:\/\/tutis.lt\/pl\/wp-json\/wp\/v2\/comments?post=20041"}],"version-history":[{"count":0,"href":"https:\/\/tutis.lt\/pl\/wp-json\/wp\/v2\/pages\/20041\/revisions"}],"wp:attachment":[{"href":"https:\/\/tutis.lt\/pl\/wp-json\/wp\/v2\/media?parent=20041"}],"curies":[{"name":"wp","href":"https:\/\/api.w.org\/{rel}","templated":true}]}}