{"id":26804,"date":"2025-11-10T15:42:53","date_gmt":"2025-11-10T13:42:53","guid":{"rendered":"https:\/\/tutis.lt\/product\/universali-mamos-kuprine\/"},"modified":"2025-11-10T15:42:53","modified_gmt":"2025-11-10T13:42:53","slug":"universali-mamos-kuprine","status":"publish","type":"product","link":"https:\/\/tutis.lt\/lt\/produktas\/universali-mamos-kuprine\/","title":{"rendered":"Universali Mamos Kuprin\u0117"},"content":{"rendered":"","protected":false},"excerpt":{"rendered":"<p data-start=\"0\" data-end=\"83\">Tai prakti\u0161ka ir kompakti\u0161ka mamos kuprin\u0117, sukurta patogiam daikt\u0173 laikymui \u2013 viskas lengvai randama. Viduje yra trys atskiri skyriai.  <\/p>\n<ul data-start=\"85\" data-end=\"357\">\n<li data-start=\"85\" data-end=\"162\">\n<p data-start=\"87\" data-end=\"162\">\u0160iuolaiki\u0161kas dizainas, puikiai tinkantis tiek prie ve\u017eim\u0117lio, tiek kasdien kaip kuprin\u0117.<\/p>\n<\/li>\n<li data-start=\"163\" data-end=\"242\">\n<p data-start=\"165\" data-end=\"242\">Nuimami ve\u017eim\u0117lio r\u0117mo tvirtinimai, kuriuos nenaudojant galima pasl\u0117pti.<\/p>\n<\/li>\n<li data-start=\"243\" data-end=\"293\">\n<p data-start=\"245\" data-end=\"293\">Trys vidiniai skyriai patogiam daikt\u0173 laikymui.<\/p>\n<\/li>\n<li data-start=\"294\" data-end=\"357\">\n<p data-start=\"296\" data-end=\"357\">Priekin\u0117 ki\u0161en\u0117 smulkiems b\u016btiniausiems daiktams, kuriuos norisi tur\u0117ti po ranka.<\/p>\n<\/li>\n<\/ul>\n","protected":false},"featured_media":26047,"comment_status":"closed","ping_status":"closed","template":"","meta":{"_acf_changed":false,"_seopress_robots_primary_cat":"none","_seopress_titles_title":"","_seopress_titles_desc":"","_seopress_robots_index":""},"product_brand":[],"product_cat":[233],"product_tag":[],"class_list":{"0":"post-26804","1":"product","2":"type-product","3":"status-publish","4":"has-post-thumbnail","6":"product_cat-priedai","7":"product_shipping_class-accessories","9":"first","10":"instock","11":"taxable","12":"shipping-taxable","13":"purchasable","14":"product-type-simple"},"acf":[],"_links":{"self":[{"href":"https:\/\/tutis.lt\/lt\/wp-json\/wp\/v2\/product\/26804","targetHints":{"allow":["GET"]}}],"collection":[{"href":"https:\/\/tutis.lt\/lt\/wp-json\/wp\/v2\/product"}],"about":[{"href":"https:\/\/tutis.lt\/lt\/wp-json\/wp\/v2\/types\/product"}],"replies":[{"embeddable":true,"href":"https:\/\/tutis.lt\/lt\/wp-json\/wp\/v2\/comments?post=26804"}],"wp:featuredmedia":[{"embeddable":true,"href":"https:\/\/tutis.lt\/lt\/wp-json\/wp\/v2\/media\/26047"}],"wp:attachment":[{"href":"https:\/\/tutis.lt\/lt\/wp-json\/wp\/v2\/media?parent=26804"}],"wp:term":[{"taxonomy":"product_brand","embeddable":true,"href":"https:\/\/tutis.lt\/lt\/wp-json\/wp\/v2\/product_brand?post=26804"},{"taxonomy":"product_cat","embeddable":true,"href":"https:\/\/tutis.lt\/lt\/wp-json\/wp\/v2\/product_cat?post=26804"},{"taxonomy":"product_tag","embeddable":true,"href":"https:\/\/tutis.lt\/lt\/wp-json\/wp\/v2\/product_tag?post=26804"}],"curies":[{"name":"wp","href":"https:\/\/api.w.org\/{rel}","templated":true}]}}