{"id":20180,"date":"2025-03-03T17:51:47","date_gmt":"2025-03-03T17:51:47","guid":{"rendered":"https:\/\/tutis.lt\/product\/mio-mio-thermo-automobilines-kedutes-adapteriai-ak04\/"},"modified":"2025-11-19T15:40:56","modified_gmt":"2025-11-19T13:40:56","slug":"mio-mio-thermo-automobilines-kedutes-adapteriai-ak04","status":"publish","type":"product","link":"https:\/\/tutis.lt\/lt\/produktas\/mio-mio-thermo-automobilines-kedutes-adapteriai-ak04\/","title":{"rendered":"MIO+\/MIO Thermo automobilin\u0117s k\u0117dut\u0117s adapteriai AK04"},"content":{"rendered":"","protected":false},"excerpt":{"rendered":"<p>&#8222;Tutis&#8221; automobilin\u0117s k\u0117dut\u0117s adapteriai skirti skland\u017eiai prijungti j\u016bs\u0173 automobilin\u0119 k\u0117dut\u0119 prie &#8222;Tutis MIO&#8221; ir &#8222;MIO Thermo&#8221; ve\u017eim\u0117li\u0173 r\u0117m\u0173. Naudojant \u0161iuos adapterius, d\u0117l intuityvios &#8222;click-and-go&#8221; sistemos per\u0117jimas i\u0161 automobilio \u012f ve\u017eim\u0117l\u012f yra sklandus ir paprastas. \u0160is prakti\u0161kas priedas u\u017etikrina, kad j\u016bs\u0173 automobilin\u0117 k\u0117dut\u0117 b\u016bt\u0173 patikimai pritvirtinta prie ve\u017eim\u0117lio r\u0117mo, tod\u0117l kasdien\u0117se kelion\u0117se bus patogu ir saugu.  <\/p>\n","protected":false},"featured_media":17232,"comment_status":"closed","ping_status":"closed","template":"","meta":{"_acf_changed":false,"_seopress_robots_primary_cat":"none","_seopress_titles_title":"","_seopress_titles_desc":"","_seopress_robots_index":""},"product_brand":[],"product_cat":[236,233],"product_tag":[],"class_list":{"0":"post-20180","1":"product","2":"type-product","3":"status-publish","4":"has-post-thumbnail","6":"product_cat-adapteriai","7":"product_cat-priedai","8":"product_shipping_class-accessories","10":"first","11":"instock","12":"taxable","13":"shipping-taxable","14":"purchasable","15":"product-type-simple"},"acf":[],"_links":{"self":[{"href":"https:\/\/tutis.lt\/lt\/wp-json\/wp\/v2\/product\/20180","targetHints":{"allow":["GET"]}}],"collection":[{"href":"https:\/\/tutis.lt\/lt\/wp-json\/wp\/v2\/product"}],"about":[{"href":"https:\/\/tutis.lt\/lt\/wp-json\/wp\/v2\/types\/product"}],"replies":[{"embeddable":true,"href":"https:\/\/tutis.lt\/lt\/wp-json\/wp\/v2\/comments?post=20180"}],"wp:featuredmedia":[{"embeddable":true,"href":"https:\/\/tutis.lt\/lt\/wp-json\/wp\/v2\/media\/17232"}],"wp:attachment":[{"href":"https:\/\/tutis.lt\/lt\/wp-json\/wp\/v2\/media?parent=20180"}],"wp:term":[{"taxonomy":"product_brand","embeddable":true,"href":"https:\/\/tutis.lt\/lt\/wp-json\/wp\/v2\/product_brand?post=20180"},{"taxonomy":"product_cat","embeddable":true,"href":"https:\/\/tutis.lt\/lt\/wp-json\/wp\/v2\/product_cat?post=20180"},{"taxonomy":"product_tag","embeddable":true,"href":"https:\/\/tutis.lt\/lt\/wp-json\/wp\/v2\/product_tag?post=20180"}],"curies":[{"name":"wp","href":"https:\/\/api.w.org\/{rel}","templated":true}]}}