{"id":20178,"date":"2025-03-03T18:00:11","date_gmt":"2025-03-03T18:00:11","guid":{"rendered":"https:\/\/tutis.lt\/product\/gio-1in1-2in1-automobilines-kedutes-adapteriai-ak06\/"},"modified":"2025-11-19T15:40:47","modified_gmt":"2025-11-19T13:40:47","slug":"gio-1in1-2in1-automobilines-kedutes-adapteriai-ak06","status":"publish","type":"product","link":"https:\/\/tutis.lt\/lt\/produktas\/gio-1in1-2in1-automobilines-kedutes-adapteriai-ak06\/","title":{"rendered":"GIO 1in1, 2in1 automobilin\u0117s k\u0117dut\u0117s adapteriai AK06"},"content":{"rendered":"","protected":false},"excerpt":{"rendered":"<p>&#8222;Tutis&#8221; automobilin\u0117s k\u0117dut\u0117s adapteriai skirti skland\u017eiai prijungti j\u016bs\u0173 automobilin\u0119 k\u0117dut\u0119 prie &#8222;Tutis GIO 1in1&#8221;, &#8222;2in1&#8221; ve\u017eim\u0117li\u0173 r\u0117m\u0173. Naudojant \u0161iuos adapterius d\u0117l intuityvios &#8222;click-and-go&#8221; sistemos per\u0117jimas i\u0161 automobilio \u012f ve\u017eim\u0117l\u012f yra lengvas. \u0160is prakti\u0161kas priedas u\u017etikrina, kad j\u016bs\u0173 automobilin\u0117 k\u0117dut\u0117 b\u016bt\u0173 patikimai pritvirtinta prie ve\u017eim\u0117lio r\u0117mo, tod\u0117l kelion\u0117s metu bus patogios ir saugios.  <\/p>\n","protected":false},"featured_media":17241,"comment_status":"closed","ping_status":"closed","template":"","meta":{"_acf_changed":false,"_seopress_robots_primary_cat":"none","_seopress_titles_title":"","_seopress_titles_desc":"","_seopress_robots_index":""},"product_brand":[],"product_cat":[236,233],"product_tag":[],"class_list":{"0":"post-20178","1":"product","2":"type-product","3":"status-publish","4":"has-post-thumbnail","6":"product_cat-adapteriai","7":"product_cat-priedai","8":"product_shipping_class-accessories","10":"first","11":"instock","12":"taxable","13":"shipping-taxable","14":"purchasable","15":"product-type-simple"},"acf":[],"_links":{"self":[{"href":"https:\/\/tutis.lt\/lt\/wp-json\/wp\/v2\/product\/20178","targetHints":{"allow":["GET"]}}],"collection":[{"href":"https:\/\/tutis.lt\/lt\/wp-json\/wp\/v2\/product"}],"about":[{"href":"https:\/\/tutis.lt\/lt\/wp-json\/wp\/v2\/types\/product"}],"replies":[{"embeddable":true,"href":"https:\/\/tutis.lt\/lt\/wp-json\/wp\/v2\/comments?post=20178"}],"wp:featuredmedia":[{"embeddable":true,"href":"https:\/\/tutis.lt\/lt\/wp-json\/wp\/v2\/media\/17241"}],"wp:attachment":[{"href":"https:\/\/tutis.lt\/lt\/wp-json\/wp\/v2\/media?parent=20178"}],"wp:term":[{"taxonomy":"product_brand","embeddable":true,"href":"https:\/\/tutis.lt\/lt\/wp-json\/wp\/v2\/product_brand?post=20178"},{"taxonomy":"product_cat","embeddable":true,"href":"https:\/\/tutis.lt\/lt\/wp-json\/wp\/v2\/product_cat?post=20178"},{"taxonomy":"product_tag","embeddable":true,"href":"https:\/\/tutis.lt\/lt\/wp-json\/wp\/v2\/product_tag?post=20178"}],"curies":[{"name":"wp","href":"https:\/\/api.w.org\/{rel}","templated":true}]}}