{"id":20170,"date":"2025-03-06T09:35:40","date_gmt":"2025-03-06T09:35:40","guid":{"rendered":"https:\/\/tutis.lt\/product\/tutis-miegmaisis\/"},"modified":"2025-11-19T15:31:55","modified_gmt":"2025-11-19T13:31:55","slug":"tutis-miegmaisis","status":"publish","type":"product","link":"https:\/\/tutis.lt\/lt\/produktas\/tutis-miegmaisis\/","title":{"rendered":"TUTIS Miegmai\u0161is"},"content":{"rendered":"","protected":false},"excerpt":{"rendered":"<p>U\u017etikrinkite, kad J\u016bs\u0173 ma\u017eyliui b\u016bt\u0173 \u0161ilta ir jauku v\u0117siais \u017eiemos m\u0117nesiais, naudodami m\u016bs\u0173 auk\u0161\u010diausios kokyb\u0117s \u017eiemin\u012f miegmai\u0161\u012f. \u0160is miegmai\u0161is sukurtas taip, kad garantuot\u0173 did\u017eiausi\u0105 \u0161ilum\u0105 ir apsaug\u0105. Jis turi stor\u0105, ap\u0161iltint\u0105 pamu\u0161al\u0105, kuris efektyviai sulaiko v\u0117j\u0105 ir snieg\u0105.<br \/>Patogus atsegimas: Patvarus dvigubas u\u017etrauktukas leid\u017eia lengvai \u012fd\u0117ti k\u016bdik\u012f ir reguliuoti temperat\u016br\u0105 viduje.<br \/>Prailginimas: Pritvirtinama dalis prailgina miegmai\u0161\u012f nuo $80 \\text{ cm}$ iki $105 \\text{ cm}$, tod\u0117l jis pritaikytas augan\u010diam vaikui.<br \/>Saugumas: Su $6$ saugos angomis miegmai\u0161is saugiai priglunda prie vis\u0173 ve\u017eim\u0117lio dir\u017e\u0173.<br \/>Med\u017eiaga: D\u0117l vandeniui atsparios med\u017eiagos k\u016bdikis i\u0161liks sausas ir patogus, tod\u0117l \u0161is krep\u0161ys yra nepakei\u010diamas \u017eiemos pasivaik\u0161\u010diojim\u0173 aksesuaras.    <\/p>\n","protected":false},"featured_media":18781,"comment_status":"closed","ping_status":"closed","template":"","meta":{"_acf_changed":false,"_seopress_robots_primary_cat":"none","_seopress_titles_title":"","_seopress_titles_desc":"","_seopress_robots_index":""},"product_brand":[],"product_cat":[233],"product_tag":[],"class_list":{"0":"post-20170","1":"product","2":"type-product","3":"status-publish","4":"has-post-thumbnail","6":"product_cat-priedai","7":"product_shipping_class-accessories","9":"first","10":"instock","11":"taxable","12":"shipping-taxable","13":"purchasable","14":"product-type-simple"},"acf":[],"_links":{"self":[{"href":"https:\/\/tutis.lt\/lt\/wp-json\/wp\/v2\/product\/20170","targetHints":{"allow":["GET"]}}],"collection":[{"href":"https:\/\/tutis.lt\/lt\/wp-json\/wp\/v2\/product"}],"about":[{"href":"https:\/\/tutis.lt\/lt\/wp-json\/wp\/v2\/types\/product"}],"replies":[{"embeddable":true,"href":"https:\/\/tutis.lt\/lt\/wp-json\/wp\/v2\/comments?post=20170"}],"wp:featuredmedia":[{"embeddable":true,"href":"https:\/\/tutis.lt\/lt\/wp-json\/wp\/v2\/media\/18781"}],"wp:attachment":[{"href":"https:\/\/tutis.lt\/lt\/wp-json\/wp\/v2\/media?parent=20170"}],"wp:term":[{"taxonomy":"product_brand","embeddable":true,"href":"https:\/\/tutis.lt\/lt\/wp-json\/wp\/v2\/product_brand?post=20170"},{"taxonomy":"product_cat","embeddable":true,"href":"https:\/\/tutis.lt\/lt\/wp-json\/wp\/v2\/product_cat?post=20170"},{"taxonomy":"product_tag","embeddable":true,"href":"https:\/\/tutis.lt\/lt\/wp-json\/wp\/v2\/product_tag?post=20170"}],"curies":[{"name":"wp","href":"https:\/\/api.w.org\/{rel}","templated":true}]}}