{"id":20162,"date":"2025-03-06T09:34:34","date_gmt":"2025-03-06T09:34:34","guid":{"rendered":"https:\/\/tutis.lt\/product\/tutis-ziemines-pirstines\/"},"modified":"2025-11-19T15:40:50","modified_gmt":"2025-11-19T13:40:50","slug":"tutis-ziemines-pirstines","status":"publish","type":"product","link":"https:\/\/tutis.lt\/lt\/produktas\/tutis-ziemines-pirstines\/","title":{"rendered":"Tutis \u017eiemin\u0117s pir\u0161tin\u0117s"},"content":{"rendered":"","protected":false},"excerpt":{"rendered":"<p>\u017diemin\u0117s ve\u017eim\u0117lio pir\u0161tin\u0117s skirtos i\u0161laikyti rankas \u0161iltas ir patogias stumiant ve\u017eim\u0117l\u012f \u0161altu oru. \u0160ios pir\u0161tin\u0117s turi stor\u0105 vidin\u012f kailio pamu\u0161al\u0105, kuris puikiai apsaugo nuo v\u0117jo ir sniego, tod\u0117l rankos i\u0161liks jaukios. Kad pir\u0161tin\u0117s puikiai priglust\u0173, \u0161onuose yra velcro u\u017etrauktukai, kuriais galima lengvai keisti dyd\u012f. Be to, nugaroje esantis velcro dir\u017eelis leid\u017eia saugiai pritvirtinti pir\u0161tines prie ve\u017eim\u0117lio rankenos, kad jos i\u0161likt\u0173 savo vietoje ir b\u016bt\u0173 paruo\u0161tos naudoti, kai tik prireiks.   <\/p>\n","protected":false},"featured_media":17319,"comment_status":"closed","ping_status":"closed","template":"","meta":{"_acf_changed":false,"_seopress_robots_primary_cat":"none","_seopress_titles_title":"","_seopress_titles_desc":"","_seopress_robots_index":""},"product_brand":[],"product_cat":[233],"product_tag":[],"class_list":{"0":"post-20162","1":"product","2":"type-product","3":"status-publish","4":"has-post-thumbnail","6":"product_cat-priedai","7":"product_shipping_class-accessories","9":"first","10":"instock","11":"taxable","12":"shipping-taxable","13":"purchasable","14":"product-type-simple"},"acf":[],"_links":{"self":[{"href":"https:\/\/tutis.lt\/lt\/wp-json\/wp\/v2\/product\/20162","targetHints":{"allow":["GET"]}}],"collection":[{"href":"https:\/\/tutis.lt\/lt\/wp-json\/wp\/v2\/product"}],"about":[{"href":"https:\/\/tutis.lt\/lt\/wp-json\/wp\/v2\/types\/product"}],"replies":[{"embeddable":true,"href":"https:\/\/tutis.lt\/lt\/wp-json\/wp\/v2\/comments?post=20162"}],"wp:featuredmedia":[{"embeddable":true,"href":"https:\/\/tutis.lt\/lt\/wp-json\/wp\/v2\/media\/17319"}],"wp:attachment":[{"href":"https:\/\/tutis.lt\/lt\/wp-json\/wp\/v2\/media?parent=20162"}],"wp:term":[{"taxonomy":"product_brand","embeddable":true,"href":"https:\/\/tutis.lt\/lt\/wp-json\/wp\/v2\/product_brand?post=20162"},{"taxonomy":"product_cat","embeddable":true,"href":"https:\/\/tutis.lt\/lt\/wp-json\/wp\/v2\/product_cat?post=20162"},{"taxonomy":"product_tag","embeddable":true,"href":"https:\/\/tutis.lt\/lt\/wp-json\/wp\/v2\/product_tag?post=20162"}],"curies":[{"name":"wp","href":"https:\/\/api.w.org\/{rel}","templated":true}]}}