{"id":20158,"date":"2025-03-10T11:41:41","date_gmt":"2025-03-10T11:41:41","guid":{"rendered":"https:\/\/tutis.lt\/product\/jogo\/"},"modified":"2025-11-19T15:31:56","modified_gmt":"2025-11-19T13:31:56","slug":"jogo","status":"publish","type":"product","link":"https:\/\/tutis.lt\/lt\/produktas\/jogo\/","title":{"rendered":"Jogo+"},"content":{"rendered":"","protected":false},"excerpt":{"rendered":"<p>Susipa\u017einkite su visi\u0161kai nauju TUTIS Jogo+ &#8211; kompakti\u0161ku ve\u017eim\u0117liu, sukurtu ner\u016bpestingiems nuotykiams.<br \/>\nVienos rankos sulankstymo sistema, tvirtesni ratai ir lengvas r\u0117mas paver\u010dia kiekvien\u0105 pasivaik\u0161\u010diojim\u0105 lengvu ir paprastu \u2013 nesvarbu, ar keliaujate miesto gatv\u0117mis, ar vingiuotais parko takeliais.<br \/>Auk\u0161\u010diausios kokyb\u0117s med\u017eiagos, eleganti\u0161kas dizainas ir kompakti\u0161kumas \u2013 &#8222;Jogo+&#8221; pasi\u017eymi puikiomis savyb\u0117mis be joki\u0173 kompromis\u0173.<br \/>\n<strong>Atraskite tobul\u0105 kelion\u0117s palydov\u0105 jau \u0161iandien!<\/strong><\/p>\n","protected":false},"featured_media":19203,"comment_status":"closed","ping_status":"closed","template":"","meta":{"_acf_changed":false,"_seopress_robots_primary_cat":"none","_seopress_titles_title":"","_seopress_titles_desc":"","_seopress_robots_index":""},"product_brand":[],"product_cat":[232],"product_tag":[],"class_list":{"0":"post-20158","1":"product","2":"type-product","3":"status-publish","4":"has-post-thumbnail","6":"product_cat-vezimeliai","8":"first","9":"instock","10":"taxable","11":"shipping-taxable","12":"purchasable","13":"product-type-variable","14":"has-default-attributes","15":"rtwpvg-product"},"acf":[],"_links":{"self":[{"href":"https:\/\/tutis.lt\/lt\/wp-json\/wp\/v2\/product\/20158","targetHints":{"allow":["GET"]}}],"collection":[{"href":"https:\/\/tutis.lt\/lt\/wp-json\/wp\/v2\/product"}],"about":[{"href":"https:\/\/tutis.lt\/lt\/wp-json\/wp\/v2\/types\/product"}],"replies":[{"embeddable":true,"href":"https:\/\/tutis.lt\/lt\/wp-json\/wp\/v2\/comments?post=20158"}],"wp:featuredmedia":[{"embeddable":true,"href":"https:\/\/tutis.lt\/lt\/wp-json\/wp\/v2\/media\/19203"}],"wp:attachment":[{"href":"https:\/\/tutis.lt\/lt\/wp-json\/wp\/v2\/media?parent=20158"}],"wp:term":[{"taxonomy":"product_brand","embeddable":true,"href":"https:\/\/tutis.lt\/lt\/wp-json\/wp\/v2\/product_brand?post=20158"},{"taxonomy":"product_cat","embeddable":true,"href":"https:\/\/tutis.lt\/lt\/wp-json\/wp\/v2\/product_cat?post=20158"},{"taxonomy":"product_tag","embeddable":true,"href":"https:\/\/tutis.lt\/lt\/wp-json\/wp\/v2\/product_tag?post=20158"}],"curies":[{"name":"wp","href":"https:\/\/api.w.org\/{rel}","templated":true}]}}