{"id":20140,"date":"2025-07-18T10:01:24","date_gmt":"2025-07-18T07:01:24","guid":{"rendered":"https:\/\/tutis.lt\/product\/naujagimio-inkrustacija\/"},"modified":"2025-11-19T15:31:48","modified_gmt":"2025-11-19T13:31:48","slug":"naujagimio-inkrustacija","status":"publish","type":"product","link":"https:\/\/tutis.lt\/lt\/produktas\/naujagimio-inkrustacija\/","title":{"rendered":"Naujagimio \u012fd\u0117klas"},"content":{"rendered":"","protected":false},"excerpt":{"rendered":"<p>Naujagimio \u012fd\u0117klas suteikia papildom\u0105 apsaug\u0105 ir patogum\u0105 pirmosioms kelion\u0117ms. Jis lengvai tvirtinamas prie s\u0117dimosios dalies ir sukuria jauk\u0173 gulim\u0105j\u012f pavir\u0161i\u0173, tinkam\u0105 naudoti nuo pat pirm\u0173j\u0173 k\u016bdikio dien\u0173. <\/p>\n<p>Integruota <strong>SENSORY-TECH<\/strong> skatina ankstyv\u0105 jutim\u0173 vystym\u0105si, o audinys su SILVER-ION\u2122 antibakterine apsauga u\u017etikrina, kad vidiniai audiniai i\u0161likt\u0173 gaiv\u016bs ir saug\u016bs.<\/p>\n<p>Tinka nuo gimimo iki 6 m\u0117nesi\u0173.<\/p>\n","protected":false},"featured_media":19563,"comment_status":"closed","ping_status":"closed","template":"","meta":{"_acf_changed":false,"_seopress_robots_primary_cat":"none","_seopress_titles_title":"","_seopress_titles_desc":"","_seopress_robots_index":""},"product_brand":[],"product_cat":[233],"product_tag":[],"class_list":{"0":"post-20140","1":"product","2":"type-product","3":"status-publish","4":"has-post-thumbnail","6":"product_cat-priedai","7":"product_shipping_class-accessories","9":"first","10":"instock","11":"taxable","12":"shipping-taxable","13":"purchasable","14":"product-type-simple"},"acf":[],"_links":{"self":[{"href":"https:\/\/tutis.lt\/lt\/wp-json\/wp\/v2\/product\/20140","targetHints":{"allow":["GET"]}}],"collection":[{"href":"https:\/\/tutis.lt\/lt\/wp-json\/wp\/v2\/product"}],"about":[{"href":"https:\/\/tutis.lt\/lt\/wp-json\/wp\/v2\/types\/product"}],"replies":[{"embeddable":true,"href":"https:\/\/tutis.lt\/lt\/wp-json\/wp\/v2\/comments?post=20140"}],"wp:featuredmedia":[{"embeddable":true,"href":"https:\/\/tutis.lt\/lt\/wp-json\/wp\/v2\/media\/19563"}],"wp:attachment":[{"href":"https:\/\/tutis.lt\/lt\/wp-json\/wp\/v2\/media?parent=20140"}],"wp:term":[{"taxonomy":"product_brand","embeddable":true,"href":"https:\/\/tutis.lt\/lt\/wp-json\/wp\/v2\/product_brand?post=20140"},{"taxonomy":"product_cat","embeddable":true,"href":"https:\/\/tutis.lt\/lt\/wp-json\/wp\/v2\/product_cat?post=20140"},{"taxonomy":"product_tag","embeddable":true,"href":"https:\/\/tutis.lt\/lt\/wp-json\/wp\/v2\/product_tag?post=20140"}],"curies":[{"name":"wp","href":"https:\/\/api.w.org\/{rel}","templated":true}]}}