{"id":19930,"date":"2024-08-15T12:02:22","date_gmt":"2024-08-15T12:02:22","guid":{"rendered":"https:\/\/tutis.lt\/product\/tutis-apsauga-nuo-lietaus\/"},"modified":"2025-08-21T15:19:54","modified_gmt":"2025-08-21T12:19:54","slug":"tutis-apsauga-nuo-lietaus","status":"publish","type":"product","link":"https:\/\/tutis.lt\/lt\/produktas\/tutis-apsauga-nuo-lietaus\/","title":{"rendered":"&#8222;Tutis&#8221; apsauga nuo lietaus"},"content":{"rendered":"\t\t<div data-elementor-type=\"wp-post\" data-elementor-id=\"19930\" class=\"elementor elementor-19930 elementor-4443\" data-elementor-post-type=\"product\">\n\t\t\t\t<div class=\"elementor-element elementor-element-aa4b7b4 bfr_buy_sect e-flex e-con-boxed e-con e-parent\" data-id=\"aa4b7b4\" data-element_type=\"container\" data-e-type=\"container\">\n\t\t\t\t\t<div class=\"e-con-inner\">\n\t\t<div class=\"elementor-element elementor-element-61db2a1 e-con-full cus_wdt e-flex e-con e-child\" data-id=\"61db2a1\" data-element_type=\"container\" data-e-type=\"container\">\n\t\t\t\t<div class=\"elementor-element elementor-element-10bed7b ftr_head elementor-widget elementor-widget-heading\" data-id=\"10bed7b\" data-element_type=\"widget\" data-e-type=\"widget\" data-widget_type=\"heading.default\">\n\t\t\t\t<div class=\"elementor-widget-container\">\n\t\t\t\t\t<h2 class=\"elementor-heading-title elementor-size-default\">Funkcijos<\/h2>\t\t\t\t<\/div>\n\t\t\t\t<\/div>\n\t\t\t\t<div class=\"elementor-element elementor-element-de62bbb elementor-position-inline-start elementor-mobile-position-inline-start elementor-view-default elementor-widget elementor-widget-icon-box\" data-id=\"de62bbb\" data-element_type=\"widget\" data-e-type=\"widget\" data-widget_type=\"icon-box.default\">\n\t\t\t\t<div class=\"elementor-widget-container\">\n\t\t\t\t\t\t\t<div class=\"elementor-icon-box-wrapper\">\n\n\t\t\t\t\t\t<div class=\"elementor-icon-box-icon\">\n\t\t\t\t<span  class=\"elementor-icon\">\n\t\t\t\t\t\t\t\t<\/span>\n\t\t\t<\/div>\n\t\t\t\n\t\t\t\t\t\t<div class=\"elementor-icon-box-content\">\n\n\t\t\t\t\t\t\t\t\t<h3 class=\"elementor-icon-box-title\">\n\t\t\t\t\t\t<span  >\n\t\t\t\t\t\t\tApsauga nuo oro s\u0105lyg\u0173\t\t\t\t\t\t<\/span>\n\t\t\t\t\t<\/h3>\n\t\t\t\t\n\t\t\t\t\t\t\t\t\t<p class=\"elementor-icon-box-description\">\n\t\t\t\t\t\tDangtis nuo lietaus u\u017etikrina visapusi\u0161k\u0105 apsaug\u0105 nuo lietaus, v\u0117jo ir sniego, tod\u0117l j\u016bs\u0173 vaikas i\u0161kyl\u0173 metu bus apsaugotas nuo gamtos stichij\u0173.\t\t\t\t\t<\/p>\n\t\t\t\t\n\t\t\t<\/div>\n\t\t\t\n\t\t<\/div>\n\t\t\t\t\t\t<\/div>\n\t\t\t\t<\/div>\n\t\t\t\t<div class=\"elementor-element elementor-element-510429b elementor-position-inline-start elementor-mobile-position-inline-start elementor-view-default elementor-widget elementor-widget-icon-box\" data-id=\"510429b\" data-element_type=\"widget\" data-e-type=\"widget\" data-widget_type=\"icon-box.default\">\n\t\t\t\t<div class=\"elementor-widget-container\">\n\t\t\t\t\t\t\t<div class=\"elementor-icon-box-wrapper\">\n\n\t\t\t\t\t\t<div class=\"elementor-icon-box-icon\">\n\t\t\t\t<span  class=\"elementor-icon\">\n\t\t\t\t\t\t\t\t<\/span>\n\t\t\t<\/div>\n\t\t\t\n\t\t\t\t\t\t<div class=\"elementor-icon-box-content\">\n\n\t\t\t\t\t\t\t\t\t<h3 class=\"elementor-icon-box-title\">\n\t\t\t\t\t\t<span  >\n\t\t\t\t\t\t\tPrieiga prie priekinio lango\t\t\t\t\t\t<\/span>\n\t\t\t\t\t<\/h3>\n\t\t\t\t\n\t\t\t\t\t\t\t\t\t<p class=\"elementor-icon-box-description\">\n\t\t\t\t\t\tAntklod\u0117 turi priekin\u012f langel\u012f, tod\u0117l greitai ir lengvai pasieksite savo vaik\u0105, kad gal\u0117tum\u0117te j\u012f patikrinti ar patenkinti jo poreikius nenuimdami antklod\u0117s.\t\t\t\t\t<\/p>\n\t\t\t\t\n\t\t\t<\/div>\n\t\t\t\n\t\t<\/div>\n\t\t\t\t\t\t<\/div>\n\t\t\t\t<\/div>\n\t\t\t\t<div class=\"elementor-element elementor-element-13404a3 elementor-position-inline-start elementor-mobile-position-inline-start elementor-view-default elementor-widget elementor-widget-icon-box\" data-id=\"13404a3\" data-element_type=\"widget\" data-e-type=\"widget\" data-widget_type=\"icon-box.default\">\n\t\t\t\t<div class=\"elementor-widget-container\">\n\t\t\t\t\t\t\t<div class=\"elementor-icon-box-wrapper\">\n\n\t\t\t\t\t\t<div class=\"elementor-icon-box-icon\">\n\t\t\t\t<span  class=\"elementor-icon\">\n\t\t\t\t\t\t\t\t<\/span>\n\t\t\t<\/div>\n\t\t\t\n\t\t\t\t\t\t<div class=\"elementor-icon-box-content\">\n\n\t\t\t\t\t\t\t\t\t<h3 class=\"elementor-icon-box-title\">\n\t\t\t\t\t\t<span  >\n\t\t\t\t\t\t\tUniversalus pritaikymas\t\t\t\t\t\t<\/span>\n\t\t\t\t\t<\/h3>\n\t\t\t\t\n\t\t\t\t\t\t\t\t\t<p class=\"elementor-icon-box-description\">\n\t\t\t\t\t\t\u0160is u\u017evalkalas, pritaikytas tiek \"Tutis\" ne\u0161iojamajam lop\u0161iui, tiek s\u0117dynei, yra universalus ir tinka \u012fvairiais vaiko augimo etapais.\t\t\t\t\t<\/p>\n\t\t\t\t\n\t\t\t<\/div>\n\t\t\t\n\t\t<\/div>\n\t\t\t\t\t\t<\/div>\n\t\t\t\t<\/div>\n\t\t\t\t<div class=\"elementor-element elementor-element-232dd5d elementor-position-inline-start elementor-mobile-position-inline-start elementor-view-default elementor-widget elementor-widget-icon-box\" data-id=\"232dd5d\" data-element_type=\"widget\" data-e-type=\"widget\" data-widget_type=\"icon-box.default\">\n\t\t\t\t<div class=\"elementor-widget-container\">\n\t\t\t\t\t\t\t<div class=\"elementor-icon-box-wrapper\">\n\n\t\t\t\t\t\t<div class=\"elementor-icon-box-icon\">\n\t\t\t\t<span  class=\"elementor-icon\">\n\t\t\t\t\t\t\t\t<\/span>\n\t\t\t<\/div>\n\t\t\t\n\t\t\t\t\t\t<div class=\"elementor-icon-box-content\">\n\n\t\t\t\t\t\t\t\t\t<h3 class=\"elementor-icon-box-title\">\n\t\t\t\t\t\t<span  >\n\t\t\t\t\t\t\tLengva naudoti\t\t\t\t\t\t<\/span>\n\t\t\t\t\t<\/h3>\n\t\t\t\t\n\t\t\t\t\t\t\t\t\t<p class=\"elementor-icon-box-description\">\n\t\t\t\t\t\tLietaus dangt\u012f paprasta u\u017ed\u0117ti ir nuimti, tod\u0117l j\u012f galima greitai pritaikyti ir u\u017etikrinti, kad j\u016bs\u0173 ve\u017eim\u0117lis visada b\u016bt\u0173 pasiruo\u0161\u0119s nenusp\u0117jamam orui.\t\t\t\t\t<\/p>\n\t\t\t\t\n\t\t\t<\/div>\n\t\t\t\n\t\t<\/div>\n\t\t\t\t\t\t<\/div>\n\t\t\t\t<\/div>\n\t\t\t\t<\/div>\n\t\t\t\t\t<\/div>\n\t\t\t\t<\/div>\n\t\t<div class=\"elementor-element elementor-element-6be8bc2 aft_buy_sect e-flex e-con-boxed e-con e-parent\" data-id=\"6be8bc2\" data-element_type=\"container\" data-e-type=\"container\">\n\t\t\t\t\t<div class=\"e-con-inner\">\n\t\t<div class=\"elementor-element elementor-element-70d291e e-con-full cus_wdt e-flex e-con e-child\" data-id=\"70d291e\" data-element_type=\"container\" data-e-type=\"container\">\n\t\t\t\t<div class=\"elementor-element elementor-element-c9af539 elementor-hidden-tablet elementor-hidden-mobile elementor-widget elementor-widget-image\" data-id=\"c9af539\" data-element_type=\"widget\" data-e-type=\"widget\" data-widget_type=\"image.default\">\n\t\t\t\t<div class=\"elementor-widget-container\">\n\t\t\t\t\t\t\t\t\t\t\t\t\t\t\t<img decoding=\"async\" src=\"https:\/\/tutis.lt\/bllg_files\/2024\/08\/secured-payment-2.jpg\" title=\"\" alt=\"\" loading=\"lazy\" \/>\t\t\t\t\t\t\t\t\t\t\t\t\t\t\t<\/div>\n\t\t\t\t<\/div>\n\t\t\t\t<div class=\"elementor-element elementor-element-17dfaba elementor-hidden-desktop elementor-widget elementor-widget-image\" data-id=\"17dfaba\" data-element_type=\"widget\" data-e-type=\"widget\" data-widget_type=\"image.default\">\n\t\t\t\t<div class=\"elementor-widget-container\">\n\t\t\t\t\t\t\t\t\t\t\t\t\t\t\t<img decoding=\"async\" src=\"https:\/\/tutis.lt\/bllg_files\/2024\/07\/Frame-592.png\" title=\"\" alt=\"\" loading=\"lazy\" \/>\t\t\t\t\t\t\t\t\t\t\t\t\t\t\t<\/div>\n\t\t\t\t<\/div>\n\t\t\t\t<div class=\"elementor-element elementor-element-c8ba234 sng_prd_popup elementor-widget elementor-widget-shortcode\" data-id=\"c8ba234\" data-element_type=\"widget\" data-e-type=\"widget\" data-widget_type=\"shortcode.default\">\n\t\t\t\t<div class=\"elementor-widget-container\">\n\t\t\t\t\t\t\t<div class=\"elementor-shortcode\">[wpforms id=\"645\"]<\/div>\n\t\t\t\t\t\t<\/div>\n\t\t\t\t<\/div>\n\t\t<div class=\"elementor-element elementor-element-5957cab e-con-full e-flex e-con e-child\" data-id=\"5957cab\" data-element_type=\"container\" data-e-type=\"container\">\n\t\t\t\t<div class=\"elementor-element elementor-element-399d9b4 elementor-widget__width-auto elementor-mobile-align-justify elementor-widget-mobile__width-inherit elementor-tablet-align-justify elementor-widget-tablet__width-inherit elementor-align-left ico_btn elementor-widget elementor-widget-button\" data-id=\"399d9b4\" data-element_type=\"widget\" data-e-type=\"widget\" data-widget_type=\"button.default\">\n\t\t\t\t<div class=\"elementor-widget-container\">\n\t\t\t\t\t\t\t\t\t<div class=\"elementor-button-wrapper\">\n\t\t\t\t\t<a class=\"elementor-button elementor-button-link elementor-size-sm\" href=\"#\">\n\t\t\t\t\t\t<span class=\"elementor-button-content-wrapper\">\n\t\t\t\t\t\t<span class=\"elementor-button-icon\">\n\t\t\t\t\t\t\t<\/span>\n\t\t\t\t\t\t\t\t\t<span class=\"elementor-button-text\">Atsisi\u0173sti naudotojo vadov\u0105<\/span>\n\t\t\t\t\t<\/span>\n\t\t\t\t\t<\/a>\n\t\t\t\t<\/div>\n\t\t\t\t\t\t\t\t<\/div>\n\t\t\t\t<\/div>\n\t\t\t\t<div class=\"elementor-element elementor-element-ef396cf elementor-widget__width-initial elementor-mobile-align-justify elementor-widget-mobile__width-inherit elementor-tablet-align-justify elementor-widget-tablet__width-inherit btn_form_popup elementor-align-justify elementor-widget elementor-widget-button\" data-id=\"ef396cf\" data-element_type=\"widget\" data-e-type=\"widget\" data-widget_type=\"button.default\">\n\t\t\t\t<div class=\"elementor-widget-container\">\n\t\t\t\t\t\t\t\t\t<div class=\"elementor-button-wrapper\">\n\t\t\t\t\t<a class=\"elementor-button elementor-button-link elementor-size-sm\" href=\"#service_centre\">\n\t\t\t\t\t\t<span class=\"elementor-button-content-wrapper\">\n\t\t\t\t\t\t\t\t\t<span class=\"elementor-button-text\">Reikia pagalbos?<\/span>\n\t\t\t\t\t<\/span>\n\t\t\t\t\t<\/a>\n\t\t\t\t<\/div>\n\t\t\t\t\t\t\t\t<\/div>\n\t\t\t\t<\/div>\n\t\t\t\t<\/div>\n\t\t\t\t<\/div>\n\t\t\t\t\t<\/div>\n\t\t\t\t<\/div>\n\t\t<div class=\"elementor-element elementor-element-8428119 e-flex e-con-boxed e-con e-parent\" data-id=\"8428119\" data-element_type=\"container\" data-e-type=\"container\">\n\t\t\t\t\t<div class=\"e-con-inner\">\n\t\t<div class=\"elementor-element elementor-element-6bb3da7 e-con-full e-flex e-con e-child\" data-id=\"6bb3da7\" data-element_type=\"container\" data-e-type=\"container\">\n\t\t<div class=\"elementor-element elementor-element-ceb7884 e-con-full e-flex e-con e-child\" data-id=\"ceb7884\" data-element_type=\"container\" data-e-type=\"container\">\n\t\t\t\t<div class=\"elementor-element elementor-element-13f4c56 elementor-widget elementor-widget-heading\" data-id=\"13f4c56\" data-element_type=\"widget\" data-e-type=\"widget\" data-widget_type=\"heading.default\">\n\t\t\t\t<div class=\"elementor-widget-container\">\n\t\t\t\t\t<h2 class=\"elementor-heading-title elementor-size-default\">Apie \"Rain Cover<\/h2>\t\t\t\t<\/div>\n\t\t\t\t<\/div>\n\t\t\t\t<div class=\"elementor-element elementor-element-d9be680 elementor-widget elementor-widget-text-editor\" data-id=\"d9be680\" data-element_type=\"widget\" data-e-type=\"widget\" data-widget_type=\"text-editor.default\">\n\t\t\t\t<div class=\"elementor-widget-container\">\n\t\t\t\t\t\t\t\t\t<p>&#8222;Tutis&#8221; apsauga nuo lietaus skirta apsaugoti vaik\u0105 nuo gamtos stichij\u0173, \u012fskaitant liet\u0173, v\u0117j\u0105 ir snieg\u0105. Jis patikimai u\u017edengia ir &#8222;Tutis&#8221; ne\u0161iojam\u0105j\u012f lop\u0161\u012f, ir s\u0117dyn\u0119, tod\u0117l j\u016bs\u0173 ma\u017eylis i\u0161liks sausas ir patogus nepriklausomai nuo oro s\u0105lyg\u0173. \u0160\u012f lietpalt\u012f su patogiu priekiniu langeliu, per kur\u012f galima greitai patekti \u012f automobil\u012f, lengva naudoti, tod\u0117l jis yra b\u016btinas priedas kiekvienam t\u0117vui.  <\/p>\t\t\t\t\t\t\t\t<\/div>\n\t\t\t\t<\/div>\n\t\t\t\t<div class=\"elementor-element elementor-element-7f429c4 elementor-widget elementor-widget-heading\" data-id=\"7f429c4\" data-element_type=\"widget\" data-e-type=\"widget\" data-widget_type=\"heading.default\">\n\t\t\t\t<div class=\"elementor-widget-container\">\n\t\t\t\t\t<h3 class=\"elementor-heading-title elementor-size-default\">Kod\u0117l verta rinktis \"Tutis\" lietpalt\u012f?  <\/h3>\t\t\t\t<\/div>\n\t\t\t\t<\/div>\n\t\t\t\t<div class=\"elementor-element elementor-element-45be328 elementor-widget elementor-widget-text-editor\" data-id=\"45be328\" data-element_type=\"widget\" data-e-type=\"widget\" data-widget_type=\"text-editor.default\">\n\t\t\t\t<div class=\"elementor-widget-container\">\n\t\t\t\t\t\t\t\t\t<p>&#8222;Tutis&#8221; lietpaltis yra prakti\u0161kas ir b\u016btinas priedas t\u0117vams, norintiems apsaugoti vaik\u0105 nuo nepalanki\u0173 oro s\u0105lyg\u0173. D\u0117l apgalvoto dizaino, \u012fskaitant priekin\u012f langel\u012f, per kur\u012f galima lengvai patekti \u012f ve\u017eim\u0117l\u012f, jis yra patogus &#8222;Tutis&#8221; ve\u017eim\u0117lio komplektacijos priedas. <\/p>\t\t\t\t\t\t\t\t<\/div>\n\t\t\t\t<\/div>\n\t\t\t\t<\/div>\n\t\t<div class=\"elementor-element elementor-element-a20416d e-con-full e-flex e-con e-child\" data-id=\"a20416d\" data-element_type=\"container\" data-e-type=\"container\">\n\t\t\t\t<div class=\"elementor-element elementor-element-8a761fe elementor-widget elementor-widget-image\" data-id=\"8a761fe\" data-element_type=\"widget\" data-e-type=\"widget\" data-widget_type=\"image.default\">\n\t\t\t\t<div class=\"elementor-widget-container\">\n\t\t\t\t\t\t\t\t\t\t\t\t\t\t\t<img fetchpriority=\"high\" decoding=\"async\" width=\"1024\" height=\"1024\" src=\"https:\/\/tutis.lt\/wp-content\/uploads\/2024\/08\/tutis_rain_cover.webp\" class=\"attachment-full size-full wp-image-14712\" alt=\"tutis_rain_cover\" srcset=\"https:\/\/tutis.lt\/wp-content\/uploads\/2024\/08\/tutis_rain_cover.webp 1024w, https:\/\/tutis.lt\/wp-content\/uploads\/2024\/08\/tutis_rain_cover-300x300.webp 300w, https:\/\/tutis.lt\/wp-content\/uploads\/2024\/08\/tutis_rain_cover-150x150.webp 150w, https:\/\/tutis.lt\/wp-content\/uploads\/2024\/08\/tutis_rain_cover-768x768.webp 768w, https:\/\/tutis.lt\/wp-content\/uploads\/2024\/08\/tutis_rain_cover-600x600.webp 600w, https:\/\/tutis.lt\/wp-content\/uploads\/2024\/08\/tutis_rain_cover-100x100.webp 100w\" sizes=\"(max-width: 1024px) 100vw, 1024px\" \/>\t\t\t\t\t\t\t\t\t\t\t\t\t\t\t<\/div>\n\t\t\t\t<\/div>\n\t\t\t\t<\/div>\n\t\t\t\t<\/div>\n\t\t\t\t\t<\/div>\n\t\t\t\t<\/div>\n\t\t<div class=\"elementor-element elementor-element-e9cd2e0 e-flex e-con-boxed e-con e-parent\" data-id=\"e9cd2e0\" data-element_type=\"container\" data-e-type=\"container\" data-settings=\"{&quot;background_background&quot;:&quot;classic&quot;}\">\n\t\t\t\t\t<div class=\"e-con-inner\">\n\t\t\t\t<div class=\"elementor-element elementor-element-23fd36f elementor-widget elementor-widget-heading\" data-id=\"23fd36f\" data-element_type=\"widget\" data-e-type=\"widget\" data-widget_type=\"heading.default\">\n\t\t\t\t<div class=\"elementor-widget-container\">\n\t\t\t\t\t<h2 class=\"elementor-heading-title elementor-size-default\">Specifikacijos<\/h2>\t\t\t\t<\/div>\n\t\t\t\t<\/div>\n\t\t<div class=\"elementor-element elementor-element-b9ea84e e-con-full e-grid e-con e-child\" data-id=\"b9ea84e\" data-element_type=\"container\" data-e-type=\"container\">\n\t\t<div class=\"elementor-element elementor-element-b99a9b7 e-con-full e-flex e-con e-child\" data-id=\"b99a9b7\" data-element_type=\"container\" data-e-type=\"container\">\n\t\t\t\t<div class=\"elementor-element elementor-element-d0e2c5a elementor-widget__width-initial elementor-widget elementor-widget-text-editor\" data-id=\"d0e2c5a\" data-element_type=\"widget\" data-e-type=\"widget\" data-widget_type=\"text-editor.default\">\n\t\t\t\t<div class=\"elementor-widget-container\">\n\t\t\t\t\t\t\t\t\t<p><span style=\"font-family: Outfit, sans-serif;\">U\u017etikrinkite savo vaiko komfort\u0105 ir apsaug\u0105 bet kokiomis oro s\u0105lygomis su &#8222;Tutis&#8221; lietaus apdangalu ir m\u0117gaukit\u0117s ramybe kiekvieno nuotykio metu.<\/span><\/p>\t\t\t\t\t\t\t\t<\/div>\n\t\t\t\t<\/div>\n\t\t\t\t<\/div>\n\t\t<div class=\"elementor-element elementor-element-6b90da0 e-con-full e-flex e-con e-child\" data-id=\"6b90da0\" data-element_type=\"container\" data-e-type=\"container\">\n\t\t\t\t<div class=\"elementor-element elementor-element-c10c72f elementor-widget elementor-widget-heading\" data-id=\"c10c72f\" data-element_type=\"widget\" data-e-type=\"widget\" data-widget_type=\"heading.default\">\n\t\t\t\t<div class=\"elementor-widget-container\">\n\t\t\t\t\t<h2 class=\"elementor-heading-title elementor-size-default\">Pagrindin\u0117s specifikacijos:\n<\/h2>\t\t\t\t<\/div>\n\t\t\t\t<\/div>\n\t\t\t\t<div class=\"elementor-element elementor-element-f73e90b elementor-widget__width-initial elementor-widget elementor-widget-text-editor\" data-id=\"f73e90b\" data-element_type=\"widget\" data-e-type=\"widget\" data-widget_type=\"text-editor.default\">\n\t\t\t\t<div class=\"elementor-widget-container\">\n\t\t\t\t\t\t\t\t\t<p><b>Apsauga<\/b><span style=\"font-weight: 400;\">: Apsauga nuo lietaus, v\u0117jo ir sniego<\/span><\/p><p><b>Prieiga<\/b><span style=\"font-weight: 400;\">: Priekinis langas, kad vaikas gal\u0117t\u0173 lengvai prieiti<\/span><\/p><p><b>Suderinamumas<\/b><span style=\"font-weight: 400;\">: Tinka &#8222;Tutis&#8221; ve\u017eim\u0117liui ir k\u0117dutei<\/span><\/p><p><b>Naudojimo paprastumas<\/b><span style=\"font-weight: 400;\">: Paprasta u\u017ed\u0117ti ir nuimti.<\/span><\/p><p> <\/p><p> <\/p>\t\t\t\t\t\t\t\t<\/div>\n\t\t\t\t<\/div>\n\t\t\t\t<\/div>\n\t\t\t\t<\/div>\n\t\t<div class=\"elementor-element elementor-element-c20e8e8 e-con-full e-flex e-con e-child\" data-id=\"c20e8e8\" data-element_type=\"container\" data-e-type=\"container\">\n\t\t\t\t<div class=\"elementor-element elementor-element-b3538bf btn_form_popup elementor-widget elementor-widget-button\" data-id=\"b3538bf\" data-element_type=\"widget\" data-e-type=\"widget\" data-widget_type=\"button.default\">\n\t\t\t\t<div class=\"elementor-widget-container\">\n\t\t\t\t\t\t\t\t\t<div class=\"elementor-button-wrapper\">\n\t\t\t\t\t<a class=\"elementor-button elementor-size-sm\" role=\"button\">\n\t\t\t\t\t\t<span class=\"elementor-button-content-wrapper\">\n\t\t\t\t\t\t\t\t\t<span class=\"elementor-button-text\">Reikia pagalbos ?<\/span>\n\t\t\t\t\t<\/span>\n\t\t\t\t\t<\/a>\n\t\t\t\t<\/div>\n\t\t\t\t\t\t\t\t<\/div>\n\t\t\t\t<\/div>\n\t\t\t\t<\/div>\n\t\t\t\t\t<\/div>\n\t\t\t\t<\/div>\n\t\t<div class=\"elementor-element elementor-element-e867231 e-flex e-con-boxed e-con e-parent\" data-id=\"e867231\" data-element_type=\"container\" data-e-type=\"container\">\n\t\t\t\t\t<div class=\"e-con-inner\">\n\t\t<div class=\"elementor-element elementor-element-41b4bf2 e-con-full e-flex e-con e-child\" data-id=\"41b4bf2\" data-element_type=\"container\" data-e-type=\"container\">\n\t\t\t\t<div class=\"elementor-element elementor-element-837aa25 elementor-widget elementor-widget-image\" data-id=\"837aa25\" data-element_type=\"widget\" data-e-type=\"widget\" data-widget_type=\"image.default\">\n\t\t\t\t<div class=\"elementor-widget-container\">\n\t\t\t\t\t\t\t\t\t\t\t\t\t\t\t<img decoding=\"async\" width=\"1440\" height=\"640\" src=\"https:\/\/tutis.lt\/wp-content\/uploads\/2024\/08\/Frame-607.png\" class=\"attachment-full size-full wp-image-14718\" alt=\"child002\" srcset=\"https:\/\/tutis.lt\/wp-content\/uploads\/2024\/08\/Frame-607.png 1440w, https:\/\/tutis.lt\/wp-content\/uploads\/2024\/08\/Frame-607-300x133.png 300w, https:\/\/tutis.lt\/wp-content\/uploads\/2024\/08\/Frame-607-1024x455.png 1024w, https:\/\/tutis.lt\/wp-content\/uploads\/2024\/08\/Frame-607-768x341.png 768w, https:\/\/tutis.lt\/wp-content\/uploads\/2024\/08\/Frame-607-600x267.png 600w\" sizes=\"(max-width: 1440px) 100vw, 1440px\" \/>\t\t\t\t\t\t\t\t\t\t\t\t\t\t\t<\/div>\n\t\t\t\t<\/div>\n\t\t\t\t<\/div>\n\t\t<div class=\"elementor-element elementor-element-f997467 e-con-full e-flex e-con e-child\" data-id=\"f997467\" data-element_type=\"container\" data-e-type=\"container\">\n\t\t<div class=\"elementor-element elementor-element-ae5f3ba e-grid e-con-full e-con e-child\" data-id=\"ae5f3ba\" data-element_type=\"container\" data-e-type=\"container\">\n\t\t\t\t<div class=\"elementor-element elementor-element-ab6f6df elementor-widget elementor-widget-heading\" data-id=\"ab6f6df\" data-element_type=\"widget\" data-e-type=\"widget\" data-widget_type=\"heading.default\">\n\t\t\t\t<div class=\"elementor-widget-container\">\n\t\t\t\t\t<h2 class=\"elementor-heading-title elementor-size-default\">Daugkartin\u0117 pakuot\u0117 ir \u017ealioji energija<\/h2>\t\t\t\t<\/div>\n\t\t\t\t<\/div>\n\t\t<div class=\"elementor-element elementor-element-651e18c e-con-full e-flex e-con e-child\" data-id=\"651e18c\" data-element_type=\"container\" data-e-type=\"container\">\n\t\t\t\t<div class=\"elementor-element elementor-element-b047a0f elementor-widget elementor-widget-text-editor\" data-id=\"b047a0f\" data-element_type=\"widget\" data-e-type=\"widget\" data-widget_type=\"text-editor.default\">\n\t\t\t\t<div class=\"elementor-widget-container\">\n\t\t\t\t\t\t\t\t\t<p>Padvigubiname savo saul\u0117s baterij\u0173 \u016bkio paj\u0117gumus, teikdami pirmenyb\u0119 tvarumui ir inovacijoms. Naudodami saul\u0117s energij\u0105 darome didel\u012f poveik\u012f aplinkai. <\/p>\t\t\t\t\t\t\t\t<\/div>\n\t\t\t\t<\/div>\n\t\t\t\t<div class=\"elementor-element elementor-element-7ec9375 elementor-widget elementor-widget-text-editor\" data-id=\"7ec9375\" data-element_type=\"widget\" data-e-type=\"widget\" data-widget_type=\"text-editor.default\">\n\t\t\t\t<div class=\"elementor-widget-container\">\n\t\t\t\t\t\t\t\t\t<p>Iki \u0161iol m\u016bs\u0173 pastangomis pavyko i\u0161vengti daugiau kaip 82 000 kg anglies deginimo ir 97 500 kg CO2 i\u0161metimo, o tai prilygsta 134 med\u017ei\u0173 sodinimui. Kartu toliau kurkime \u0161varesn\u0119, ekologi\u0161kesn\u0119 Lietuv\u0105, ekologi\u0161kesn\u0119 Europ\u0105! \ud83c\udf1e\ud83c\udf33  <\/p>\t\t\t\t\t\t\t\t<\/div>\n\t\t\t\t<\/div>\n\t\t\t\t<\/div>\n\t\t<div class=\"elementor-element elementor-element-35403df e-grid e-con-full e-con e-child\" data-id=\"35403df\" data-element_type=\"container\" data-e-type=\"container\">\n\t\t\t\t<\/div>\n\t\t<div class=\"elementor-element elementor-element-78c99a6 e-grid e-con-full e-con e-child\" data-id=\"78c99a6\" data-element_type=\"container\" data-e-type=\"container\">\n\t\t<div class=\"elementor-element elementor-element-362018f e-con-full e-flex e-con e-child\" data-id=\"362018f\" data-element_type=\"container\" data-e-type=\"container\">\n\t\t\t\t<div class=\"elementor-element elementor-element-7d6e706 elementor-widget elementor-widget-heading\" data-id=\"7d6e706\" data-element_type=\"widget\" data-e-type=\"widget\" data-widget_type=\"heading.default\">\n\t\t\t\t<div class=\"elementor-widget-container\">\n\t\t\t\t\t<h2 class=\"elementor-heading-title elementor-size-default\">82 000 +<\/h2>\t\t\t\t<\/div>\n\t\t\t\t<\/div>\n\t\t\t\t<div class=\"elementor-element elementor-element-c481451 elementor-widget elementor-widget-text-editor\" data-id=\"c481451\" data-element_type=\"widget\" data-e-type=\"widget\" data-widget_type=\"text-editor.default\">\n\t\t\t\t<div class=\"elementor-widget-container\">\n\t\t\t\t\t\t\t\t\t<p>U\u017ekirstas kelias anglims<\/p>\t\t\t\t\t\t\t\t<\/div>\n\t\t\t\t<\/div>\n\t\t\t\t<\/div>\n\t\t<div class=\"elementor-element elementor-element-9a3964e e-con-full e-flex e-con e-child\" data-id=\"9a3964e\" data-element_type=\"container\" data-e-type=\"container\">\n\t\t\t\t<div class=\"elementor-element elementor-element-fd7e949 elementor-widget elementor-widget-heading\" data-id=\"fd7e949\" data-element_type=\"widget\" data-e-type=\"widget\" data-widget_type=\"heading.default\">\n\t\t\t\t<div class=\"elementor-widget-container\">\n\t\t\t\t\t<h2 class=\"elementor-heading-title elementor-size-default\">97 500 +<\/h2>\t\t\t\t<\/div>\n\t\t\t\t<\/div>\n\t\t\t\t<div class=\"elementor-element elementor-element-4a58d45 elementor-widget elementor-widget-text-editor\" data-id=\"4a58d45\" data-element_type=\"widget\" data-e-type=\"widget\" data-widget_type=\"text-editor.default\">\n\t\t\t\t<div class=\"elementor-widget-container\">\n\t\t\t\t\t\t\t\t\t<p>I\u0161vengtas i\u0161metamo CO2 kiekis<\/p>\t\t\t\t\t\t\t\t<\/div>\n\t\t\t\t<\/div>\n\t\t\t\t<\/div>\n\t\t\t\t<\/div>\n\t\t\t\t<\/div>\n\t\t\t\t<\/div>\n\t\t\t\t\t<\/div>\n\t\t\t\t<\/div>\n\t\t<div class=\"elementor-element elementor-element-d1730ac e-flex e-con-boxed e-con e-parent\" data-id=\"d1730ac\" data-element_type=\"container\" data-e-type=\"container\">\n\t\t\t\t\t<div class=\"e-con-inner\">\n\t\t\t\t\t<\/div>\n\t\t\t\t<\/div>\n\t\t\t\t<\/div>\n\t\t","protected":false},"excerpt":{"rendered":"<p>Funkcijos Apsauga nuo oro s\u0105lyg\u0173 Dangtis nuo lietaus u\u017etikrina visapusi\u0161k\u0105 apsaug\u0105 nuo lietaus, v\u0117jo ir sniego, tod\u0117l j\u016bs\u0173 vaikas i\u0161kyl\u0173 metu bus apsaugotas nuo gamtos stichij\u0173. Prieiga prie priekinio lango Antklod\u0117 turi priekin\u012f langel\u012f, tod\u0117l greitai ir lengvai pasieksite savo vaik\u0105, kad gal\u0117tum\u0117te j\u012f patikrinti ar patenkinti jo poreikius nenuimdami antklod\u0117s. Universalus pritaikymas \u0160is u\u017evalkalas, [&hellip;]<\/p>\n","protected":false},"featured_media":17175,"comment_status":"closed","ping_status":"closed","template":"","meta":{"_acf_changed":false,"_seopress_robots_primary_cat":"","_seopress_titles_title":"","_seopress_titles_desc":"","_seopress_robots_index":""},"product_brand":[],"product_cat":[233],"product_tag":[],"class_list":{"0":"post-19930","1":"product","2":"type-product","3":"status-publish","4":"has-post-thumbnail","6":"product_cat-priedai","7":"product_shipping_class-accessories","9":"first","10":"outofstock","11":"taxable","12":"shipping-taxable","13":"product-type-simple"},"acf":[],"_links":{"self":[{"href":"https:\/\/tutis.lt\/lt\/wp-json\/wp\/v2\/product\/19930","targetHints":{"allow":["GET"]}}],"collection":[{"href":"https:\/\/tutis.lt\/lt\/wp-json\/wp\/v2\/product"}],"about":[{"href":"https:\/\/tutis.lt\/lt\/wp-json\/wp\/v2\/types\/product"}],"replies":[{"embeddable":true,"href":"https:\/\/tutis.lt\/lt\/wp-json\/wp\/v2\/comments?post=19930"}],"wp:featuredmedia":[{"embeddable":true,"href":"https:\/\/tutis.lt\/lt\/wp-json\/wp\/v2\/media\/17175"}],"wp:attachment":[{"href":"https:\/\/tutis.lt\/lt\/wp-json\/wp\/v2\/media?parent=19930"}],"wp:term":[{"taxonomy":"product_brand","embeddable":true,"href":"https:\/\/tutis.lt\/lt\/wp-json\/wp\/v2\/product_brand?post=19930"},{"taxonomy":"product_cat","embeddable":true,"href":"https:\/\/tutis.lt\/lt\/wp-json\/wp\/v2\/product_cat?post=19930"},{"taxonomy":"product_tag","embeddable":true,"href":"https:\/\/tutis.lt\/lt\/wp-json\/wp\/v2\/product_tag?post=19930"}],"curies":[{"name":"wp","href":"https:\/\/api.w.org\/{rel}","templated":true}]}}