{"id":20134,"date":"2025-03-14T11:16:34","date_gmt":"2025-03-14T09:16:34","guid":{"rendered":"https:\/\/tutis.lt\/naujienlaiskio-taisykles\/"},"modified":"2025-08-22T11:37:49","modified_gmt":"2025-08-22T08:37:49","slug":"naujienlaiskio-taisykles","status":"publish","type":"page","link":"https:\/\/tutis.lt\/lt\/naujienlaiskio-taisykles\/","title":{"rendered":"Naujienlai\u0161kio taisykl\u0117s"},"content":{"rendered":"\t\t<div data-elementor-type=\"wp-page\" data-elementor-id=\"20134\" class=\"elementor elementor-20134 elementor-12860\" data-elementor-post-type=\"page\">\n\t\t\t\t<section class=\"elementor-element elementor-element-43a0905 e-flex e-con-boxed e-con e-parent\" data-id=\"43a0905\" data-element_type=\"container\" data-e-type=\"container\" data-settings=\"{&quot;background_background&quot;:&quot;classic&quot;}\">\n\t\t\t\t\t<div class=\"e-con-inner\">\n\t\t<div class=\"elementor-element elementor-element-468c6ca e-con-full e-flex e-con e-child\" data-id=\"468c6ca\" data-element_type=\"container\" data-e-type=\"container\">\n\t\t<div class=\"elementor-element elementor-element-721f1ee e-con-full e-flex e-con e-child\" data-id=\"721f1ee\" data-element_type=\"container\" data-e-type=\"container\">\n\t\t\t\t<\/div>\n\t\t\t\t<div class=\"elementor-element elementor-element-805b825 elementor-widget elementor-widget-text-editor\" data-id=\"805b825\" data-element_type=\"widget\" data-e-type=\"widget\" data-widget_type=\"text-editor.default\">\n\t\t\t\t<div class=\"elementor-widget-container\">\n\t\t\t\t\t\t\t\t\t\u012esigaliojimo data 2025-03-14. Jei taisykl\u0117s bus atnaujintos, informuosime jus el. pa\u0161tu. \n\t\t\t\t\t\t\t\t<\/div>\n\t\t\t\t<\/div>\n\t\t\t\t<div class=\"elementor-element elementor-element-cf4ba33 elementor-widget elementor-widget-text-editor\" data-id=\"cf4ba33\" data-element_type=\"widget\" data-e-type=\"widget\" data-widget_type=\"text-editor.default\">\n\t\t\t\t<div class=\"elementor-widget-container\">\n\t\t\t\t\t\t\t\t\tUAB &#8222;Tututis&#8221;, kurios buvein\u0117 yra Raudondvario pl. 127, Kaune, d\u0117kojame, kad domit\u0117s m\u016bs\u0173 naujienlai\u0161kiu. Mums labai svarbi J\u016bs\u0173 asmens duomen\u0173 apsauga. Duomenis tvarkome vadovaudamiesi Europos bendrojo duomen\u0173 apsaugos reglamento (BDAR) nuostatomis ir Lietuvos Respublikos \u012fstatymais.  \n\t\t\t\t\t\t\t\t<\/div>\n\t\t\t\t<\/div>\n\t\t\t\t<div class=\"elementor-element elementor-element-66e3c3b elementor-widget elementor-widget-text-editor\" data-id=\"66e3c3b\" data-element_type=\"widget\" data-e-type=\"widget\" data-widget_type=\"text-editor.default\">\n\t\t\t\t<div class=\"elementor-widget-container\">\n\t\t\t\t\t\t\t\t\tToliau nor\u0117tume jus informuoti apie tai, kokie asmens duomenys tvarkomi jums naudojantis m\u016bs\u0173 svetain\u0117s www.tutis.lt naujienlai\u0161kiu.\t\t\t\t\t\t\t\t<\/div>\n\t\t\t\t<\/div>\n\t\t\t\t<\/div>\n\t\t<div class=\"elementor-element elementor-element-a311efd e-con-full e-flex e-con e-child\" data-id=\"a311efd\" data-element_type=\"container\" data-e-type=\"container\">\n\t\t\t\t<div class=\"elementor-element elementor-element-9490a3f elementor-widget elementor-widget-heading\" data-id=\"9490a3f\" data-element_type=\"widget\" data-e-type=\"widget\" data-widget_type=\"heading.default\">\n\t\t\t\t<div class=\"elementor-widget-container\">\n\t\t\t\t\t<h2 class=\"elementor-heading-title elementor-size-default\">1. Duomen\u0173 valdytojas<\/h2>\t\t\t\t<\/div>\n\t\t\t\t<\/div>\n\t\t\t\t<div class=\"elementor-element elementor-element-66ae40a elementor-widget elementor-widget-text-editor\" data-id=\"66ae40a\" data-element_type=\"widget\" data-e-type=\"widget\" data-widget_type=\"text-editor.default\">\n\t\t\t\t<div class=\"elementor-widget-container\">\n\t\t\t\t\t\t\t\t\tDuomen\u0173 tvarkymo duomen\u0173 valdytojas yra UAB &#8222;Tututis&#8221;, kurios registruota buvein\u0117 yra Raudondvario pl. 127, Kaunas, Lietuva. M\u016bs\u0173 kontaktiniai duomenys yra \u0161ie: \t\t\t\t\t\t\t\t<\/div>\n\t\t\t\t<\/div>\n\t\t\t\t<div class=\"elementor-element elementor-element-4db4c97 elementor-widget elementor-widget-text-editor\" data-id=\"4db4c97\" data-element_type=\"widget\" data-e-type=\"widget\" data-widget_type=\"text-editor.default\">\n\t\t\t\t<div class=\"elementor-widget-container\">\n\t\t\t\t\t\t\t\t\t<strong>UAB &#8222;Tututis<\/strong><strong>&#8222;<\/strong>\n<strong>\u012emon\u0117s kodas:<\/strong> 135922996\n<strong>Adresas:<\/strong> Raudondvario pl. 127, Kaunas, Lietuva\n<strong>El. pa\u0161tas:<\/strong><a style=\"color: #c4d1c4;\" href=\"mailto:support@tutis.lt\"> support@tutis.lt<\/a>\t\t\t\t\t\t\t\t<\/div>\n\t\t\t\t<\/div>\n\t\t\t\t<\/div>\n\t\t<div class=\"elementor-element elementor-element-d25351f e-con-full e-flex e-con e-child\" data-id=\"d25351f\" data-element_type=\"container\" data-e-type=\"container\">\n\t\t\t\t<div class=\"elementor-element elementor-element-375ab15 elementor-widget elementor-widget-heading\" data-id=\"375ab15\" data-element_type=\"widget\" data-e-type=\"widget\" data-widget_type=\"heading.default\">\n\t\t\t\t<div class=\"elementor-widget-container\">\n\t\t\t\t\t<h2 class=\"elementor-heading-title elementor-size-default\">2. J\u016bs\u0173 duomen\u0173 rinkimas<\/h2>\t\t\t\t<\/div>\n\t\t\t\t<\/div>\n\t\t\t\t<div class=\"elementor-element elementor-element-6e84e51 elementor-widget elementor-widget-text-editor\" data-id=\"6e84e51\" data-element_type=\"widget\" data-e-type=\"widget\" data-widget_type=\"text-editor.default\">\n\t\t\t\t<div class=\"elementor-widget-container\">\n\t\t\t\t\t\t\t\t\tPrenumeruodami m\u016bs\u0173 naujienlai\u0161k\u012f, pateikiate mums el. pa\u0161to adres\u0105, kuriuo jums si\u0173sime naujienlai\u0161k\u012f, tod\u0117l pateikt\u0105 el. pa\u0161to adres\u0105 renkame kaip duomenis.\t\t\t\t\t\t\t\t<\/div>\n\t\t\t\t<\/div>\n\t\t\t\t<\/div>\n\t\t<div class=\"elementor-element elementor-element-113e48c e-con-full e-flex e-con e-child\" data-id=\"113e48c\" data-element_type=\"container\" data-e-type=\"container\">\n\t\t\t\t<div class=\"elementor-element elementor-element-b2dbb7b elementor-widget elementor-widget-heading\" data-id=\"b2dbb7b\" data-element_type=\"widget\" data-e-type=\"widget\" data-widget_type=\"heading.default\">\n\t\t\t\t<div class=\"elementor-widget-container\">\n\t\t\t\t\t<h2 class=\"elementor-heading-title elementor-size-default\">3. Naujienlai\u0161kio turinys<\/h2>\t\t\t\t<\/div>\n\t\t\t\t<\/div>\n\t\t\t\t<div class=\"elementor-element elementor-element-e8979a9 elementor-widget elementor-widget-text-editor\" data-id=\"e8979a9\" data-element_type=\"widget\" data-e-type=\"widget\" data-widget_type=\"text-editor.default\">\n\t\t\t\t<div class=\"elementor-widget-container\">\n\t\t\t\t\t\t\t\t\tM\u016bs\u0173 naujienlai\u0161kyje pateikiamos naujienos apie m\u016bs\u0173 naujausius produktus ir taikomas nuolaidas, taip pat kita su m\u016bs\u0173 prek\u0117s \u017eenklu ir svetaine susijusi informacija, kuri bus siun\u010diama el. pa\u0161to adresu jokubas@tututis.lt .\t\t\t\t\t\t\t\t<\/div>\n\t\t\t\t<\/div>\n\t\t\t\t<\/div>\n\t\t<div class=\"elementor-element elementor-element-30a1eaa e-con-full e-flex e-con e-child\" data-id=\"30a1eaa\" data-element_type=\"container\" data-e-type=\"container\">\n\t\t\t\t<div class=\"elementor-element elementor-element-8fa0057 elementor-widget elementor-widget-heading\" data-id=\"8fa0057\" data-element_type=\"widget\" data-e-type=\"widget\" data-widget_type=\"heading.default\">\n\t\t\t\t<div class=\"elementor-widget-container\">\n\t\t\t\t\t<h2 class=\"elementor-heading-title elementor-size-default\">4. Duomen\u0173 tvarkymo teisinis pagrindas ir laikotarpis\n<\/h2>\t\t\t\t<\/div>\n\t\t\t\t<\/div>\n\t\t\t\t<div class=\"elementor-element elementor-element-f058b29 elementor-widget elementor-widget-text-editor\" data-id=\"f058b29\" data-element_type=\"widget\" data-e-type=\"widget\" data-widget_type=\"text-editor.default\">\n\t\t\t\t<div class=\"elementor-widget-container\">\n\t\t\t\t\t\t\t\t\tBDAR 6 straipsnio 1 dalies f punktas &#8211; (duomenis) tvarkyti b\u016btina duomen\u0173 valdytojo arba tre\u010diosios \u0161alies teis\u0117tais interesais. J\u016bs\u0173 pateiktus duomenis tvarkysime tol, kol neprie\u0161tarausite, kad j\u016bs\u0173 duomenys b\u016bt\u0173 renkami. \t\t\t\t\t\t\t\t<\/div>\n\t\t\t\t<\/div>\n\t\t\t\t<\/div>\n\t\t<div class=\"elementor-element elementor-element-5c32597 e-con-full e-flex e-con e-child\" data-id=\"5c32597\" data-element_type=\"container\" data-e-type=\"container\">\n\t\t\t\t<div class=\"elementor-element elementor-element-1d61658 elementor-widget elementor-widget-heading\" data-id=\"1d61658\" data-element_type=\"widget\" data-e-type=\"widget\" data-widget_type=\"heading.default\">\n\t\t\t\t<div class=\"elementor-widget-container\">\n\t\t\t\t\t<h2 class=\"elementor-heading-title elementor-size-default\">5. J\u016bs\u0173 teis\u0117s\n<\/h2>\t\t\t\t<\/div>\n\t\t\t\t<\/div>\n\t\t\t\t<div class=\"elementor-element elementor-element-7882fc7 elementor-widget elementor-widget-text-editor\" data-id=\"7882fc7\" data-element_type=\"widget\" data-e-type=\"widget\" data-widget_type=\"text-editor.default\">\n\t\t\t\t<div class=\"elementor-widget-container\">\n\t\t\t\t\t\t\t\t\t<p><strong>Turite teis\u0119:<\/strong><br>Prieiti prie savo duomen\u0173;<br>Pakeisti savo duomenis;<br>Pa\u0161alinti savo duomenis i\u0161 m\u016bs\u0173 duomen\u0173 baz\u0117s;<br>Apriboti savo duomen\u0173 tvarkym\u0105;<br>Prie\u0161tarauti savo duomen\u0173 tvarkymui.<\/p>\t\t\t\t\t\t\t\t<\/div>\n\t\t\t\t<\/div>\n\t\t\t\t<\/div>\n\t\t<div class=\"elementor-element elementor-element-031f9c9 e-con-full e-flex e-con e-child\" data-id=\"031f9c9\" data-element_type=\"container\" data-e-type=\"container\">\n\t\t\t\t<div class=\"elementor-element elementor-element-10e14fa elementor-widget elementor-widget-heading\" data-id=\"10e14fa\" data-element_type=\"widget\" data-e-type=\"widget\" data-widget_type=\"heading.default\">\n\t\t\t\t<div class=\"elementor-widget-container\">\n\t\t\t\t\t<h2 class=\"elementor-heading-title elementor-size-default\">6. Susisiekimas su duomen\u0173 apsaugos pareig\u016bnu\n<\/h2>\t\t\t\t<\/div>\n\t\t\t\t<\/div>\n\t\t\t\t<div class=\"elementor-element elementor-element-39390e5 elementor-widget elementor-widget-text-editor\" data-id=\"39390e5\" data-element_type=\"widget\" data-e-type=\"widget\" data-widget_type=\"text-editor.default\">\n\t\t\t\t<div class=\"elementor-widget-container\">\n\t\t\t\t\t\t\t\t\tJei norite pasinaudoti savo duomen\u0173 apsaugos teis\u0117mis arba turite klausim\u0173 d\u0117l savo duomen\u0173 tvarkymo, pasi\u016blym\u0173 ar skund\u0173, kreipkit\u0117s \u012f m\u016bs\u0173 duomen\u0173 apsaugos pareig\u016bn\u0105 el. pa\u0161tu <a style=\"color: #c4d1c4;\" href=\"mailto:juristas@tututis.lt\">juristas@tututis.lt<\/a>.\t\t\t\t\t\t\t\t<\/div>\n\t\t\t\t<\/div>\n\t\t\t\t<\/div>\n\t\t<div class=\"elementor-element elementor-element-4b45438 e-con-full e-flex e-con e-child\" data-id=\"4b45438\" data-element_type=\"container\" data-e-type=\"container\">\n\t\t\t\t<div class=\"elementor-element elementor-element-d01f419 elementor-widget elementor-widget-heading\" data-id=\"d01f419\" data-element_type=\"widget\" data-e-type=\"widget\" data-widget_type=\"heading.default\">\n\t\t\t\t<div class=\"elementor-widget-container\">\n\t\t\t\t\t<h2 class=\"elementor-heading-title elementor-size-default\">7. Skundai prie\u017ei\u016bros institucijoms\n<\/h2>\t\t\t\t<\/div>\n\t\t\t\t<\/div>\n\t\t\t\t<div class=\"elementor-element elementor-element-2b533f6 elementor-widget elementor-widget-text-editor\" data-id=\"2b533f6\" data-element_type=\"widget\" data-e-type=\"widget\" data-widget_type=\"text-editor.default\">\n\t\t\t\t<div class=\"elementor-widget-container\">\n\t\t\t\t\t\t\t\t\t<p>Jei turite nusiskundim\u0173 d\u0117l savo duomen\u0173 tvarkymo, turite teis\u0119 kreiptis \u012f kompetentingas prie\u017ei\u016bros institucijas. Tai galite padaryti kreipdamiesi \u012f duomen\u0173 apsaugos institucij\u0105, atsaking\u0105 u\u017e j\u016bs\u0173 gyvenam\u0105j\u0105 viet\u0105 ar valstyb\u0119, arba \u012f m\u016bs\u0173 duomen\u0173 apsaugos institucij\u0105, kuri yra atsakinga u\u017e mus, t. y: <br><strong>Valstybin\u0117 duomen\u0173 apsaugos inspekcija<\/strong><br><strong>\u012emon\u0117s kodas:<\/strong> 188607912<br><strong>Adresas:<\/strong> Sapiegos g. 17, Vilnius <br><strong>El. pa\u0161tas<\/strong> <a style=\"color: #c4d1c4;\" href=\"mailto:ada@ada.lt\">: ada@ada.lt<\/a>.<\/p>\t\t\t\t\t\t\t\t<\/div>\n\t\t\t\t<\/div>\n\t\t\t\t<\/div>\n\t\t\t\t\t<\/div>\n\t\t\t\t<\/section>\n\t\t\t\t<\/div>\n\t\t","protected":false},"excerpt":{"rendered":"<p>\u012esigaliojimo data 2025-03-14. Jei taisykl\u0117s bus atnaujintos, informuosime jus el. pa\u0161tu. UAB &#8222;Tututis&#8221;, kurios buvein\u0117 yra Raudondvario pl. 127, Kaune, d\u0117kojame, kad domit\u0117s m\u016bs\u0173 naujienlai\u0161kiu. Mums labai svarbi J\u016bs\u0173 asmens duomen\u0173 apsauga. Duomenis tvarkome vadovaudamiesi Europos bendrojo duomen\u0173 apsaugos reglamento (BDAR) nuostatomis ir Lietuvos Respublikos \u012fstatymais. Toliau nor\u0117tume jus informuoti apie tai, kokie asmens duomenys [&hellip;]<\/p>\n","protected":false},"author":1,"featured_media":0,"parent":0,"menu_order":33,"comment_status":"closed","ping_status":"closed","template":"elementor_theme","meta":{"_acf_changed":false,"_seopress_robots_primary_cat":"","_seopress_titles_title":"","_seopress_titles_desc":"","_seopress_robots_index":"","footnotes":""},"class_list":["post-20134","page","type-page","status-publish","hentry"],"acf":[],"_links":{"self":[{"href":"https:\/\/tutis.lt\/lt\/wp-json\/wp\/v2\/pages\/20134","targetHints":{"allow":["GET"]}}],"collection":[{"href":"https:\/\/tutis.lt\/lt\/wp-json\/wp\/v2\/pages"}],"about":[{"href":"https:\/\/tutis.lt\/lt\/wp-json\/wp\/v2\/types\/page"}],"author":[{"embeddable":true,"href":"https:\/\/tutis.lt\/lt\/wp-json\/wp\/v2\/users\/1"}],"replies":[{"embeddable":true,"href":"https:\/\/tutis.lt\/lt\/wp-json\/wp\/v2\/comments?post=20134"}],"version-history":[{"count":0,"href":"https:\/\/tutis.lt\/lt\/wp-json\/wp\/v2\/pages\/20134\/revisions"}],"wp:attachment":[{"href":"https:\/\/tutis.lt\/lt\/wp-json\/wp\/v2\/media?parent=20134"}],"curies":[{"name":"wp","href":"https:\/\/api.w.org\/{rel}","templated":true}]}}