{"id":20039,"date":"2025-05-09T14:33:56","date_gmt":"2025-05-09T11:33:56","guid":{"rendered":"https:\/\/tutis.lt\/grazinimo-ir-grazinimo-politika\/"},"modified":"2025-08-22T09:56:07","modified_gmt":"2025-08-22T06:56:07","slug":"grazinimo-ir-grazinimo-politika","status":"publish","type":"page","link":"https:\/\/tutis.lt\/lt\/grazinimo-ir-grazinimo-politika\/","title":{"rendered":"Gr\u0105\u017einimo ir gr\u0105\u017einimo politika"},"content":{"rendered":"\t\t<div data-elementor-type=\"wp-page\" data-elementor-id=\"20039\" class=\"elementor elementor-20039 elementor-19\" data-elementor-post-type=\"page\">\n\t\t\t\t<section class=\"elementor-element elementor-element-75789c9 e-flex e-con-boxed e-con e-parent\" data-id=\"75789c9\" data-element_type=\"container\" data-e-type=\"container\" data-settings=\"{&quot;background_background&quot;:&quot;classic&quot;}\">\n\t\t\t\t\t<div class=\"e-con-inner\">\n\t\t<div class=\"elementor-element elementor-element-e229508 e-con-full e-flex e-con e-child\" data-id=\"e229508\" data-element_type=\"container\" data-e-type=\"container\">\n\t\t<div class=\"elementor-element elementor-element-3bf5775 e-con-full e-flex e-con e-child\" data-id=\"3bf5775\" data-element_type=\"container\" data-e-type=\"container\">\n\t\t\t\t<div class=\"elementor-element elementor-element-667a366 elementor-widget elementor-widget-text-editor\" data-id=\"667a366\" data-element_type=\"widget\" data-e-type=\"widget\" data-widget_type=\"text-editor.default\">\n\t\t\t\t<div class=\"elementor-widget-container\">\n\t\t\t\t\t\t\t\t\t<p>UAB &#8222;TUTUTIS&#8221;<\/p>\t\t\t\t\t\t\t\t<\/div>\n\t\t\t\t<\/div>\n\t\t\t\t<\/div>\n\t\t\t\t<div class=\"elementor-element elementor-element-876ec31 elementor-widget elementor-widget-heading\" data-id=\"876ec31\" data-element_type=\"widget\" data-e-type=\"widget\" data-widget_type=\"heading.default\">\n\t\t\t\t<div class=\"elementor-widget-container\">\n\t\t\t\t\t<h2 class=\"elementor-heading-title elementor-size-default\">Pristatymo politika<\/h2>\t\t\t\t<\/div>\n\t\t\t\t<\/div>\n\t\t\t\t<div class=\"elementor-element elementor-element-3040bc8 elementor-widget elementor-widget-heading\" data-id=\"3040bc8\" data-element_type=\"widget\" data-e-type=\"widget\" data-widget_type=\"heading.default\">\n\t\t\t\t<div class=\"elementor-widget-container\">\n\t\t\t\t\t<h3 class=\"elementor-heading-title elementor-size-default\">1. Pristatymo regionai<\/h3>\t\t\t\t<\/div>\n\t\t\t\t<\/div>\n\t\t\t\t<div class=\"elementor-element elementor-element-2ac0f39 elementor-widget elementor-widget-text-editor\" data-id=\"2ac0f39\" data-element_type=\"widget\" data-e-type=\"widget\" data-widget_type=\"text-editor.default\">\n\t\t\t\t<div class=\"elementor-widget-container\">\n\t\t\t\t\t\t\t\t\t<p><strong>Prekes pristatome \u012f:<\/strong><br>Vokietij\u0105, Jungtin\u0119 Karalyst\u0119, Pranc\u016bzij\u0105, Italij\u0105, Ispanij\u0105, Lenkij\u0105, Rumunij\u0105,<br>Nyderlandus, Belgij\u0105, \u010cekij\u0105, \u0160vedij\u0105, Portugalij\u0105, Graikij\u0105, Vengrij\u0105, Austrij\u0105,<br>\u0160veicarij\u0105, Bulgarij\u0105, Serbij\u0105, Danij\u0105, Suomij\u0105, Norvegij\u0105, Slovakij\u0105, Airij\u0105, Kroatij\u0105,<br>Bosnij\u0105 ir Hercegovin\u0105, Moldov\u0105, Lietuv\u0105, Albanij\u0105, Slov\u0117nij\u0105, Latvij\u0105, \u0160iaur\u0117s Makedonij\u0105,<br>Estij\u0105, Liuksemburg\u0105, Juodkalnij\u0105, Malt\u0105, Islandij\u0105. Jei nesate tikri, ar mes siun\u010diame prekes \u012f<br>j\u016bs\u0173 \u0161al\u012f, prie\u0161 pateikdami u\u017esakym\u0105 susisiekite su m\u016bs\u0173 klient\u0173 aptarnavimo skyriumi. <\/p>\t\t\t\t\t\t\t\t<\/div>\n\t\t\t\t<\/div>\n\t\t\t\t<div class=\"elementor-element elementor-element-13a39ec elementor-widget elementor-widget-heading\" data-id=\"13a39ec\" data-element_type=\"widget\" data-e-type=\"widget\" data-widget_type=\"heading.default\">\n\t\t\t\t<div class=\"elementor-widget-container\">\n\t\t\t\t\t<h3 class=\"elementor-heading-title elementor-size-default\">2. Pristatymo terminai<\/h3>\t\t\t\t<\/div>\n\t\t\t\t<\/div>\n\t\t\t\t<div class=\"elementor-element elementor-element-841e8fc elementor-widget elementor-widget-text-editor\" data-id=\"841e8fc\" data-element_type=\"widget\" data-e-type=\"widget\" data-widget_type=\"text-editor.default\">\n\t\t\t\t<div class=\"elementor-widget-container\">\n\t\t\t\t\t\t\t\t\t<p><strong>3\u20135<\/strong> darbo dienos<\/p>\t\t\t\t\t\t\t\t<\/div>\n\t\t\t\t<\/div>\n\t\t\t\t<div class=\"elementor-element elementor-element-324edef elementor-widget elementor-widget-heading\" data-id=\"324edef\" data-element_type=\"widget\" data-e-type=\"widget\" data-widget_type=\"heading.default\">\n\t\t\t\t<div class=\"elementor-widget-container\">\n\t\t\t\t\t<h3 class=\"elementor-heading-title elementor-size-default\">3. Pristatymo i\u0161laidos<\/h3>\t\t\t\t<\/div>\n\t\t\t\t<\/div>\n\t\t\t\t<div class=\"elementor-element elementor-element-af57891 elementor-widget elementor-widget-text-editor\" data-id=\"af57891\" data-element_type=\"widget\" data-e-type=\"widget\" data-widget_type=\"text-editor.default\">\n\t\t\t\t<div class=\"elementor-widget-container\">\n\t\t\t\t\t\t\t\t\tNemokamas pristatymas u\u017esakymams, kuri\u0173 vert\u0117 vir\u0161ija 150 \u20ac. U\u017esakymams, kuri\u0173 vert\u0117 ma\u017eesn\u0117 nei \u0161i suma, taikomas 25 \u20ac fiksuotas mokestis. \t\t\t\t\t\t\t\t<\/div>\n\t\t\t\t<\/div>\n\t\t\t\t<div class=\"elementor-element elementor-element-a507521 elementor-widget elementor-widget-heading\" data-id=\"a507521\" data-element_type=\"widget\" data-e-type=\"widget\" data-widget_type=\"heading.default\">\n\t\t\t\t<div class=\"elementor-widget-container\">\n\t\t\t\t\t<h3 class=\"elementor-heading-title elementor-size-default\">4. Mokes\u010diai ir muito mokes\u010diai<\/h3>\t\t\t\t<\/div>\n\t\t\t\t<\/div>\n\t\t\t\t<div class=\"elementor-element elementor-element-c837e12 elementor-widget elementor-widget-text-editor\" data-id=\"c837e12\" data-element_type=\"widget\" data-e-type=\"widget\" data-widget_type=\"text-editor.default\">\n\t\t\t\t<div class=\"elementor-widget-container\">\n\t\t\t\t\t\t\t\t\tSiuntoms \u012f ES valstybes nares netaikomi jokie papildomi muitai ar mokes\u010diai.\nKlientai yra atsakingi u\u017e visus muitus, mokes\u010dius ar importo mokes\u010dius, kurie gali b\u016bti taikomi j\u0173 \u0161alyje (ne ES valstyb\u0117se nar\u0117se).<br>Pristatymas \u012f kitas ES valstybes nares yra nemokamas.\t\t\t\t\t\t\t\t<\/div>\n\t\t\t\t<\/div>\n\t\t\t\t<div class=\"elementor-element elementor-element-34ede8a elementor-widget elementor-widget-heading\" data-id=\"34ede8a\" data-element_type=\"widget\" data-e-type=\"widget\" data-widget_type=\"heading.default\">\n\t\t\t\t<div class=\"elementor-widget-container\">\n\t\t\t\t\t<h2 class=\"elementor-heading-title elementor-size-default\">Gr\u0105\u017einimo politika<\/h2>\t\t\t\t<\/div>\n\t\t\t\t<\/div>\n\t\t\t\t<div class=\"elementor-element elementor-element-dee1564 elementor-widget elementor-widget-heading\" data-id=\"dee1564\" data-element_type=\"widget\" data-e-type=\"widget\" data-widget_type=\"heading.default\">\n\t\t\t\t<div class=\"elementor-widget-container\">\n\t\t\t\t\t<h3 class=\"elementor-heading-title elementor-size-default\">1. 14 dien\u0173 gr\u0105\u017einimo terminas (ES vartotoj\u0173 teis\u0117s)<\/h3>\t\t\t\t<\/div>\n\t\t\t\t<\/div>\n\t\t\t\t<div class=\"elementor-element elementor-element-bdb2359 elementor-widget elementor-widget-text-editor\" data-id=\"bdb2359\" data-element_type=\"widget\" data-e-type=\"widget\" data-widget_type=\"text-editor.default\">\n\t\t\t\t<div class=\"elementor-widget-container\">\n\t\t\t\t\t\t\t\t\tJ\u016bs turite teis\u0119 gr\u0105\u017einti u\u017esakym\u0105 per 14 dien\u0173 nuo jo gavimo be jokios prie\u017easties,\nvadovaujantis ES vartotoj\u0173 teisi\u0173 direktyva (taip pat taikoma ne ES\nvalstyb\u0117ms nar\u0117ms). Norint gr\u0105\u017einti prek\u0119, reikia: \t\t\t\t\t\t\t\t<\/div>\n\t\t\t\t<\/div>\n\t\t\t\t<div class=\"elementor-element elementor-element-922ba2a elementor-widget elementor-widget-text-editor\" data-id=\"922ba2a\" data-element_type=\"widget\" data-e-type=\"widget\" data-widget_type=\"text-editor.default\">\n\t\t\t\t<div class=\"elementor-widget-container\">\n\t\t\t\t\t\t\t\t\t<ul><li>Prek\u0117 turi b\u016bti nenaudota, originalios b\u016bkl\u0117s ir originalioje pakuot\u0117je.<\/li><li>J\u016bs privalote mums prane\u0161ti apie tai per 14 dien\u0173 nuo gavimo dienos el.pa\u0161tu <a href=\"mailto:support@tututis.lt\">support@tututis.lt<\/a><\/li><\/ul>\t\t\t\t\t\t\t\t<\/div>\n\t\t\t\t<\/div>\n\t\t\t\t<div class=\"elementor-element elementor-element-6613c20 elementor-widget elementor-widget-text-editor\" data-id=\"6613c20\" data-element_type=\"widget\" data-e-type=\"widget\" data-widget_type=\"text-editor.default\">\n\t\t\t\t<div class=\"elementor-widget-container\">\n\t\t\t\t\t\t\t\t\tGin\u010dai, kylantys d\u0117l preki\u0173 gr\u0105\u017einimo, sprend\u017eiami pagal ES ir\nLietuvos teis\u0117s aktus.\t\t\t\t\t\t\t\t<\/div>\n\t\t\t\t<\/div>\n\t\t\t\t<div class=\"elementor-element elementor-element-e418a21 elementor-widget elementor-widget-heading\" data-id=\"e418a21\" data-element_type=\"widget\" data-e-type=\"widget\" data-widget_type=\"heading.default\">\n\t\t\t\t<div class=\"elementor-widget-container\">\n\t\t\t\t\t<h3 class=\"elementor-heading-title elementor-size-default\">2. Gr\u0105\u017einimo siuntimo i\u0161laidos<\/h3>\t\t\t\t<\/div>\n\t\t\t\t<\/div>\n\t\t\t\t<div class=\"elementor-element elementor-element-1321261 elementor-widget elementor-widget-text-editor\" data-id=\"1321261\" data-element_type=\"widget\" data-e-type=\"widget\" data-widget_type=\"text-editor.default\">\n\t\t\t\t<div class=\"elementor-widget-container\">\n\t\t\t\t\t\t\t\t\tJ\u016bs esate atsakingas u\u017e gr\u0105\u017einimo i\u0161laidas, i\u0161skyrus atvejus, kai prek\u0117 yra su tr\u016bkumais arba pa\u017eeista.\t\t\t\t\t\t\t\t<\/div>\n\t\t\t\t<\/div>\n\t\t\t\t<div class=\"elementor-element elementor-element-7ed6403 elementor-widget elementor-widget-heading\" data-id=\"7ed6403\" data-element_type=\"widget\" data-e-type=\"widget\" data-widget_type=\"heading.default\">\n\t\t\t\t<div class=\"elementor-widget-container\">\n\t\t\t\t\t<h3 class=\"elementor-heading-title elementor-size-default\">3. Pinig\u0173 gr\u0105\u017einimas<\/h3>\t\t\t\t<\/div>\n\t\t\t\t<\/div>\n\t\t\t\t<div class=\"elementor-element elementor-element-2379c0f elementor-widget elementor-widget-text-editor\" data-id=\"2379c0f\" data-element_type=\"widget\" data-e-type=\"widget\" data-widget_type=\"text-editor.default\">\n\t\t\t\t<div class=\"elementor-widget-container\">\n\t\t\t\t\t\t\t\t\tGav\u0119 ir patikrin\u0119 j\u016bs\u0173 gr\u0105\u017einam\u0105 prek\u0119, gr\u0105\u017einim\u0105 apdorosime per 30 dien\u0173.\nGr\u0105\u017einama suma bus pervesta \u012f pradin\u012f mok\u0117jimo b\u016bd\u0105. Pristatymo i\u0161laidos n\u0117ra gr\u0105\u017einamos,\ni\u0161skyrus atvejus, kai prek\u0117 buvo gauta sugadinta ar su tr\u016bkumais. \t\t\t\t\t\t\t\t<\/div>\n\t\t\t\t<\/div>\n\t\t\t\t<div class=\"elementor-element elementor-element-2553ed9 elementor-widget elementor-widget-heading\" data-id=\"2553ed9\" data-element_type=\"widget\" data-e-type=\"widget\" data-widget_type=\"heading.default\">\n\t\t\t\t<div class=\"elementor-widget-container\">\n\t\t\t\t\t<h3 class=\"elementor-heading-title elementor-size-default\">4. Sugadinti arba defektuoti daiktai<\/h3>\t\t\t\t<\/div>\n\t\t\t\t<\/div>\n\t\t\t\t<div class=\"elementor-element elementor-element-f9a265a elementor-widget elementor-widget-text-editor\" data-id=\"f9a265a\" data-element_type=\"widget\" data-e-type=\"widget\" data-widget_type=\"text-editor.default\">\n\t\t\t\t<div class=\"elementor-widget-container\">\n\t\t\t\t\t\t\t\t\tJei prek\u0117s pristatytos sugadintos ar su tr\u016bkumais, pra\u0161ome susisiekti su mumis per 48 valandas nuo pristatymo.\nPateikite problemos nuotraukas, ir mes pad\u0117sime jums kuo grei\u010diau i\u0161spr\u0119sti problem\u0105\n\u2013 pakeisdami prek\u0119, j\u0105 pataisydami arba gr\u0105\u017eindami pinigus.\t\t\t\t\t\t\t\t<\/div>\n\t\t\t\t<\/div>\n\t\t\t\t<div class=\"elementor-element elementor-element-cfdd9ae elementor-widget elementor-widget-heading\" data-id=\"cfdd9ae\" data-element_type=\"widget\" data-e-type=\"widget\" data-widget_type=\"heading.default\">\n\t\t\t\t<div class=\"elementor-widget-container\">\n\t\t\t\t\t<h2 class=\"elementor-heading-title elementor-size-default\">Susisiekite su mumis<\/h2>\t\t\t\t<\/div>\n\t\t\t\t<\/div>\n\t\t\t\t<div class=\"elementor-element elementor-element-f6dec31 elementor-widget elementor-widget-text-editor\" data-id=\"f6dec31\" data-element_type=\"widget\" data-e-type=\"widget\" data-widget_type=\"text-editor.default\">\n\t\t\t\t<div class=\"elementor-widget-container\">\n\t\t\t\t\t\t\t\t\t<p>Jei turite klausim\u0173 d\u0117l pristatymo ar gr\u0105\u017einimo, nedvejodami kreipkit\u0117s \u012f m\u016bs\u0173 pagalbos komand\u0105 <a href=\"mailto:support@tututis.lt\">support@tututis.lt<\/a><br><br>M\u016bs\u0173 juridinis adresas: Raudondvario pl. 127 LT-47188, Kaunas.<\/p>\t\t\t\t\t\t\t\t<\/div>\n\t\t\t\t<\/div>\n\t\t\t\t<\/div>\n\t\t\t\t\t<\/div>\n\t\t\t\t<\/section>\n\t\t\t\t<\/div>\n\t\t","protected":false},"excerpt":{"rendered":"<p>UAB &#8222;TUTUTIS&#8221; Pristatymo politika 1. Pristatymo regionai Prekes pristatome \u012f:Vokietij\u0105, Jungtin\u0119 Karalyst\u0119, Pranc\u016bzij\u0105, Italij\u0105, Ispanij\u0105, Lenkij\u0105, Rumunij\u0105,Nyderlandus, Belgij\u0105, \u010cekij\u0105, \u0160vedij\u0105, Portugalij\u0105, Graikij\u0105, Vengrij\u0105, Austrij\u0105,\u0160veicarij\u0105, Bulgarij\u0105, Serbij\u0105, Danij\u0105, Suomij\u0105, Norvegij\u0105, Slovakij\u0105, Airij\u0105, Kroatij\u0105,Bosnij\u0105 ir Hercegovin\u0105, Moldov\u0105, Lietuv\u0105, Albanij\u0105, Slov\u0117nij\u0105, Latvij\u0105, \u0160iaur\u0117s Makedonij\u0105,Estij\u0105, Liuksemburg\u0105, Juodkalnij\u0105, Malt\u0105, Islandij\u0105. Jei nesate tikri, ar mes siun\u010diame prekes \u012fj\u016bs\u0173 \u0161al\u012f, prie\u0161 [&hellip;]<\/p>\n","protected":false},"author":1,"featured_media":0,"parent":0,"menu_order":23,"comment_status":"closed","ping_status":"closed","template":"elementor_theme","meta":{"_acf_changed":false,"_seopress_robots_primary_cat":"","_seopress_titles_title":"","_seopress_titles_desc":"","_seopress_robots_index":"","footnotes":""},"class_list":["post-20039","page","type-page","status-publish","hentry"],"acf":[],"_links":{"self":[{"href":"https:\/\/tutis.lt\/lt\/wp-json\/wp\/v2\/pages\/20039","targetHints":{"allow":["GET"]}}],"collection":[{"href":"https:\/\/tutis.lt\/lt\/wp-json\/wp\/v2\/pages"}],"about":[{"href":"https:\/\/tutis.lt\/lt\/wp-json\/wp\/v2\/types\/page"}],"author":[{"embeddable":true,"href":"https:\/\/tutis.lt\/lt\/wp-json\/wp\/v2\/users\/1"}],"replies":[{"embeddable":true,"href":"https:\/\/tutis.lt\/lt\/wp-json\/wp\/v2\/comments?post=20039"}],"version-history":[{"count":0,"href":"https:\/\/tutis.lt\/lt\/wp-json\/wp\/v2\/pages\/20039\/revisions"}],"wp:attachment":[{"href":"https:\/\/tutis.lt\/lt\/wp-json\/wp\/v2\/media?parent=20039"}],"curies":[{"name":"wp","href":"https:\/\/api.w.org\/{rel}","templated":true}]}}