{"id":23820,"date":"2025-03-06T09:35:40","date_gmt":"2025-03-06T09:35:40","guid":{"rendered":"https:\/\/tutis.lt\/product\/tutis-schlafsack\/"},"modified":"2025-03-06T09:35:40","modified_gmt":"2025-03-06T07:35:40","slug":"tutis-schlafsack","status":"publish","type":"product","link":"https:\/\/tutis.lt\/de\/produkt\/tutis-schlafsack\/","title":{"rendered":"Tutis Schlafsack"},"content":{"rendered":"","protected":false},"excerpt":{"rendered":"<p>Halten Sie Ihr Kind in den kalten Wintermonaten mit unserem hochwertigen Winterschlafsack kuschelig und gesch\u00fctzt. Dieser Schlafsack wurde entwickelt, um ultimative W\u00e4rme und Schutz zu bieten. Er verf\u00fcgt \u00fcber ein dickes, isoliertes Futter, das vor Wind und Schnee sch\u00fctzt. Der strapazierf\u00e4hige Doppelrei\u00dfverschluss erm\u00f6glicht einen einfachen Zugang und eine einfache Temperaturregulierung, w\u00e4hrend das ansteckbare Teil den Schlafsack von 80 cm auf 105 cm erweitert, um Ihrem wachsenden Kind gerecht zu werden. Mit 6 Sicherheitsl\u00f6chern sorgt sie f\u00fcr einen sicheren Sitz f\u00fcr alle Kinderwagengurte. Au\u00dferdem h\u00e4lt das wasserdichte Material Ihr Baby trocken und komfortabel, was ihn zu einem unverzichtbaren Accessoire f\u00fcr Winterspazierg\u00e4nge macht.    <\/p>\n","protected":false},"featured_media":23877,"comment_status":"closed","ping_status":"closed","template":"","meta":{"_acf_changed":false,"_seopress_robots_primary_cat":"none","_seopress_titles_title":"","_seopress_titles_desc":"","_seopress_robots_index":""},"product_brand":[],"product_cat":[570],"product_tag":[],"class_list":{"0":"post-23820","1":"product","2":"type-product","3":"status-publish","4":"has-post-thumbnail","6":"product_cat-zubehor","7":"product_shipping_class-accessories","9":"first","10":"instock","11":"taxable","12":"shipping-taxable","13":"purchasable","14":"product-type-simple"},"acf":[],"_links":{"self":[{"href":"https:\/\/tutis.lt\/de\/wp-json\/wp\/v2\/product\/23820","targetHints":{"allow":["GET"]}}],"collection":[{"href":"https:\/\/tutis.lt\/de\/wp-json\/wp\/v2\/product"}],"about":[{"href":"https:\/\/tutis.lt\/de\/wp-json\/wp\/v2\/types\/product"}],"replies":[{"embeddable":true,"href":"https:\/\/tutis.lt\/de\/wp-json\/wp\/v2\/comments?post=23820"}],"wp:featuredmedia":[{"embeddable":true,"href":"https:\/\/tutis.lt\/de\/wp-json\/wp\/v2\/media\/23877"}],"wp:attachment":[{"href":"https:\/\/tutis.lt\/de\/wp-json\/wp\/v2\/media?parent=23820"}],"wp:term":[{"taxonomy":"product_brand","embeddable":true,"href":"https:\/\/tutis.lt\/de\/wp-json\/wp\/v2\/product_brand?post=23820"},{"taxonomy":"product_cat","embeddable":true,"href":"https:\/\/tutis.lt\/de\/wp-json\/wp\/v2\/product_cat?post=23820"},{"taxonomy":"product_tag","embeddable":true,"href":"https:\/\/tutis.lt\/de\/wp-json\/wp\/v2\/product_tag?post=23820"}],"curies":[{"name":"wp","href":"https:\/\/api.w.org\/{rel}","templated":true}]}}