{"id":23674,"date":"2025-03-06T09:34:34","date_gmt":"2025-03-06T09:34:34","guid":{"rendered":"https:\/\/tutis.lt\/product\/tutis-winterhandschuhe\/"},"modified":"2025-03-06T09:34:34","modified_gmt":"2025-03-06T07:34:34","slug":"tutis-winterhandschuhe","status":"publish","type":"product","link":"https:\/\/tutis.lt\/de\/produkt\/tutis-winterhandschuhe\/","title":{"rendered":"Tutis Winterhandschuhe"},"content":{"rendered":"","protected":false},"excerpt":{"rendered":"<p>Die Winterhandschuhe f\u00fcr Kinderwagen wurden entwickelt, um Ihre H\u00e4nde warm und bequem zu halten, w\u00e4hrend Sie den Kinderwagen bei kaltem Wetter schieben. Diese Handschuhe verf\u00fcgen \u00fcber ein dickes Innenfutter aus Fell, das ausgezeichneten Schutz vor Wind und Schnee bietet und daf\u00fcr sorgt, dass Ihre H\u00e4nde angenehm warm bleiben. F\u00fcr eine perfekte Passform haben die Handschuhe einen Klettverschluss an der Seite, der eine einfache Gr\u00f6\u00dfenanpassung erm\u00f6glicht. Au\u00dferdem k\u00f6nnen Sie die Handschuhe mit einem Klettverschluss auf der R\u00fcckseite sicher am Griff des Kinderwagens befestigen, so dass sie immer an Ort und Stelle bleiben und einsatzbereit sind, wenn Sie sie brauchen.   <\/p>\n","protected":false},"featured_media":23741,"comment_status":"closed","ping_status":"closed","template":"","meta":{"_acf_changed":false,"_seopress_robots_primary_cat":"none","_seopress_titles_title":"","_seopress_titles_desc":"","_seopress_robots_index":""},"product_brand":[],"product_cat":[570],"product_tag":[],"class_list":{"0":"post-23674","1":"product","2":"type-product","3":"status-publish","4":"has-post-thumbnail","6":"product_cat-zubehor","7":"product_shipping_class-accessories","9":"first","10":"instock","11":"taxable","12":"shipping-taxable","13":"purchasable","14":"product-type-simple"},"acf":[],"_links":{"self":[{"href":"https:\/\/tutis.lt\/de\/wp-json\/wp\/v2\/product\/23674","targetHints":{"allow":["GET"]}}],"collection":[{"href":"https:\/\/tutis.lt\/de\/wp-json\/wp\/v2\/product"}],"about":[{"href":"https:\/\/tutis.lt\/de\/wp-json\/wp\/v2\/types\/product"}],"replies":[{"embeddable":true,"href":"https:\/\/tutis.lt\/de\/wp-json\/wp\/v2\/comments?post=23674"}],"wp:featuredmedia":[{"embeddable":true,"href":"https:\/\/tutis.lt\/de\/wp-json\/wp\/v2\/media\/23741"}],"wp:attachment":[{"href":"https:\/\/tutis.lt\/de\/wp-json\/wp\/v2\/media?parent=23674"}],"wp:term":[{"taxonomy":"product_brand","embeddable":true,"href":"https:\/\/tutis.lt\/de\/wp-json\/wp\/v2\/product_brand?post=23674"},{"taxonomy":"product_cat","embeddable":true,"href":"https:\/\/tutis.lt\/de\/wp-json\/wp\/v2\/product_cat?post=23674"},{"taxonomy":"product_tag","embeddable":true,"href":"https:\/\/tutis.lt\/de\/wp-json\/wp\/v2\/product_tag?post=23674"}],"curies":[{"name":"wp","href":"https:\/\/api.w.org\/{rel}","templated":true}]}}