{"id":23622,"date":"2025-03-10T11:41:41","date_gmt":"2025-03-10T11:41:41","guid":{"rendered":"https:\/\/tutis.lt\/product\/jogo\/"},"modified":"2025-03-10T11:41:41","modified_gmt":"2025-03-10T09:41:41","slug":"jogo","status":"publish","type":"product","link":"https:\/\/tutis.lt\/de\/produkt\/jogo\/","title":{"rendered":"Jogo+"},"content":{"rendered":"","protected":false},"excerpt":{"rendered":"<p>Lernen Sie den brandneuen Tutis Jogo+ kennen, den kompakten Kinderwagen f\u00fcr m\u00fchelose Abenteuer. Sein cleveres Faltsystem, die stabilen R\u00e4der und das leichte Gestell machen jeden Spaziergang zum Kinderspiel &#8211; egal, ob Sie die Stra\u00dfen der Stadt oder die verschlungenen Pfade im Park erkunden.<br \/>\nMit seinen hochwertigen Materialien, dem eleganten Design und dem platzsparenden Komfort bietet der Jogo+ Leistung ohne Kompromisse.<br \/>\n<strong>Entdecken Sie noch heute Ihren perfekten Reisebegleiter!<\/strong><\/p>\n","protected":false},"featured_media":23662,"comment_status":"closed","ping_status":"closed","template":"","meta":{"_acf_changed":false,"_seopress_robots_primary_cat":"none","_seopress_titles_title":"","_seopress_titles_desc":"","_seopress_robots_index":""},"product_brand":[],"product_cat":[610],"product_tag":[],"class_list":{"0":"post-23622","1":"product","2":"type-product","3":"status-publish","4":"has-post-thumbnail","6":"product_cat-kinderwagen","8":"first","9":"instock","10":"taxable","11":"shipping-taxable","12":"purchasable","13":"product-type-variable","14":"has-default-attributes","15":"rtwpvg-product"},"acf":[],"_links":{"self":[{"href":"https:\/\/tutis.lt\/de\/wp-json\/wp\/v2\/product\/23622","targetHints":{"allow":["GET"]}}],"collection":[{"href":"https:\/\/tutis.lt\/de\/wp-json\/wp\/v2\/product"}],"about":[{"href":"https:\/\/tutis.lt\/de\/wp-json\/wp\/v2\/types\/product"}],"replies":[{"embeddable":true,"href":"https:\/\/tutis.lt\/de\/wp-json\/wp\/v2\/comments?post=23622"}],"wp:featuredmedia":[{"embeddable":true,"href":"https:\/\/tutis.lt\/de\/wp-json\/wp\/v2\/media\/23662"}],"wp:attachment":[{"href":"https:\/\/tutis.lt\/de\/wp-json\/wp\/v2\/media?parent=23622"}],"wp:term":[{"taxonomy":"product_brand","embeddable":true,"href":"https:\/\/tutis.lt\/de\/wp-json\/wp\/v2\/product_brand?post=23622"},{"taxonomy":"product_cat","embeddable":true,"href":"https:\/\/tutis.lt\/de\/wp-json\/wp\/v2\/product_cat?post=23622"},{"taxonomy":"product_tag","embeddable":true,"href":"https:\/\/tutis.lt\/de\/wp-json\/wp\/v2\/product_tag?post=23622"}],"curies":[{"name":"wp","href":"https:\/\/api.w.org\/{rel}","templated":true}]}}