{"id":23586,"date":"2025-03-03T18:00:11","date_gmt":"2025-03-03T18:00:11","guid":{"rendered":"https:\/\/tutis.lt\/product\/gio-1in1-2in1-autositz-adapter-ak06\/"},"modified":"2025-03-03T18:00:11","modified_gmt":"2025-03-03T16:00:11","slug":"gio-1in1-2in1-autositz-adapter-ak06","status":"publish","type":"product","link":"https:\/\/tutis.lt\/de\/produkt\/gio-1in1-2in1-autositz-adapter-ak06\/","title":{"rendered":"GIO 1in1, 2in1 Autositz-Adapter AK06"},"content":{"rendered":"","protected":false},"excerpt":{"rendered":"<p>Die Tutis Autositzadapter wurden entwickelt, um Ihren Autositz nahtlos mit den Tutis GIO 1in1, 2in1 Kinderwagengestellen zu verbinden. Mit diesen Adaptern ist der \u00dcbergang vom Auto zum Kinderwagen dank des intuitiven Click-and-Go-Systems m\u00fchelos. Dieses praktische Zubeh\u00f6r sorgt daf\u00fcr, dass Ihr Autositz sicher auf dem Gestell des Kinderwagens befestigt wird und bietet so Komfort und Sicherheit auf Ihren Reisen.  <\/p>\n","protected":false},"featured_media":23594,"comment_status":"closed","ping_status":"closed","template":"","meta":{"_acf_changed":false,"_seopress_robots_primary_cat":"none","_seopress_titles_title":"","_seopress_titles_desc":"","_seopress_robots_index":""},"product_brand":[],"product_cat":[602,570],"product_tag":[],"class_list":{"0":"post-23586","1":"product","2":"type-product","3":"status-publish","4":"has-post-thumbnail","6":"product_cat-adapter","7":"product_cat-zubehor","8":"product_shipping_class-accessories","10":"first","11":"instock","12":"taxable","13":"shipping-taxable","14":"purchasable","15":"product-type-simple"},"acf":[],"_links":{"self":[{"href":"https:\/\/tutis.lt\/de\/wp-json\/wp\/v2\/product\/23586","targetHints":{"allow":["GET"]}}],"collection":[{"href":"https:\/\/tutis.lt\/de\/wp-json\/wp\/v2\/product"}],"about":[{"href":"https:\/\/tutis.lt\/de\/wp-json\/wp\/v2\/types\/product"}],"replies":[{"embeddable":true,"href":"https:\/\/tutis.lt\/de\/wp-json\/wp\/v2\/comments?post=23586"}],"wp:featuredmedia":[{"embeddable":true,"href":"https:\/\/tutis.lt\/de\/wp-json\/wp\/v2\/media\/23594"}],"wp:attachment":[{"href":"https:\/\/tutis.lt\/de\/wp-json\/wp\/v2\/media?parent=23586"}],"wp:term":[{"taxonomy":"product_brand","embeddable":true,"href":"https:\/\/tutis.lt\/de\/wp-json\/wp\/v2\/product_brand?post=23586"},{"taxonomy":"product_cat","embeddable":true,"href":"https:\/\/tutis.lt\/de\/wp-json\/wp\/v2\/product_cat?post=23586"},{"taxonomy":"product_tag","embeddable":true,"href":"https:\/\/tutis.lt\/de\/wp-json\/wp\/v2\/product_tag?post=23586"}],"curies":[{"name":"wp","href":"https:\/\/api.w.org\/{rel}","templated":true}]}}