{"id":23468,"date":"2025-03-03T17:55:02","date_gmt":"2025-03-03T17:55:02","guid":{"rendered":"https:\/\/tutis.lt\/product\/tutis-autositz-adapter-ak01\/"},"modified":"2025-03-03T17:55:02","modified_gmt":"2025-03-03T15:55:02","slug":"tutis-autositz-adapter-ak01","status":"publish","type":"product","link":"https:\/\/tutis.lt\/de\/produkt\/tutis-autositz-adapter-ak01\/","title":{"rendered":"TUTIS Autositz-Adapter AK01"},"content":{"rendered":"","protected":false},"excerpt":{"rendered":"<p>Die Tutis Autositzadapter wurden entwickelt, um Ihren Autositz nahtlos mit den Tutis Kinderwagengestellen Viva, Uno oder Leo zu verbinden. Mit diesen Adaptern ist der \u00dcbergang vom Auto zum Kinderwagen dank des intuitiven Click-and-Go-Systems m\u00fchelos. Dieses praktische Zubeh\u00f6r sorgt daf\u00fcr, dass Ihr Autositz sicher auf dem Gestell des Kinderwagens befestigt wird und bietet so Komfort und Sicherheit auf Ihren Reisen.  <\/p>\n","protected":false},"featured_media":23472,"comment_status":"closed","ping_status":"closed","template":"","meta":{"_acf_changed":false,"_seopress_robots_primary_cat":"none","_seopress_titles_title":"","_seopress_titles_desc":"","_seopress_robots_index":""},"product_brand":[],"product_cat":[602,570],"product_tag":[],"class_list":{"0":"post-23468","1":"product","2":"type-product","3":"status-publish","4":"has-post-thumbnail","6":"product_cat-adapter","7":"product_cat-zubehor","8":"product_shipping_class-accessories","10":"first","11":"instock","12":"taxable","13":"shipping-taxable","14":"purchasable","15":"product-type-simple"},"acf":[],"_links":{"self":[{"href":"https:\/\/tutis.lt\/de\/wp-json\/wp\/v2\/product\/23468","targetHints":{"allow":["GET"]}}],"collection":[{"href":"https:\/\/tutis.lt\/de\/wp-json\/wp\/v2\/product"}],"about":[{"href":"https:\/\/tutis.lt\/de\/wp-json\/wp\/v2\/types\/product"}],"replies":[{"embeddable":true,"href":"https:\/\/tutis.lt\/de\/wp-json\/wp\/v2\/comments?post=23468"}],"wp:featuredmedia":[{"embeddable":true,"href":"https:\/\/tutis.lt\/de\/wp-json\/wp\/v2\/media\/23472"}],"wp:attachment":[{"href":"https:\/\/tutis.lt\/de\/wp-json\/wp\/v2\/media?parent=23468"}],"wp:term":[{"taxonomy":"product_brand","embeddable":true,"href":"https:\/\/tutis.lt\/de\/wp-json\/wp\/v2\/product_brand?post=23468"},{"taxonomy":"product_cat","embeddable":true,"href":"https:\/\/tutis.lt\/de\/wp-json\/wp\/v2\/product_cat?post=23468"},{"taxonomy":"product_tag","embeddable":true,"href":"https:\/\/tutis.lt\/de\/wp-json\/wp\/v2\/product_tag?post=23468"}],"curies":[{"name":"wp","href":"https:\/\/api.w.org\/{rel}","templated":true}]}}