{"id":23420,"date":"2025-03-03T17:51:47","date_gmt":"2025-03-03T17:51:47","guid":{"rendered":"https:\/\/tutis.lt\/product\/mio-mio-thermo-autositz-adapter-ak04\/"},"modified":"2025-03-03T17:51:47","modified_gmt":"2025-03-03T15:51:47","slug":"mio-mio-thermo-autositz-adapter-ak04","status":"publish","type":"product","link":"https:\/\/tutis.lt\/de\/produkt\/mio-mio-thermo-autositz-adapter-ak04\/","title":{"rendered":"MIO+\/MIO Thermo Autositz-Adapter AK04"},"content":{"rendered":"","protected":false},"excerpt":{"rendered":"<p>Die Tutis Autositzadapter wurden entwickelt, um Ihren Autositz nahtlos mit den Tutis MIO und MIO Thermo Kinderwagengestellen zu verbinden. Mit diesen Adaptern ist der \u00dcbergang vom Auto zum Kinderwagen dank des intuitiven Click-and-Go-Systems problemlos und einfach. Dieses praktische Zubeh\u00f6r sorgt daf\u00fcr, dass Ihr Autositz sicher auf dem Gestell des Kinderwagens befestigt wird und bietet so Komfort und Sicherheit f\u00fcr Ihre t\u00e4glichen Fahrten.  <\/p>\n","protected":false},"featured_media":23423,"comment_status":"closed","ping_status":"closed","template":"","meta":{"_acf_changed":false,"_seopress_robots_primary_cat":"none","_seopress_titles_title":"","_seopress_titles_desc":"","_seopress_robots_index":""},"product_brand":[],"product_cat":[602,570],"product_tag":[],"class_list":{"0":"post-23420","1":"product","2":"type-product","3":"status-publish","4":"has-post-thumbnail","6":"product_cat-adapter","7":"product_cat-zubehor","8":"product_shipping_class-accessories","10":"first","11":"instock","12":"taxable","13":"shipping-taxable","14":"purchasable","15":"product-type-simple"},"acf":[],"_links":{"self":[{"href":"https:\/\/tutis.lt\/de\/wp-json\/wp\/v2\/product\/23420","targetHints":{"allow":["GET"]}}],"collection":[{"href":"https:\/\/tutis.lt\/de\/wp-json\/wp\/v2\/product"}],"about":[{"href":"https:\/\/tutis.lt\/de\/wp-json\/wp\/v2\/types\/product"}],"replies":[{"embeddable":true,"href":"https:\/\/tutis.lt\/de\/wp-json\/wp\/v2\/comments?post=23420"}],"wp:featuredmedia":[{"embeddable":true,"href":"https:\/\/tutis.lt\/de\/wp-json\/wp\/v2\/media\/23423"}],"wp:attachment":[{"href":"https:\/\/tutis.lt\/de\/wp-json\/wp\/v2\/media?parent=23420"}],"wp:term":[{"taxonomy":"product_brand","embeddable":true,"href":"https:\/\/tutis.lt\/de\/wp-json\/wp\/v2\/product_brand?post=23420"},{"taxonomy":"product_cat","embeddable":true,"href":"https:\/\/tutis.lt\/de\/wp-json\/wp\/v2\/product_cat?post=23420"},{"taxonomy":"product_tag","embeddable":true,"href":"https:\/\/tutis.lt\/de\/wp-json\/wp\/v2\/product_tag?post=23420"}],"curies":[{"name":"wp","href":"https:\/\/api.w.org\/{rel}","templated":true}]}}