{"id":22589,"date":"2025-07-18T10:01:24","date_gmt":"2025-07-18T07:01:24","guid":{"rendered":"https:\/\/tutis.lt\/product\/einlage-fuer-neugeborene\/"},"modified":"2025-07-18T10:01:24","modified_gmt":"2025-07-18T07:01:24","slug":"einlage-fuer-neugeborene","status":"publish","type":"product","link":"https:\/\/tutis.lt\/de\/produkt\/einlage-fuer-neugeborene\/","title":{"rendered":"Einlage f\u00fcr Neugeborene"},"content":{"rendered":"","protected":false},"excerpt":{"rendered":"<p>Die Newborn Einlage bietet zus\u00e4tzlichen Schutz und Komfort f\u00fcr die ersten Fahrten Ihres Babys. Sie l\u00e4sst sich leicht in den Kinderwagensitz einbauen und bietet eine gem\u00fctliche, flache Oberfl\u00e4che, die ideal f\u00fcr Neugeborene ist. <\/p>\n<p>Das integrierte <strong>SENSORY TECH<\/strong> f\u00f6rdert die fr\u00fche sensorische Entwicklung, w\u00e4hrend der Stoff mit <strong>SILVER-ION\u2122<\/strong> antibakteriellem Schutz alles frisch und sicher h\u00e4lt.<\/p>\n<p>Geeignet von der Geburt bis zu 6 Monaten.<\/p>\n","protected":false},"featured_media":22630,"comment_status":"closed","ping_status":"closed","template":"","meta":{"_acf_changed":false,"_seopress_robots_primary_cat":"none","_seopress_titles_title":"","_seopress_titles_desc":"","_seopress_robots_index":""},"product_brand":[],"product_cat":[570],"product_tag":[],"class_list":{"0":"post-22589","1":"product","2":"type-product","3":"status-publish","4":"has-post-thumbnail","6":"product_cat-zubehor","7":"product_shipping_class-accessories","9":"first","10":"instock","11":"taxable","12":"shipping-taxable","13":"purchasable","14":"product-type-simple"},"acf":[],"_links":{"self":[{"href":"https:\/\/tutis.lt\/de\/wp-json\/wp\/v2\/product\/22589","targetHints":{"allow":["GET"]}}],"collection":[{"href":"https:\/\/tutis.lt\/de\/wp-json\/wp\/v2\/product"}],"about":[{"href":"https:\/\/tutis.lt\/de\/wp-json\/wp\/v2\/types\/product"}],"replies":[{"embeddable":true,"href":"https:\/\/tutis.lt\/de\/wp-json\/wp\/v2\/comments?post=22589"}],"wp:featuredmedia":[{"embeddable":true,"href":"https:\/\/tutis.lt\/de\/wp-json\/wp\/v2\/media\/22630"}],"wp:attachment":[{"href":"https:\/\/tutis.lt\/de\/wp-json\/wp\/v2\/media?parent=22589"}],"wp:term":[{"taxonomy":"product_brand","embeddable":true,"href":"https:\/\/tutis.lt\/de\/wp-json\/wp\/v2\/product_brand?post=22589"},{"taxonomy":"product_cat","embeddable":true,"href":"https:\/\/tutis.lt\/de\/wp-json\/wp\/v2\/product_cat?post=22589"},{"taxonomy":"product_tag","embeddable":true,"href":"https:\/\/tutis.lt\/de\/wp-json\/wp\/v2\/product_tag?post=22589"}],"curies":[{"name":"wp","href":"https:\/\/api.w.org\/{rel}","templated":true}]}}