{"id":22994,"date":"2025-03-14T11:16:34","date_gmt":"2025-03-14T09:16:34","guid":{"rendered":"https:\/\/tutis.lt\/regeln-fuer-den-newsletter\/"},"modified":"2025-11-17T22:06:57","modified_gmt":"2025-11-17T20:06:57","slug":"regeln-fuer-den-newsletter","status":"publish","type":"page","link":"https:\/\/tutis.lt\/de\/regeln-fuer-den-newsletter\/","title":{"rendered":"Regeln f\u00fcr den Newsletter"},"content":{"rendered":"\t\t<div data-elementor-type=\"wp-page\" data-elementor-id=\"22994\" class=\"elementor elementor-22994 elementor-12860\" data-elementor-post-type=\"page\">\n\t\t\t\t<section class=\"elementor-element elementor-element-43a0905 e-flex e-con-boxed e-con e-parent\" data-id=\"43a0905\" data-element_type=\"container\" data-e-type=\"container\" data-settings=\"{&quot;background_background&quot;:&quot;classic&quot;}\">\n\t\t\t\t\t<div class=\"e-con-inner\">\n\t\t<div class=\"elementor-element elementor-element-468c6ca e-con-full e-flex e-con e-child\" data-id=\"468c6ca\" data-element_type=\"container\" data-e-type=\"container\">\n\t\t<div class=\"elementor-element elementor-element-721f1ee e-con-full e-flex e-con e-child\" data-id=\"721f1ee\" data-element_type=\"container\" data-e-type=\"container\">\n\t\t\t\t<\/div>\n\t\t\t\t<div class=\"elementor-element elementor-element-805b825 elementor-widget elementor-widget-text-editor\" data-id=\"805b825\" data-element_type=\"widget\" data-e-type=\"widget\" data-widget_type=\"text-editor.default\">\n\t\t\t\t<div class=\"elementor-widget-container\">\n\t\t\t\t\t\t\t\t\tG\u00fcltig ab 2025-03-14. Im Falle einer Aktualisierung der Regeln werden wir Sie per E-Mail informieren. \n\t\t\t\t\t\t\t\t<\/div>\n\t\t\t\t<\/div>\n\t\t\t\t<div class=\"elementor-element elementor-element-cf4ba33 elementor-widget elementor-widget-text-editor\" data-id=\"cf4ba33\" data-element_type=\"widget\" data-e-type=\"widget\" data-widget_type=\"text-editor.default\">\n\t\t\t\t<div class=\"elementor-widget-container\">\n\t\t\t\t\t\t\t\t\tUAB &#8222;Tututis&#8220;, mit Sitz in Raudondvario pl. 127, Kaunas, Litauen, dankt Ihnen f\u00fcr Ihr Interesse an unserem Newsletter. Der Schutz Ihrer pers\u00f6nlichen Daten ist f\u00fcr uns sehr wichtig. Wir verarbeiten die Daten in \u00dcbereinstimmung mit den Bestimmungen der europ\u00e4ischen Datenschutzgrundverordnung (GDPR) und den Gesetzen der Republik Litauen.  \n\t\t\t\t\t\t\t\t<\/div>\n\t\t\t\t<\/div>\n\t\t\t\t<div class=\"elementor-element elementor-element-66e3c3b elementor-widget elementor-widget-text-editor\" data-id=\"66e3c3b\" data-element_type=\"widget\" data-e-type=\"widget\" data-widget_type=\"text-editor.default\">\n\t\t\t\t<div class=\"elementor-widget-container\">\n\t\t\t\t\t\t\t\t\tIm Folgenden m\u00f6chten wir Sie \u00fcber die Art der personenbezogenen Daten informieren, die w\u00e4hrend Ihrer Nutzung des Newsletters unserer Website www.tutis.lt verarbeitet werden.\t\t\t\t\t\t\t\t<\/div>\n\t\t\t\t<\/div>\n\t\t\t\t<\/div>\n\t\t<div class=\"elementor-element elementor-element-a311efd e-con-full e-flex e-con e-child\" data-id=\"a311efd\" data-element_type=\"container\" data-e-type=\"container\">\n\t\t\t\t<div class=\"elementor-element elementor-element-9490a3f elementor-widget elementor-widget-heading\" data-id=\"9490a3f\" data-element_type=\"widget\" data-e-type=\"widget\" data-widget_type=\"heading.default\">\n\t\t\t\t<div class=\"elementor-widget-container\">\n\t\t\t\t\t<h2 class=\"elementor-heading-title elementor-size-default\">1. Datenkontrolleur<\/h2>\t\t\t\t<\/div>\n\t\t\t\t<\/div>\n\t\t\t\t<div class=\"elementor-element elementor-element-66ae40a elementor-widget elementor-widget-text-editor\" data-id=\"66ae40a\" data-element_type=\"widget\" data-e-type=\"widget\" data-widget_type=\"text-editor.default\">\n\t\t\t\t<div class=\"elementor-widget-container\">\n\t\t\t\t\t\t\t\t\tDer f\u00fcr die Datenverarbeitung Verantwortliche ist UAB &#8222;Tututis&#8220;, mit Sitz in Raudondvario pl. 127, Kaunas, Litauen. Unsere Kontaktdaten lauten wie folgt: \t\t\t\t\t\t\t\t<\/div>\n\t\t\t\t<\/div>\n\t\t\t\t<div class=\"elementor-element elementor-element-4db4c97 elementor-widget elementor-widget-text-editor\" data-id=\"4db4c97\" data-element_type=\"widget\" data-e-type=\"widget\" data-widget_type=\"text-editor.default\">\n\t\t\t\t<div class=\"elementor-widget-container\">\n\t\t\t\t\t\t\t\t\t<strong>UAB &#8222;Tututis<\/strong><strong>&#8222;<\/strong>\n<strong>Buchungskreis:<\/strong> 135922996\n<strong>Adresse:<\/strong> Raudondvario pl. 127, Kaunas, Litauen\n<strong>E-Mail<\/strong>:<a style=\"color: #c4d1c4;\" href=\"mailto:support@tutis.lt\"> support@tutis.lt<\/a>\t\t\t\t\t\t\t\t<\/div>\n\t\t\t\t<\/div>\n\t\t\t\t<\/div>\n\t\t<div class=\"elementor-element elementor-element-d25351f e-con-full e-flex e-con e-child\" data-id=\"d25351f\" data-element_type=\"container\" data-e-type=\"container\">\n\t\t\t\t<div class=\"elementor-element elementor-element-375ab15 elementor-widget elementor-widget-heading\" data-id=\"375ab15\" data-element_type=\"widget\" data-e-type=\"widget\" data-widget_type=\"heading.default\">\n\t\t\t\t<div class=\"elementor-widget-container\">\n\t\t\t\t\t<h2 class=\"elementor-heading-title elementor-size-default\">2. Erfassung Ihrer Daten<\/h2>\t\t\t\t<\/div>\n\t\t\t\t<\/div>\n\t\t\t\t<div class=\"elementor-element elementor-element-6e84e51 elementor-widget elementor-widget-text-editor\" data-id=\"6e84e51\" data-element_type=\"widget\" data-e-type=\"widget\" data-widget_type=\"text-editor.default\">\n\t\t\t\t<div class=\"elementor-widget-container\">\n\t\t\t\t\t\t\t\t\tWenn Sie unseren Newsletter abonnieren, geben Sie uns eine E-Mail-Adresse an, an die wir Ihnen unseren Newsletter senden sollen. Daher erfassen wir die angegebene E-Mail-Adresse als Daten.\t\t\t\t\t\t\t\t<\/div>\n\t\t\t\t<\/div>\n\t\t\t\t<\/div>\n\t\t<div class=\"elementor-element elementor-element-113e48c e-con-full e-flex e-con e-child\" data-id=\"113e48c\" data-element_type=\"container\" data-e-type=\"container\">\n\t\t\t\t<div class=\"elementor-element elementor-element-b2dbb7b elementor-widget elementor-widget-heading\" data-id=\"b2dbb7b\" data-element_type=\"widget\" data-e-type=\"widget\" data-widget_type=\"heading.default\">\n\t\t\t\t<div class=\"elementor-widget-container\">\n\t\t\t\t\t<h2 class=\"elementor-heading-title elementor-size-default\">3. Inhalt des Newsletters<\/h2>\t\t\t\t<\/div>\n\t\t\t\t<\/div>\n\t\t\t\t<div class=\"elementor-element elementor-element-e8979a9 elementor-widget elementor-widget-text-editor\" data-id=\"e8979a9\" data-element_type=\"widget\" data-e-type=\"widget\" data-widget_type=\"text-editor.default\">\n\t\t\t\t<div class=\"elementor-widget-container\">\n\t\t\t\t\t\t\t\t\tUnser Newsletter enth\u00e4lt Neuigkeiten \u00fcber unsere neuesten Produkte und geltende Rabatte sowie andere Informationen \u00fcber unsere Marke und unsere Website, die an die E-Mail-Adresse jokubas@tututis.lt gesendet werden.\t\t\t\t\t\t\t\t<\/div>\n\t\t\t\t<\/div>\n\t\t\t\t<\/div>\n\t\t<div class=\"elementor-element elementor-element-30a1eaa e-con-full e-flex e-con e-child\" data-id=\"30a1eaa\" data-element_type=\"container\" data-e-type=\"container\">\n\t\t\t\t<div class=\"elementor-element elementor-element-8fa0057 elementor-widget elementor-widget-heading\" data-id=\"8fa0057\" data-element_type=\"widget\" data-e-type=\"widget\" data-widget_type=\"heading.default\">\n\t\t\t\t<div class=\"elementor-widget-container\">\n\t\t\t\t\t<h2 class=\"elementor-heading-title elementor-size-default\">4. Rechtsgrundlage und Zeitraum f\u00fcr die Datenverarbeitung\n<\/h2>\t\t\t\t<\/div>\n\t\t\t\t<\/div>\n\t\t\t\t<div class=\"elementor-element elementor-element-f058b29 elementor-widget elementor-widget-text-editor\" data-id=\"f058b29\" data-element_type=\"widget\" data-e-type=\"widget\" data-widget_type=\"text-editor.default\">\n\t\t\t\t<div class=\"elementor-widget-container\">\n\t\t\t\t\t\t\t\t\tGDPR Artikel 6 (1) (f) &#8211; Die (Daten-)Verarbeitung ist zur Wahrung der berechtigten Interessen des f\u00fcr die Verarbeitung Verantwortlichen oder eines Dritten erforderlich. Wir verarbeiten die von Ihnen bereitgestellten Daten, bis Sie der Erfassung Ihrer Daten widersprechen. \t\t\t\t\t\t\t\t<\/div>\n\t\t\t\t<\/div>\n\t\t\t\t<\/div>\n\t\t<div class=\"elementor-element elementor-element-5c32597 e-con-full e-flex e-con e-child\" data-id=\"5c32597\" data-element_type=\"container\" data-e-type=\"container\">\n\t\t\t\t<div class=\"elementor-element elementor-element-1d61658 elementor-widget elementor-widget-heading\" data-id=\"1d61658\" data-element_type=\"widget\" data-e-type=\"widget\" data-widget_type=\"heading.default\">\n\t\t\t\t<div class=\"elementor-widget-container\">\n\t\t\t\t\t<h2 class=\"elementor-heading-title elementor-size-default\">5. Ihre Rechte\n<\/h2>\t\t\t\t<\/div>\n\t\t\t\t<\/div>\n\t\t\t\t<div class=\"elementor-element elementor-element-7882fc7 elementor-widget elementor-widget-text-editor\" data-id=\"7882fc7\" data-element_type=\"widget\" data-e-type=\"widget\" data-widget_type=\"text-editor.default\">\n\t\t\t\t<div class=\"elementor-widget-container\">\n\t\t\t\t\t\t\t\t\t<p><strong>Sie haben ein Recht auf:<\/strong><br>Zugriff auf Ihre Daten;<br>\u00c4nderung Ihrer Daten;<br>Entfernung Ihrer Daten aus unserer Datenbank;<br>Einschr\u00e4nkung der Datenverarbeitung;<br>Widerspruch gegen Ihre Datenverarbeitung.<\/p>\t\t\t\t\t\t\t\t<\/div>\n\t\t\t\t<\/div>\n\t\t\t\t<\/div>\n\t\t<div class=\"elementor-element elementor-element-031f9c9 e-con-full e-flex e-con e-child\" data-id=\"031f9c9\" data-element_type=\"container\" data-e-type=\"container\">\n\t\t\t\t<div class=\"elementor-element elementor-element-10e14fa elementor-widget elementor-widget-heading\" data-id=\"10e14fa\" data-element_type=\"widget\" data-e-type=\"widget\" data-widget_type=\"heading.default\">\n\t\t\t\t<div class=\"elementor-widget-container\">\n\t\t\t\t\t<h2 class=\"elementor-heading-title elementor-size-default\">6. Kontaktaufnahme mit dem Datenschutzbeauftragten\n<\/h2>\t\t\t\t<\/div>\n\t\t\t\t<\/div>\n\t\t\t\t<div class=\"elementor-element elementor-element-39390e5 elementor-widget elementor-widget-text-editor\" data-id=\"39390e5\" data-element_type=\"widget\" data-e-type=\"widget\" data-widget_type=\"text-editor.default\">\n\t\t\t\t<div class=\"elementor-widget-container\">\n\t\t\t\t\t\t\t\t\tF\u00fcr die Aus\u00fcbung Ihrer Datenschutzrechte oder bei Fragen zur Verarbeitung Ihrer Daten, Anregungen oder Beschwerden wenden Sie sich bitte per E-Mail an unseren Datenschutzbeauftragten <a style=\"color: #c4d1c4;\" href=\"mailto:juristas@tututis.lt\">juristas@tututis.lt<\/a>.\t\t\t\t\t\t\t\t<\/div>\n\t\t\t\t<\/div>\n\t\t\t\t<\/div>\n\t\t<div class=\"elementor-element elementor-element-4b45438 e-con-full e-flex e-con e-child\" data-id=\"4b45438\" data-element_type=\"container\" data-e-type=\"container\">\n\t\t\t\t<div class=\"elementor-element elementor-element-d01f419 elementor-widget elementor-widget-heading\" data-id=\"d01f419\" data-element_type=\"widget\" data-e-type=\"widget\" data-widget_type=\"heading.default\">\n\t\t\t\t<div class=\"elementor-widget-container\">\n\t\t\t\t\t<h2 class=\"elementor-heading-title elementor-size-default\">7. Beschwerden bei Aufsichtsbeh\u00f6rden\n<\/h2>\t\t\t\t<\/div>\n\t\t\t\t<\/div>\n\t\t\t\t<div class=\"elementor-element elementor-element-2b533f6 elementor-widget elementor-widget-text-editor\" data-id=\"2b533f6\" data-element_type=\"widget\" data-e-type=\"widget\" data-widget_type=\"text-editor.default\">\n\t\t\t\t<div class=\"elementor-widget-container\">\n\t\t\t\t\t\t\t\t\t<p>Im Falle von Beschwerden \u00fcber die Verarbeitung Ihrer Daten haben Sie das Recht, sich an die zust\u00e4ndigen Aufsichtsbeh\u00f6rden zu wenden. Dazu k\u00f6nnen Sie sich an die f\u00fcr Ihren Wohnort oder Ihr Bundesland zust\u00e4ndige Datenschutzbeh\u00f6rde oder an die f\u00fcr uns zust\u00e4ndige Datenschutzbeh\u00f6rde wenden, und zwar an: <br><strong>Valstybin\u0117 duomen\u0173 apsaugos inspekcija<\/strong><br><strong>Firmencode:<\/strong> 188607912<br><strong>Adresse:<\/strong> L. Sapiegos g. 17, Vilnius <br><strong>E-Mail:<\/strong> <a style=\"color: #c4d1c4;\" href=\"mailto:ada@ada.lt\">ada@ada.lt<\/a>.<\/p>\t\t\t\t\t\t\t\t<\/div>\n\t\t\t\t<\/div>\n\t\t\t\t<\/div>\n\t\t\t\t\t<\/div>\n\t\t\t\t<\/section>\n\t\t\t\t<\/div>\n\t\t","protected":false},"excerpt":{"rendered":"<p>G\u00fcltig ab 2025-03-14. Im Falle einer Aktualisierung der Regeln werden wir Sie per E-Mail informieren. UAB &#8222;Tututis&#8220;, mit Sitz in Raudondvario pl. 127, Kaunas, Litauen, dankt Ihnen f\u00fcr Ihr Interesse an unserem Newsletter. Der Schutz Ihrer pers\u00f6nlichen Daten ist f\u00fcr uns sehr wichtig. Wir verarbeiten die Daten in \u00dcbereinstimmung mit den Bestimmungen der europ\u00e4ischen Datenschutzgrundverordnung [&hellip;]<\/p>\n","protected":false},"author":1,"featured_media":0,"parent":0,"menu_order":37,"comment_status":"closed","ping_status":"closed","template":"elementor_theme","meta":{"_acf_changed":false,"_seopress_robots_primary_cat":"","_seopress_titles_title":"","_seopress_titles_desc":"","_seopress_robots_index":"","footnotes":""},"class_list":["post-22994","page","type-page","status-publish","hentry"],"acf":[],"_links":{"self":[{"href":"https:\/\/tutis.lt\/de\/wp-json\/wp\/v2\/pages\/22994","targetHints":{"allow":["GET"]}}],"collection":[{"href":"https:\/\/tutis.lt\/de\/wp-json\/wp\/v2\/pages"}],"about":[{"href":"https:\/\/tutis.lt\/de\/wp-json\/wp\/v2\/types\/page"}],"author":[{"embeddable":true,"href":"https:\/\/tutis.lt\/de\/wp-json\/wp\/v2\/users\/1"}],"replies":[{"embeddable":true,"href":"https:\/\/tutis.lt\/de\/wp-json\/wp\/v2\/comments?post=22994"}],"version-history":[{"count":0,"href":"https:\/\/tutis.lt\/de\/wp-json\/wp\/v2\/pages\/22994\/revisions"}],"wp:attachment":[{"href":"https:\/\/tutis.lt\/de\/wp-json\/wp\/v2\/media?parent=22994"}],"curies":[{"name":"wp","href":"https:\/\/api.w.org\/{rel}","templated":true}]}}