{"id":20179,"date":"2025-03-03T18:00:11","date_gmt":"2025-03-03T18:00:11","guid":{"rendered":"https:\/\/tutis.lt\/product\/adaptery-pro-autosedacky-gio-1v1-2v1-ak06\/"},"modified":"2025-03-03T18:00:11","modified_gmt":"2025-03-03T16:00:11","slug":"adaptery-pro-autosedacky-gio-1v1-2v1-ak06","status":"publish","type":"product","link":"https:\/\/tutis.lt\/cs\/produkt\/adaptery-pro-autosedacky-gio-1v1-2v1-ak06\/","title":{"rendered":"Adapt\u00e9ry pro autoseda\u010dky GIO 1v1, 2v1 AK06"},"content":{"rendered":"","protected":false},"excerpt":{"rendered":"<p>Adapt\u00e9ry na autoseda\u010dku Tutis jsou ur\u010deny k bezprobl\u00e9mov\u00e9mu p\u0159ipojen\u00ed autoseda\u010dky k r\u00e1m\u016fm ko\u010d\u00e1rk\u016f Tutis GIO 1v1, 2v1. S t\u011bmito adapt\u00e9ry je p\u0159echod z auta na ko\u010d\u00e1rek d\u00edky intuitivn\u00edmu syst\u00e9mu click-and-go snadn\u00fd. Toto praktick\u00e9 p\u0159\u00edslu\u0161enstv\u00ed zaji\u0161\u0165uje bezpe\u010dn\u00e9 p\u0159ipevn\u011bn\u00ed autoseda\u010dky k r\u00e1mu ko\u010d\u00e1rku a poskytuje pohodl\u00ed a bezpe\u010dnost b\u011bhem va\u0161ich cest.  <\/p>\n","protected":false},"featured_media":17240,"comment_status":"closed","ping_status":"closed","template":"","meta":{"_acf_changed":false,"_seopress_robots_primary_cat":"none","_seopress_titles_title":"","_seopress_titles_desc":"","_seopress_robots_index":""},"product_brand":[],"product_cat":[230,227],"product_tag":[],"class_list":{"0":"post-20179","1":"product","2":"type-product","3":"status-publish","4":"has-post-thumbnail","6":"product_cat-adaptery","7":"product_cat-prislusenstvi","8":"product_shipping_class-accessories","10":"first","11":"instock","12":"taxable","13":"shipping-taxable","14":"purchasable","15":"product-type-simple"},"acf":[],"_links":{"self":[{"href":"https:\/\/tutis.lt\/cs\/wp-json\/wp\/v2\/product\/20179","targetHints":{"allow":["GET"]}}],"collection":[{"href":"https:\/\/tutis.lt\/cs\/wp-json\/wp\/v2\/product"}],"about":[{"href":"https:\/\/tutis.lt\/cs\/wp-json\/wp\/v2\/types\/product"}],"replies":[{"embeddable":true,"href":"https:\/\/tutis.lt\/cs\/wp-json\/wp\/v2\/comments?post=20179"}],"wp:featuredmedia":[{"embeddable":true,"href":"https:\/\/tutis.lt\/cs\/wp-json\/wp\/v2\/media\/17240"}],"wp:attachment":[{"href":"https:\/\/tutis.lt\/cs\/wp-json\/wp\/v2\/media?parent=20179"}],"wp:term":[{"taxonomy":"product_brand","embeddable":true,"href":"https:\/\/tutis.lt\/cs\/wp-json\/wp\/v2\/product_brand?post=20179"},{"taxonomy":"product_cat","embeddable":true,"href":"https:\/\/tutis.lt\/cs\/wp-json\/wp\/v2\/product_cat?post=20179"},{"taxonomy":"product_tag","embeddable":true,"href":"https:\/\/tutis.lt\/cs\/wp-json\/wp\/v2\/product_tag?post=20179"}],"curies":[{"name":"wp","href":"https:\/\/api.w.org\/{rel}","templated":true}]}}