{"id":20172,"date":"2025-03-06T09:35:40","date_gmt":"2025-03-06T09:35:40","guid":{"rendered":"https:\/\/tutis.lt\/product\/spaci-pytel-tutis\/"},"modified":"2025-03-06T09:35:40","modified_gmt":"2025-03-06T07:35:40","slug":"spaci-pytel-tutis","status":"publish","type":"product","link":"https:\/\/tutis.lt\/cs\/produkt\/spaci-pytel-tutis\/","title":{"rendered":"Spac\u00ed pytel Tutis"},"content":{"rendered":"","protected":false},"excerpt":{"rendered":"<p>Zajist\u011bte sv\u00e9mu d\u011b\u0165\u00e1tku pohodl\u00ed a ochranu b\u011bhem chladn\u00fdch zimn\u00edch m\u011bs\u00edc\u016f s na\u0161\u00edm prvot\u0159\u00eddn\u00edm zimn\u00edm spac\u00edm pytlem. Tento spac\u00ed pytel je navr\u017een tak, aby poskytoval maxim\u00e1ln\u00ed teplo a ochranu, a je vybaven silnou, izolovanou pod\u0161\u00edvkou, kter\u00e1 chr\u00e1n\u00ed p\u0159ed v\u011btrem a sn\u011bhem. Odoln\u00fd dvojit\u00fd zip umo\u017e\u0148uje snadn\u00fd p\u0159\u00edstup a regulaci teploty, zat\u00edmco p\u0159ipojiteln\u00fd d\u00edl prodlou\u017e\u00ed vak z 80 cm na 105 cm, \u010d\u00edm\u017e se p\u0159izp\u016fsob\u00ed va\u0161emu rostouc\u00edmu d\u00edt\u011bti. D\u00edky 6 bezpe\u010dnostn\u00edm otvor\u016fm zaji\u0161\u0165uje bezpe\u010dn\u00e9 uchycen\u00ed pro v\u0161echny popruhy ko\u010d\u00e1rku. D\u00edky nepromokav\u00e9mu materi\u00e1lu nav\u00edc udr\u017e\u00ed va\u0161e d\u00edt\u011b v suchu a pohodl\u00ed, co\u017e z n\u011bj \u010din\u00ed nezbytn\u00fd dopln\u011bk pro zimn\u00ed proch\u00e1zky.    <\/p>\n","protected":false},"featured_media":18780,"comment_status":"closed","ping_status":"closed","template":"","meta":{"_acf_changed":false,"_seopress_robots_primary_cat":"none","_seopress_titles_title":"","_seopress_titles_desc":"","_seopress_robots_index":""},"product_brand":[],"product_cat":[227],"product_tag":[],"class_list":{"0":"post-20172","1":"product","2":"type-product","3":"status-publish","4":"has-post-thumbnail","6":"product_cat-prislusenstvi","7":"product_shipping_class-accessories","9":"first","10":"instock","11":"taxable","12":"shipping-taxable","13":"purchasable","14":"product-type-simple"},"acf":[],"_links":{"self":[{"href":"https:\/\/tutis.lt\/cs\/wp-json\/wp\/v2\/product\/20172","targetHints":{"allow":["GET"]}}],"collection":[{"href":"https:\/\/tutis.lt\/cs\/wp-json\/wp\/v2\/product"}],"about":[{"href":"https:\/\/tutis.lt\/cs\/wp-json\/wp\/v2\/types\/product"}],"replies":[{"embeddable":true,"href":"https:\/\/tutis.lt\/cs\/wp-json\/wp\/v2\/comments?post=20172"}],"wp:featuredmedia":[{"embeddable":true,"href":"https:\/\/tutis.lt\/cs\/wp-json\/wp\/v2\/media\/18780"}],"wp:attachment":[{"href":"https:\/\/tutis.lt\/cs\/wp-json\/wp\/v2\/media?parent=20172"}],"wp:term":[{"taxonomy":"product_brand","embeddable":true,"href":"https:\/\/tutis.lt\/cs\/wp-json\/wp\/v2\/product_brand?post=20172"},{"taxonomy":"product_cat","embeddable":true,"href":"https:\/\/tutis.lt\/cs\/wp-json\/wp\/v2\/product_cat?post=20172"},{"taxonomy":"product_tag","embeddable":true,"href":"https:\/\/tutis.lt\/cs\/wp-json\/wp\/v2\/product_tag?post=20172"}],"curies":[{"name":"wp","href":"https:\/\/api.w.org\/{rel}","templated":true}]}}