{"id":20167,"date":"2025-03-06T09:34:34","date_gmt":"2025-03-06T09:34:34","guid":{"rendered":"https:\/\/tutis.lt\/product\/zimni-rukavice-tutis\/"},"modified":"2025-03-06T09:34:34","modified_gmt":"2025-03-06T07:34:34","slug":"zimni-rukavice-tutis","status":"publish","type":"product","link":"https:\/\/tutis.lt\/cs\/produkt\/zimni-rukavice-tutis\/","title":{"rendered":"Zimn\u00ed rukavice Tutis"},"content":{"rendered":"","protected":false},"excerpt":{"rendered":"<p>Zimn\u00ed rukavice na ko\u010d\u00e1rek jsou navr\u017eeny tak, aby udr\u017eely va\u0161e ruce v teple a pohodl\u00ed p\u0159i tla\u010den\u00ed ko\u010d\u00e1rku v chladn\u00e9m po\u010das\u00ed. Tyto rukavice maj\u00ed silnou vnit\u0159n\u00ed ko\u017ee\u0161inovou pod\u0161\u00edvku, kter\u00e1 poskytuje vynikaj\u00edc\u00ed ochranu p\u0159ed v\u011btrem a sn\u011bhem a zaji\u0161\u0165uje, \u017ee va\u0161e ruce z\u016fstanou v pohodl\u00ed. Pro dokonal\u00e9 p\u0159izp\u016fsoben\u00ed maj\u00ed rukavice na boku such\u00fd zip pro snadnou zm\u011bnu velikosti. Nav\u00edc p\u00e1sek na such\u00fd zip na zadn\u00ed stran\u011b umo\u017e\u0148uje rukavice bezpe\u010dn\u011b p\u0159ipevnit k rukojeti ko\u010d\u00e1rku, tak\u017ee z\u016fstanou na sv\u00e9m m\u00edst\u011b a jsou p\u0159ipraveny k pou\u017eit\u00ed, kdykoli je budete pot\u0159ebovat.   <\/p>\n","protected":false},"featured_media":17318,"comment_status":"closed","ping_status":"closed","template":"","meta":{"_acf_changed":false,"_seopress_robots_primary_cat":"none","_seopress_titles_title":"","_seopress_titles_desc":"","_seopress_robots_index":""},"product_brand":[],"product_cat":[227],"product_tag":[],"class_list":{"0":"post-20167","1":"product","2":"type-product","3":"status-publish","4":"has-post-thumbnail","6":"product_cat-prislusenstvi","7":"product_shipping_class-accessories","9":"first","10":"instock","11":"taxable","12":"shipping-taxable","13":"purchasable","14":"product-type-simple"},"acf":[],"_links":{"self":[{"href":"https:\/\/tutis.lt\/cs\/wp-json\/wp\/v2\/product\/20167","targetHints":{"allow":["GET"]}}],"collection":[{"href":"https:\/\/tutis.lt\/cs\/wp-json\/wp\/v2\/product"}],"about":[{"href":"https:\/\/tutis.lt\/cs\/wp-json\/wp\/v2\/types\/product"}],"replies":[{"embeddable":true,"href":"https:\/\/tutis.lt\/cs\/wp-json\/wp\/v2\/comments?post=20167"}],"wp:featuredmedia":[{"embeddable":true,"href":"https:\/\/tutis.lt\/cs\/wp-json\/wp\/v2\/media\/17318"}],"wp:attachment":[{"href":"https:\/\/tutis.lt\/cs\/wp-json\/wp\/v2\/media?parent=20167"}],"wp:term":[{"taxonomy":"product_brand","embeddable":true,"href":"https:\/\/tutis.lt\/cs\/wp-json\/wp\/v2\/product_brand?post=20167"},{"taxonomy":"product_cat","embeddable":true,"href":"https:\/\/tutis.lt\/cs\/wp-json\/wp\/v2\/product_cat?post=20167"},{"taxonomy":"product_tag","embeddable":true,"href":"https:\/\/tutis.lt\/cs\/wp-json\/wp\/v2\/product_tag?post=20167"}],"curies":[{"name":"wp","href":"https:\/\/api.w.org\/{rel}","templated":true}]}}