{"id":20163,"date":"2025-03-10T11:41:41","date_gmt":"2025-03-10T11:41:41","guid":{"rendered":"https:\/\/tutis.lt\/product\/jogo\/"},"modified":"2025-08-25T09:26:53","modified_gmt":"2025-08-25T06:26:53","slug":"jogo","status":"publish","type":"product","link":"https:\/\/tutis.lt\/cs\/produkt\/jogo\/","title":{"rendered":"Jogo+"},"content":{"rendered":"","protected":false},"excerpt":{"rendered":"<p>Seznamte se se zcela nov\u00fdm ko\u010d\u00e1rkem Tutis Jogo+, kompaktn\u00edm ko\u010d\u00e1rkem stvo\u0159en\u00fdm pro dobrodru\u017estv\u00ed bez n\u00e1mahy. D\u00edky chytr\u00e9mu syst\u00e9mu skl\u00e1d\u00e1n\u00ed, pevn\u011bj\u0161\u00edm kol\u016fm a lehk\u00e9mu r\u00e1mu bude ka\u017ed\u00e1 proch\u00e1zka hra\u010dkou &#8211; a\u0165 u\u017e budete prozkoum\u00e1vat m\u011bstsk\u00e9 ulice nebo klikat\u00e9 stezky v parku.<br \/>\nD\u00edky prvot\u0159\u00eddn\u00edm materi\u00e1l\u016fm, elegantn\u00edmu designu a pohodl\u00ed, kter\u00e9 \u0161et\u0159\u00ed m\u00edsto, p\u0159in\u00e1\u0161\u00ed ko\u010d\u00e1rek Jogo+ v\u00fdkon bez kompromis\u016f.<br \/>\n<strong>Objevte sv\u00e9ho dokonal\u00e9ho spole\u010dn\u00edka na cesty je\u0161t\u011b dnes!<\/strong><\/p>\n","protected":false},"featured_media":19202,"comment_status":"closed","ping_status":"closed","template":"","meta":{"_acf_changed":false,"_seopress_robots_primary_cat":"none","_seopress_titles_title":"","_seopress_titles_desc":"","_seopress_robots_index":""},"product_brand":[],"product_cat":[226],"product_tag":[],"class_list":{"0":"post-20163","1":"product","2":"type-product","3":"status-publish","4":"has-post-thumbnail","6":"product_cat-detske-kocarky","8":"first","9":"instock","10":"taxable","11":"shipping-taxable","12":"purchasable","13":"product-type-variable","14":"has-default-attributes","15":"rtwpvg-product"},"acf":[],"_links":{"self":[{"href":"https:\/\/tutis.lt\/cs\/wp-json\/wp\/v2\/product\/20163","targetHints":{"allow":["GET"]}}],"collection":[{"href":"https:\/\/tutis.lt\/cs\/wp-json\/wp\/v2\/product"}],"about":[{"href":"https:\/\/tutis.lt\/cs\/wp-json\/wp\/v2\/types\/product"}],"replies":[{"embeddable":true,"href":"https:\/\/tutis.lt\/cs\/wp-json\/wp\/v2\/comments?post=20163"}],"wp:featuredmedia":[{"embeddable":true,"href":"https:\/\/tutis.lt\/cs\/wp-json\/wp\/v2\/media\/19202"}],"wp:attachment":[{"href":"https:\/\/tutis.lt\/cs\/wp-json\/wp\/v2\/media?parent=20163"}],"wp:term":[{"taxonomy":"product_brand","embeddable":true,"href":"https:\/\/tutis.lt\/cs\/wp-json\/wp\/v2\/product_brand?post=20163"},{"taxonomy":"product_cat","embeddable":true,"href":"https:\/\/tutis.lt\/cs\/wp-json\/wp\/v2\/product_cat?post=20163"},{"taxonomy":"product_tag","embeddable":true,"href":"https:\/\/tutis.lt\/cs\/wp-json\/wp\/v2\/product_tag?post=20163"}],"curies":[{"name":"wp","href":"https:\/\/api.w.org\/{rel}","templated":true}]}}