{"id":20142,"date":"2025-07-18T10:01:24","date_gmt":"2025-07-18T07:01:24","guid":{"rendered":"https:\/\/tutis.lt\/product\/novorozenecka-vlozka\/"},"modified":"2025-07-18T10:01:24","modified_gmt":"2025-07-18T07:01:24","slug":"novorozenecka-vlozka","status":"publish","type":"product","link":"https:\/\/tutis.lt\/cs\/produkt\/novorozenecka-vlozka\/","title":{"rendered":"Novorozeneck\u00e1 vlo\u017eka"},"content":{"rendered":"","protected":false},"excerpt":{"rendered":"<p>Novorozeneck\u00e1 vlo\u017eka poskytuje dodate\u010dnou ochranu a pohodl\u00ed p\u0159i prvn\u00edch cest\u00e1ch va\u0161eho d\u00edt\u011bte. Snadno se instaluje do seda\u010dky ko\u010d\u00e1rku a vytv\u00e1\u0159\u00ed pohodln\u00fd, le\u017e\u00edc\u00ed povrch ide\u00e1ln\u00ed pro novorozence. <\/p>\n<p>Integrovan\u00e1 <strong>technologie SENSORY TECH<\/strong> podporuje rozvoj smysl\u016f v ran\u00e9m v\u011bku, zat\u00edmco tkanina s antibakteri\u00e1ln\u00ed ochranou <strong>SILVER-ION\u2122<\/strong> udr\u017euje v\u011bci sv\u011b\u017e\u00ed a bezpe\u010dn\u00e9.<\/p>\n<p>Vhodn\u00e9 od narozen\u00ed do 6 m\u011bs\u00edc\u016f.<\/p>\n","protected":false},"featured_media":19562,"comment_status":"closed","ping_status":"closed","template":"","meta":{"_acf_changed":false,"_seopress_robots_primary_cat":"none","_seopress_titles_title":"","_seopress_titles_desc":"","_seopress_robots_index":""},"product_brand":[],"product_cat":[227],"product_tag":[],"class_list":{"0":"post-20142","1":"product","2":"type-product","3":"status-publish","4":"has-post-thumbnail","6":"product_cat-prislusenstvi","7":"product_shipping_class-accessories","9":"first","10":"instock","11":"taxable","12":"shipping-taxable","13":"purchasable","14":"product-type-simple"},"acf":[],"_links":{"self":[{"href":"https:\/\/tutis.lt\/cs\/wp-json\/wp\/v2\/product\/20142","targetHints":{"allow":["GET"]}}],"collection":[{"href":"https:\/\/tutis.lt\/cs\/wp-json\/wp\/v2\/product"}],"about":[{"href":"https:\/\/tutis.lt\/cs\/wp-json\/wp\/v2\/types\/product"}],"replies":[{"embeddable":true,"href":"https:\/\/tutis.lt\/cs\/wp-json\/wp\/v2\/comments?post=20142"}],"wp:featuredmedia":[{"embeddable":true,"href":"https:\/\/tutis.lt\/cs\/wp-json\/wp\/v2\/media\/19562"}],"wp:attachment":[{"href":"https:\/\/tutis.lt\/cs\/wp-json\/wp\/v2\/media?parent=20142"}],"wp:term":[{"taxonomy":"product_brand","embeddable":true,"href":"https:\/\/tutis.lt\/cs\/wp-json\/wp\/v2\/product_brand?post=20142"},{"taxonomy":"product_cat","embeddable":true,"href":"https:\/\/tutis.lt\/cs\/wp-json\/wp\/v2\/product_cat?post=20142"},{"taxonomy":"product_tag","embeddable":true,"href":"https:\/\/tutis.lt\/cs\/wp-json\/wp\/v2\/product_tag?post=20142"}],"curies":[{"name":"wp","href":"https:\/\/api.w.org\/{rel}","templated":true}]}}