{"id":19950,"date":"2024-08-15T12:02:22","date_gmt":"2024-08-15T12:02:22","guid":{"rendered":"https:\/\/tutis.lt\/product\/kryt-proti-desti-tutis\/"},"modified":"2025-08-21T15:20:17","modified_gmt":"2025-08-21T12:20:17","slug":"kryt-proti-desti-tutis","status":"publish","type":"product","link":"https:\/\/tutis.lt\/cs\/produkt\/kryt-proti-desti-tutis\/","title":{"rendered":"Kryt proti de\u0161ti Tutis"},"content":{"rendered":"\t\t<div data-elementor-type=\"wp-post\" data-elementor-id=\"19950\" class=\"elementor elementor-19950 elementor-4443\" data-elementor-post-type=\"product\">\n\t\t\t\t<div class=\"elementor-element elementor-element-aa4b7b4 bfr_buy_sect e-flex e-con-boxed e-con e-parent\" data-id=\"aa4b7b4\" data-element_type=\"container\" data-e-type=\"container\">\n\t\t\t\t\t<div class=\"e-con-inner\">\n\t\t<div class=\"elementor-element elementor-element-61db2a1 e-con-full cus_wdt e-flex e-con e-child\" data-id=\"61db2a1\" data-element_type=\"container\" data-e-type=\"container\">\n\t\t\t\t<div class=\"elementor-element elementor-element-10bed7b ftr_head elementor-widget elementor-widget-heading\" data-id=\"10bed7b\" data-element_type=\"widget\" data-e-type=\"widget\" data-widget_type=\"heading.default\">\n\t\t\t\t<div class=\"elementor-widget-container\">\n\t\t\t\t\t<h2 class=\"elementor-heading-title elementor-size-default\">Funkce<\/h2>\t\t\t\t<\/div>\n\t\t\t\t<\/div>\n\t\t\t\t<div class=\"elementor-element elementor-element-de62bbb elementor-position-inline-start elementor-mobile-position-inline-start elementor-view-default elementor-widget elementor-widget-icon-box\" data-id=\"de62bbb\" data-element_type=\"widget\" data-e-type=\"widget\" data-widget_type=\"icon-box.default\">\n\t\t\t\t<div class=\"elementor-widget-container\">\n\t\t\t\t\t\t\t<div class=\"elementor-icon-box-wrapper\">\n\n\t\t\t\t\t\t<div class=\"elementor-icon-box-icon\">\n\t\t\t\t<span  class=\"elementor-icon\">\n\t\t\t\t\t\t\t\t<\/span>\n\t\t\t<\/div>\n\t\t\t\n\t\t\t\t\t\t<div class=\"elementor-icon-box-content\">\n\n\t\t\t\t\t\t\t\t\t<h3 class=\"elementor-icon-box-title\">\n\t\t\t\t\t\t<span  >\n\t\t\t\t\t\t\tOchrana p\u0159ed pov\u011btrnostn\u00edmi vlivy\t\t\t\t\t\t<\/span>\n\t\t\t\t\t<\/h3>\n\t\t\t\t\n\t\t\t\t\t\t\t\t\t<p class=\"elementor-icon-box-description\">\n\t\t\t\t\t\tKryt proti de\u0161ti poskytuje komplexn\u00ed ochranu p\u0159ed de\u0161t\u011bm, v\u011btrem a sn\u011bhem, tak\u017ee va\u0161e d\u00edt\u011b z\u016fstane b\u011bhem v\u00fdlet\u016f chr\u00e1n\u011bno p\u0159ed nep\u0159\u00edzniv\u00fdmi vlivy.\t\t\t\t\t<\/p>\n\t\t\t\t\n\t\t\t<\/div>\n\t\t\t\n\t\t<\/div>\n\t\t\t\t\t\t<\/div>\n\t\t\t\t<\/div>\n\t\t\t\t<div class=\"elementor-element elementor-element-510429b elementor-position-inline-start elementor-mobile-position-inline-start elementor-view-default elementor-widget elementor-widget-icon-box\" data-id=\"510429b\" data-element_type=\"widget\" data-e-type=\"widget\" data-widget_type=\"icon-box.default\">\n\t\t\t\t<div class=\"elementor-widget-container\">\n\t\t\t\t\t\t\t<div class=\"elementor-icon-box-wrapper\">\n\n\t\t\t\t\t\t<div class=\"elementor-icon-box-icon\">\n\t\t\t\t<span  class=\"elementor-icon\">\n\t\t\t\t\t\t\t\t<\/span>\n\t\t\t<\/div>\n\t\t\t\n\t\t\t\t\t\t<div class=\"elementor-icon-box-content\">\n\n\t\t\t\t\t\t\t\t\t<h3 class=\"elementor-icon-box-title\">\n\t\t\t\t\t\t<span  >\n\t\t\t\t\t\t\tP\u0159\u00edstup k p\u0159edn\u00edmu oknu\t\t\t\t\t\t<\/span>\n\t\t\t\t\t<\/h3>\n\t\t\t\t\n\t\t\t\t\t\t\t\t\t<p class=\"elementor-icon-box-description\">\n\t\t\t\t\t\tKryt je vybaven p\u0159edn\u00edm ok\u00e9nkem a umo\u017e\u0148uje rychl\u00fd a snadn\u00fd p\u0159\u00edstup k d\u00edt\u011bti, tak\u017ee ho m\u016f\u017eete zkontrolovat nebo se v\u011bnovat jeho pot\u0159eb\u00e1m, ani\u017e byste museli kryt sund\u00e1vat.\t\t\t\t\t<\/p>\n\t\t\t\t\n\t\t\t<\/div>\n\t\t\t\n\t\t<\/div>\n\t\t\t\t\t\t<\/div>\n\t\t\t\t<\/div>\n\t\t\t\t<div class=\"elementor-element elementor-element-13404a3 elementor-position-inline-start elementor-mobile-position-inline-start elementor-view-default elementor-widget elementor-widget-icon-box\" data-id=\"13404a3\" data-element_type=\"widget\" data-e-type=\"widget\" data-widget_type=\"icon-box.default\">\n\t\t\t\t<div class=\"elementor-widget-container\">\n\t\t\t\t\t\t\t<div class=\"elementor-icon-box-wrapper\">\n\n\t\t\t\t\t\t<div class=\"elementor-icon-box-icon\">\n\t\t\t\t<span  class=\"elementor-icon\">\n\t\t\t\t\t\t\t\t<\/span>\n\t\t\t<\/div>\n\t\t\t\n\t\t\t\t\t\t<div class=\"elementor-icon-box-content\">\n\n\t\t\t\t\t\t\t\t\t<h3 class=\"elementor-icon-box-title\">\n\t\t\t\t\t\t<span  >\n\t\t\t\t\t\t\tV\u0161estrann\u00fd st\u0159ih\t\t\t\t\t\t<\/span>\n\t\t\t\t\t<\/h3>\n\t\t\t\t\n\t\t\t\t\t\t\t\t\t<p class=\"elementor-icon-box-description\">\n\t\t\t\t\t\tTento potah je navr\u017een tak, aby se hodil jak k nos\u00edtku, tak k autoseda\u010dce Tutis, a poskytuje tak univerz\u00e1ln\u00ed pokryt\u00ed pro r\u016fzn\u00e9 f\u00e1ze r\u016fstu d\u00edt\u011bte.\t\t\t\t\t<\/p>\n\t\t\t\t\n\t\t\t<\/div>\n\t\t\t\n\t\t<\/div>\n\t\t\t\t\t\t<\/div>\n\t\t\t\t<\/div>\n\t\t\t\t<div class=\"elementor-element elementor-element-232dd5d elementor-position-inline-start elementor-mobile-position-inline-start elementor-view-default elementor-widget elementor-widget-icon-box\" data-id=\"232dd5d\" data-element_type=\"widget\" data-e-type=\"widget\" data-widget_type=\"icon-box.default\">\n\t\t\t\t<div class=\"elementor-widget-container\">\n\t\t\t\t\t\t\t<div class=\"elementor-icon-box-wrapper\">\n\n\t\t\t\t\t\t<div class=\"elementor-icon-box-icon\">\n\t\t\t\t<span  class=\"elementor-icon\">\n\t\t\t\t\t\t\t\t<\/span>\n\t\t\t<\/div>\n\t\t\t\n\t\t\t\t\t\t<div class=\"elementor-icon-box-content\">\n\n\t\t\t\t\t\t\t\t\t<h3 class=\"elementor-icon-box-title\">\n\t\t\t\t\t\t<span  >\n\t\t\t\t\t\t\tSnadn\u00e9 pou\u017eit\u00ed\t\t\t\t\t\t<\/span>\n\t\t\t\t\t<\/h3>\n\t\t\t\t\n\t\t\t\t\t\t\t\t\t<p class=\"elementor-icon-box-description\">\n\t\t\t\t\t\tPl\u00e1\u0161t\u011bnku lze jednodu\u0161e nasadit a sundat, co\u017e umo\u017e\u0148uje rychl\u00e9 \u00fapravy a zaji\u0161\u0165uje, \u017ee je v\u00e1\u0161 ko\u010d\u00e1rek v\u017edy p\u0159ipraven na nep\u0159edv\u00eddateln\u00e9 po\u010das\u00ed.\t\t\t\t\t<\/p>\n\t\t\t\t\n\t\t\t<\/div>\n\t\t\t\n\t\t<\/div>\n\t\t\t\t\t\t<\/div>\n\t\t\t\t<\/div>\n\t\t\t\t<\/div>\n\t\t\t\t\t<\/div>\n\t\t\t\t<\/div>\n\t\t<div class=\"elementor-element elementor-element-6be8bc2 aft_buy_sect e-flex e-con-boxed e-con e-parent\" data-id=\"6be8bc2\" data-element_type=\"container\" data-e-type=\"container\">\n\t\t\t\t\t<div class=\"e-con-inner\">\n\t\t<div class=\"elementor-element elementor-element-70d291e e-con-full cus_wdt e-flex e-con e-child\" data-id=\"70d291e\" data-element_type=\"container\" data-e-type=\"container\">\n\t\t\t\t<div class=\"elementor-element elementor-element-c9af539 elementor-hidden-tablet elementor-hidden-mobile elementor-widget elementor-widget-image\" data-id=\"c9af539\" data-element_type=\"widget\" data-e-type=\"widget\" data-widget_type=\"image.default\">\n\t\t\t\t<div class=\"elementor-widget-container\">\n\t\t\t\t\t\t\t\t\t\t\t\t\t\t\t<img decoding=\"async\" src=\"https:\/\/tutis.lt\/bllg_files\/2024\/08\/secured-payment-2.jpg\" title=\"\" alt=\"\" loading=\"lazy\" \/>\t\t\t\t\t\t\t\t\t\t\t\t\t\t\t<\/div>\n\t\t\t\t<\/div>\n\t\t\t\t<div class=\"elementor-element elementor-element-17dfaba elementor-hidden-desktop elementor-widget elementor-widget-image\" data-id=\"17dfaba\" data-element_type=\"widget\" data-e-type=\"widget\" data-widget_type=\"image.default\">\n\t\t\t\t<div class=\"elementor-widget-container\">\n\t\t\t\t\t\t\t\t\t\t\t\t\t\t\t<img decoding=\"async\" src=\"https:\/\/tutis.lt\/bllg_files\/2024\/07\/Frame-592.png\" title=\"\" alt=\"\" loading=\"lazy\" \/>\t\t\t\t\t\t\t\t\t\t\t\t\t\t\t<\/div>\n\t\t\t\t<\/div>\n\t\t\t\t<div class=\"elementor-element elementor-element-c8ba234 sng_prd_popup elementor-widget elementor-widget-shortcode\" data-id=\"c8ba234\" data-element_type=\"widget\" data-e-type=\"widget\" data-widget_type=\"shortcode.default\">\n\t\t\t\t<div class=\"elementor-widget-container\">\n\t\t\t\t\t\t\t<div class=\"elementor-shortcode\">[wpforms id=\"645\"]<\/div>\n\t\t\t\t\t\t<\/div>\n\t\t\t\t<\/div>\n\t\t<div class=\"elementor-element elementor-element-5957cab e-con-full e-flex e-con e-child\" data-id=\"5957cab\" data-element_type=\"container\" data-e-type=\"container\">\n\t\t\t\t<div class=\"elementor-element elementor-element-399d9b4 elementor-widget__width-auto elementor-mobile-align-justify elementor-widget-mobile__width-inherit elementor-tablet-align-justify elementor-widget-tablet__width-inherit elementor-align-left ico_btn elementor-widget elementor-widget-button\" data-id=\"399d9b4\" data-element_type=\"widget\" data-e-type=\"widget\" data-widget_type=\"button.default\">\n\t\t\t\t<div class=\"elementor-widget-container\">\n\t\t\t\t\t\t\t\t\t<div class=\"elementor-button-wrapper\">\n\t\t\t\t\t<a class=\"elementor-button elementor-button-link elementor-size-sm\" href=\"#\">\n\t\t\t\t\t\t<span class=\"elementor-button-content-wrapper\">\n\t\t\t\t\t\t<span class=\"elementor-button-icon\">\n\t\t\t\t\t\t\t<\/span>\n\t\t\t\t\t\t\t\t\t<span class=\"elementor-button-text\">St\u00e1hnout u\u017eivatelskou p\u0159\u00edru\u010dku<\/span>\n\t\t\t\t\t<\/span>\n\t\t\t\t\t<\/a>\n\t\t\t\t<\/div>\n\t\t\t\t\t\t\t\t<\/div>\n\t\t\t\t<\/div>\n\t\t\t\t<div class=\"elementor-element elementor-element-ef396cf elementor-widget__width-initial elementor-mobile-align-justify elementor-widget-mobile__width-inherit elementor-tablet-align-justify elementor-widget-tablet__width-inherit btn_form_popup elementor-align-justify elementor-widget elementor-widget-button\" data-id=\"ef396cf\" data-element_type=\"widget\" data-e-type=\"widget\" data-widget_type=\"button.default\">\n\t\t\t\t<div class=\"elementor-widget-container\">\n\t\t\t\t\t\t\t\t\t<div class=\"elementor-button-wrapper\">\n\t\t\t\t\t<a class=\"elementor-button elementor-button-link elementor-size-sm\" href=\"#service_centre\">\n\t\t\t\t\t\t<span class=\"elementor-button-content-wrapper\">\n\t\t\t\t\t\t\t\t\t<span class=\"elementor-button-text\">Pot\u0159ebujete pomoc?<\/span>\n\t\t\t\t\t<\/span>\n\t\t\t\t\t<\/a>\n\t\t\t\t<\/div>\n\t\t\t\t\t\t\t\t<\/div>\n\t\t\t\t<\/div>\n\t\t\t\t<\/div>\n\t\t\t\t<\/div>\n\t\t\t\t\t<\/div>\n\t\t\t\t<\/div>\n\t\t<div class=\"elementor-element elementor-element-8428119 e-flex e-con-boxed e-con e-parent\" data-id=\"8428119\" data-element_type=\"container\" data-e-type=\"container\">\n\t\t\t\t\t<div class=\"e-con-inner\">\n\t\t<div class=\"elementor-element elementor-element-6bb3da7 e-con-full e-flex e-con e-child\" data-id=\"6bb3da7\" data-element_type=\"container\" data-e-type=\"container\">\n\t\t<div class=\"elementor-element elementor-element-ceb7884 e-con-full e-flex e-con e-child\" data-id=\"ceb7884\" data-element_type=\"container\" data-e-type=\"container\">\n\t\t\t\t<div class=\"elementor-element elementor-element-13f4c56 elementor-widget elementor-widget-heading\" data-id=\"13f4c56\" data-element_type=\"widget\" data-e-type=\"widget\" data-widget_type=\"heading.default\">\n\t\t\t\t<div class=\"elementor-widget-container\">\n\t\t\t\t\t<h2 class=\"elementor-heading-title elementor-size-default\">O krytu Rain Cover<\/h2>\t\t\t\t<\/div>\n\t\t\t\t<\/div>\n\t\t\t\t<div class=\"elementor-element elementor-element-d9be680 elementor-widget elementor-widget-text-editor\" data-id=\"d9be680\" data-element_type=\"widget\" data-e-type=\"widget\" data-widget_type=\"text-editor.default\">\n\t\t\t\t<div class=\"elementor-widget-container\">\n\t\t\t\t\t\t\t\t\t<p>Pl\u00e1\u0161t\u011bnka Tutis je navr\u017eena tak, aby chr\u00e1nila va\u0161e d\u00edt\u011b p\u0159ed nep\u0159\u00edzniv\u00fdmi vlivy, v\u010detn\u011b de\u0161t\u011b, v\u011btru a sn\u011bhu. Spolehliv\u011b kryje jak nos\u00edtko, tak autoseda\u010dku Tutis a zaji\u0161\u0165uje, \u017ee va\u0161e d\u00edt\u011b z\u016fstane v suchu a pohodl\u00ed bez ohledu na po\u010das\u00ed. D\u00edky praktick\u00e9mu p\u0159edn\u00edmu ok\u00e9nku pro rychl\u00fd p\u0159\u00edstup se tento kryt proti de\u0161ti snadno pou\u017e\u00edv\u00e1, co\u017e z n\u011bj \u010din\u00ed nezbytn\u00fd dopln\u011bk pro ka\u017ed\u00e9ho rodi\u010de.  <\/p>\t\t\t\t\t\t\t\t<\/div>\n\t\t\t\t<\/div>\n\t\t\t\t<div class=\"elementor-element elementor-element-7f429c4 elementor-widget elementor-widget-heading\" data-id=\"7f429c4\" data-element_type=\"widget\" data-e-type=\"widget\" data-widget_type=\"heading.default\">\n\t\t\t\t<div class=\"elementor-widget-container\">\n\t\t\t\t\t<h3 class=\"elementor-heading-title elementor-size-default\">Pro\u010d si vybrat pl\u00e1\u0161t\u011bnku Tutis?  <\/h3>\t\t\t\t<\/div>\n\t\t\t\t<\/div>\n\t\t\t\t<div class=\"elementor-element elementor-element-45be328 elementor-widget elementor-widget-text-editor\" data-id=\"45be328\" data-element_type=\"widget\" data-e-type=\"widget\" data-widget_type=\"text-editor.default\">\n\t\t\t\t<div class=\"elementor-widget-container\">\n\t\t\t\t\t\t\t\t\t<p>Pl\u00e1\u0161t\u011bnka Tutis je praktick\u00fdm a nezbytn\u00fdm dopl\u0148kem pro rodi\u010de, kte\u0159\u00ed cht\u011bj\u00ed sv\u00e9 d\u00edt\u011b ochr\u00e1nit p\u0159ed nep\u0159\u00edzniv\u00fdm po\u010das\u00edm. D\u00edky promy\u0161len\u00e9mu designu v\u010detn\u011b p\u0159edn\u00edho ok\u00e9nka pro snadn\u00fd p\u0159\u00edstup je vhodn\u00fdm dopl\u0148kem k sestav\u011b ko\u010d\u00e1rku Tutis. <\/p>\t\t\t\t\t\t\t\t<\/div>\n\t\t\t\t<\/div>\n\t\t\t\t<\/div>\n\t\t<div class=\"elementor-element elementor-element-a20416d e-con-full e-flex e-con e-child\" data-id=\"a20416d\" data-element_type=\"container\" data-e-type=\"container\">\n\t\t\t\t<div class=\"elementor-element elementor-element-8a761fe elementor-widget elementor-widget-image\" data-id=\"8a761fe\" data-element_type=\"widget\" data-e-type=\"widget\" data-widget_type=\"image.default\">\n\t\t\t\t<div class=\"elementor-widget-container\">\n\t\t\t\t\t\t\t\t\t\t\t\t\t\t\t<img fetchpriority=\"high\" decoding=\"async\" width=\"1024\" height=\"1024\" src=\"https:\/\/tutis.lt\/wp-content\/uploads\/2024\/08\/tutis_rain_cover.webp\" class=\"attachment-full size-full wp-image-14711\" alt=\"tutis_rain_cover\" srcset=\"https:\/\/tutis.lt\/wp-content\/uploads\/2024\/08\/tutis_rain_cover.webp 1024w, https:\/\/tutis.lt\/wp-content\/uploads\/2024\/08\/tutis_rain_cover-300x300.webp 300w, https:\/\/tutis.lt\/wp-content\/uploads\/2024\/08\/tutis_rain_cover-150x150.webp 150w, https:\/\/tutis.lt\/wp-content\/uploads\/2024\/08\/tutis_rain_cover-768x768.webp 768w, https:\/\/tutis.lt\/wp-content\/uploads\/2024\/08\/tutis_rain_cover-600x600.webp 600w, https:\/\/tutis.lt\/wp-content\/uploads\/2024\/08\/tutis_rain_cover-100x100.webp 100w\" sizes=\"(max-width: 1024px) 100vw, 1024px\" \/>\t\t\t\t\t\t\t\t\t\t\t\t\t\t\t<\/div>\n\t\t\t\t<\/div>\n\t\t\t\t<\/div>\n\t\t\t\t<\/div>\n\t\t\t\t\t<\/div>\n\t\t\t\t<\/div>\n\t\t<div class=\"elementor-element elementor-element-e9cd2e0 e-flex e-con-boxed e-con e-parent\" data-id=\"e9cd2e0\" data-element_type=\"container\" data-e-type=\"container\" data-settings=\"{&quot;background_background&quot;:&quot;classic&quot;}\">\n\t\t\t\t\t<div class=\"e-con-inner\">\n\t\t\t\t<div class=\"elementor-element elementor-element-23fd36f elementor-widget elementor-widget-heading\" data-id=\"23fd36f\" data-element_type=\"widget\" data-e-type=\"widget\" data-widget_type=\"heading.default\">\n\t\t\t\t<div class=\"elementor-widget-container\">\n\t\t\t\t\t<h2 class=\"elementor-heading-title elementor-size-default\">Specifikace<\/h2>\t\t\t\t<\/div>\n\t\t\t\t<\/div>\n\t\t<div class=\"elementor-element elementor-element-b9ea84e e-con-full e-grid e-con e-child\" data-id=\"b9ea84e\" data-element_type=\"container\" data-e-type=\"container\">\n\t\t<div class=\"elementor-element elementor-element-b99a9b7 e-con-full e-flex e-con e-child\" data-id=\"b99a9b7\" data-element_type=\"container\" data-e-type=\"container\">\n\t\t\t\t<div class=\"elementor-element elementor-element-d0e2c5a elementor-widget__width-initial elementor-widget elementor-widget-text-editor\" data-id=\"d0e2c5a\" data-element_type=\"widget\" data-e-type=\"widget\" data-widget_type=\"text-editor.default\">\n\t\t\t\t<div class=\"elementor-widget-container\">\n\t\t\t\t\t\t\t\t\t<p><span style=\"font-family: Outfit, sans-serif;\">Zajist\u011bte sv\u00e9mu d\u00edt\u011bti pohodl\u00ed a ochranu za v\u0161ech pov\u011btrnostn\u00edch podm\u00ednek s pl\u00e1\u0161t\u011bnkou Tutis a u\u017eijte si klid p\u0159i ka\u017ed\u00e9m dobrodru\u017estv\u00ed.<\/span><\/p>\t\t\t\t\t\t\t\t<\/div>\n\t\t\t\t<\/div>\n\t\t\t\t<\/div>\n\t\t<div class=\"elementor-element elementor-element-6b90da0 e-con-full e-flex e-con e-child\" data-id=\"6b90da0\" data-element_type=\"container\" data-e-type=\"container\">\n\t\t\t\t<div class=\"elementor-element elementor-element-c10c72f elementor-widget elementor-widget-heading\" data-id=\"c10c72f\" data-element_type=\"widget\" data-e-type=\"widget\" data-widget_type=\"heading.default\">\n\t\t\t\t<div class=\"elementor-widget-container\">\n\t\t\t\t\t<h2 class=\"elementor-heading-title elementor-size-default\">Kl\u00ed\u010dov\u00e9 specifikace:\n<\/h2>\t\t\t\t<\/div>\n\t\t\t\t<\/div>\n\t\t\t\t<div class=\"elementor-element elementor-element-f73e90b elementor-widget__width-initial elementor-widget elementor-widget-text-editor\" data-id=\"f73e90b\" data-element_type=\"widget\" data-e-type=\"widget\" data-widget_type=\"text-editor.default\">\n\t\t\t\t<div class=\"elementor-widget-container\">\n\t\t\t\t\t\t\t\t\t<p><b>Ochrana<\/b><span style=\"font-weight: 400;\">: Chr\u00e1n\u00ed p\u0159ed de\u0161t\u011bm, v\u011btrem a sn\u011bhem.<\/span><\/p><p><b>P\u0159\u00edstup na<\/b><span style=\"font-weight: 400;\">: P\u0159edn\u00ed okno pro snadn\u00fd p\u0159\u00edstup d\u011bt\u00ed<\/span><\/p><p><b>Kompatibilita<\/b><span style=\"font-weight: 400;\">: Vhodn\u00fd pro p\u0159enosnou post\u00fdlku a autoseda\u010dku Tutis.<\/span><\/p><p><b>Snadnost pou\u017eit\u00ed<\/b><span style=\"font-weight: 400;\">: Jednoduch\u00e9 nasazov\u00e1n\u00ed a sund\u00e1v\u00e1n\u00ed.<\/span><\/p><p> <\/p><p> <\/p>\t\t\t\t\t\t\t\t<\/div>\n\t\t\t\t<\/div>\n\t\t\t\t<\/div>\n\t\t\t\t<\/div>\n\t\t<div class=\"elementor-element elementor-element-c20e8e8 e-con-full e-flex e-con e-child\" data-id=\"c20e8e8\" data-element_type=\"container\" data-e-type=\"container\">\n\t\t\t\t<div class=\"elementor-element elementor-element-b3538bf btn_form_popup elementor-widget elementor-widget-button\" data-id=\"b3538bf\" data-element_type=\"widget\" data-e-type=\"widget\" data-widget_type=\"button.default\">\n\t\t\t\t<div class=\"elementor-widget-container\">\n\t\t\t\t\t\t\t\t\t<div class=\"elementor-button-wrapper\">\n\t\t\t\t\t<a class=\"elementor-button elementor-size-sm\" role=\"button\">\n\t\t\t\t\t\t<span class=\"elementor-button-content-wrapper\">\n\t\t\t\t\t\t\t\t\t<span class=\"elementor-button-text\">Pot\u0159ebujete pomoc ?<\/span>\n\t\t\t\t\t<\/span>\n\t\t\t\t\t<\/a>\n\t\t\t\t<\/div>\n\t\t\t\t\t\t\t\t<\/div>\n\t\t\t\t<\/div>\n\t\t\t\t<\/div>\n\t\t\t\t\t<\/div>\n\t\t\t\t<\/div>\n\t\t<div class=\"elementor-element elementor-element-e867231 e-flex e-con-boxed e-con e-parent\" data-id=\"e867231\" data-element_type=\"container\" data-e-type=\"container\">\n\t\t\t\t\t<div class=\"e-con-inner\">\n\t\t<div class=\"elementor-element elementor-element-41b4bf2 e-con-full e-flex e-con e-child\" data-id=\"41b4bf2\" data-element_type=\"container\" data-e-type=\"container\">\n\t\t\t\t<div class=\"elementor-element elementor-element-837aa25 elementor-widget elementor-widget-image\" data-id=\"837aa25\" data-element_type=\"widget\" data-e-type=\"widget\" data-widget_type=\"image.default\">\n\t\t\t\t<div class=\"elementor-widget-container\">\n\t\t\t\t\t\t\t\t\t\t\t\t\t\t\t<img decoding=\"async\" width=\"1440\" height=\"640\" src=\"https:\/\/tutis.lt\/wp-content\/uploads\/2024\/08\/Frame-607.png\" class=\"attachment-full size-full wp-image-14717\" alt=\"child002\" srcset=\"https:\/\/tutis.lt\/wp-content\/uploads\/2024\/08\/Frame-607.png 1440w, https:\/\/tutis.lt\/wp-content\/uploads\/2024\/08\/Frame-607-300x133.png 300w, https:\/\/tutis.lt\/wp-content\/uploads\/2024\/08\/Frame-607-1024x455.png 1024w, https:\/\/tutis.lt\/wp-content\/uploads\/2024\/08\/Frame-607-768x341.png 768w, https:\/\/tutis.lt\/wp-content\/uploads\/2024\/08\/Frame-607-600x267.png 600w\" sizes=\"(max-width: 1440px) 100vw, 1440px\" \/>\t\t\t\t\t\t\t\t\t\t\t\t\t\t\t<\/div>\n\t\t\t\t<\/div>\n\t\t\t\t<\/div>\n\t\t<div class=\"elementor-element elementor-element-f997467 e-con-full e-flex e-con e-child\" data-id=\"f997467\" data-element_type=\"container\" data-e-type=\"container\">\n\t\t<div class=\"elementor-element elementor-element-ae5f3ba e-grid e-con-full e-con e-child\" data-id=\"ae5f3ba\" data-element_type=\"container\" data-e-type=\"container\">\n\t\t\t\t<div class=\"elementor-element elementor-element-ab6f6df elementor-widget elementor-widget-heading\" data-id=\"ab6f6df\" data-element_type=\"widget\" data-e-type=\"widget\" data-widget_type=\"heading.default\">\n\t\t\t\t<div class=\"elementor-widget-container\">\n\t\t\t\t\t<h2 class=\"elementor-heading-title elementor-size-default\">Opakovan\u011b pou\u017eiteln\u00fd obal a zelen\u00e1 energie<\/h2>\t\t\t\t<\/div>\n\t\t\t\t<\/div>\n\t\t<div class=\"elementor-element elementor-element-651e18c e-con-full e-flex e-con e-child\" data-id=\"651e18c\" data-element_type=\"container\" data-e-type=\"container\">\n\t\t\t\t<div class=\"elementor-element elementor-element-b047a0f elementor-widget elementor-widget-text-editor\" data-id=\"b047a0f\" data-element_type=\"widget\" data-e-type=\"widget\" data-widget_type=\"text-editor.default\">\n\t\t\t\t<div class=\"elementor-widget-container\">\n\t\t\t\t\t\t\t\t\t<p>Zdvojn\u00e1sobujeme kapacitu na\u0161\u00ed farmy sol\u00e1rn\u00edch panel\u016f, p\u0159i\u010dem\u017e prioritou je udr\u017eitelnost a inovace. Vyu\u017e\u00edv\u00e1n\u00edm sol\u00e1rn\u00ed energie v\u00fdznamn\u011b ovliv\u0148ujeme \u017eivotn\u00ed prost\u0159ed\u00ed. <\/p>\t\t\t\t\t\t\t\t<\/div>\n\t\t\t\t<\/div>\n\t\t\t\t<div class=\"elementor-element elementor-element-7ec9375 elementor-widget elementor-widget-text-editor\" data-id=\"7ec9375\" data-element_type=\"widget\" data-e-type=\"widget\" data-widget_type=\"text-editor.default\">\n\t\t\t\t<div class=\"elementor-widget-container\">\n\t\t\t\t\t\t\t\t\t<p>Do dne\u0161n\u00edho dne jsme d\u00edky na\u0161emu \u00fasil\u00ed zabr\u00e1nili sp\u00e1len\u00ed v\u00edce ne\u017e 82 000 kg uhl\u00ed a zabr\u00e1nili 97 500 kg emis\u00ed CO2, co\u017e odpov\u00edd\u00e1 vysazen\u00ed 134 strom\u016f. Spole\u010dn\u011b pokra\u010dujme v budov\u00e1n\u00ed \u010dist\u0161\u00ed, ekologi\u010dt\u011bj\u0161\u00ed Litvy, ekologi\u010dt\u011bj\u0161\u00ed Evropy! \ud83c\udf1e\ud83c\udf33  <\/p>\t\t\t\t\t\t\t\t<\/div>\n\t\t\t\t<\/div>\n\t\t\t\t<\/div>\n\t\t<div class=\"elementor-element elementor-element-35403df e-grid e-con-full e-con e-child\" data-id=\"35403df\" data-element_type=\"container\" data-e-type=\"container\">\n\t\t\t\t<\/div>\n\t\t<div class=\"elementor-element elementor-element-78c99a6 e-grid e-con-full e-con e-child\" data-id=\"78c99a6\" data-element_type=\"container\" data-e-type=\"container\">\n\t\t<div class=\"elementor-element elementor-element-362018f e-con-full e-flex e-con e-child\" data-id=\"362018f\" data-element_type=\"container\" data-e-type=\"container\">\n\t\t\t\t<div class=\"elementor-element elementor-element-7d6e706 elementor-widget elementor-widget-heading\" data-id=\"7d6e706\" data-element_type=\"widget\" data-e-type=\"widget\" data-widget_type=\"heading.default\">\n\t\t\t\t<div class=\"elementor-widget-container\">\n\t\t\t\t\t<h2 class=\"elementor-heading-title elementor-size-default\">82 000 +<\/h2>\t\t\t\t<\/div>\n\t\t\t\t<\/div>\n\t\t\t\t<div class=\"elementor-element elementor-element-c481451 elementor-widget elementor-widget-text-editor\" data-id=\"c481451\" data-element_type=\"widget\" data-e-type=\"widget\" data-widget_type=\"text-editor.default\">\n\t\t\t\t<div class=\"elementor-widget-container\">\n\t\t\t\t\t\t\t\t\t<p>Zabr\u00e1n\u011bno uhl\u00ed<\/p>\t\t\t\t\t\t\t\t<\/div>\n\t\t\t\t<\/div>\n\t\t\t\t<\/div>\n\t\t<div class=\"elementor-element elementor-element-9a3964e e-con-full e-flex e-con e-child\" data-id=\"9a3964e\" data-element_type=\"container\" data-e-type=\"container\">\n\t\t\t\t<div class=\"elementor-element elementor-element-fd7e949 elementor-widget elementor-widget-heading\" data-id=\"fd7e949\" data-element_type=\"widget\" data-e-type=\"widget\" data-widget_type=\"heading.default\">\n\t\t\t\t<div class=\"elementor-widget-container\">\n\t\t\t\t\t<h2 class=\"elementor-heading-title elementor-size-default\">97 500 +<\/h2>\t\t\t\t<\/div>\n\t\t\t\t<\/div>\n\t\t\t\t<div class=\"elementor-element elementor-element-4a58d45 elementor-widget elementor-widget-text-editor\" data-id=\"4a58d45\" data-element_type=\"widget\" data-e-type=\"widget\" data-widget_type=\"text-editor.default\">\n\t\t\t\t<div class=\"elementor-widget-container\">\n\t\t\t\t\t\t\t\t\t<p>Zamezen\u00e9 emise CO2<\/p>\t\t\t\t\t\t\t\t<\/div>\n\t\t\t\t<\/div>\n\t\t\t\t<\/div>\n\t\t\t\t<\/div>\n\t\t\t\t<\/div>\n\t\t\t\t<\/div>\n\t\t\t\t\t<\/div>\n\t\t\t\t<\/div>\n\t\t<div class=\"elementor-element elementor-element-d1730ac e-flex e-con-boxed e-con e-parent\" data-id=\"d1730ac\" data-element_type=\"container\" data-e-type=\"container\">\n\t\t\t\t\t<div class=\"e-con-inner\">\n\t\t\t\t\t<\/div>\n\t\t\t\t<\/div>\n\t\t\t\t<\/div>\n\t\t","protected":false},"excerpt":{"rendered":"<p>Funkce Ochrana p\u0159ed pov\u011btrnostn\u00edmi vlivy Kryt proti de\u0161ti poskytuje komplexn\u00ed ochranu p\u0159ed de\u0161t\u011bm, v\u011btrem a sn\u011bhem, tak\u017ee va\u0161e d\u00edt\u011b z\u016fstane b\u011bhem v\u00fdlet\u016f chr\u00e1n\u011bno p\u0159ed nep\u0159\u00edzniv\u00fdmi vlivy. P\u0159\u00edstup k p\u0159edn\u00edmu oknu Kryt je vybaven p\u0159edn\u00edm ok\u00e9nkem a umo\u017e\u0148uje rychl\u00fd a snadn\u00fd p\u0159\u00edstup k d\u00edt\u011bti, tak\u017ee ho m\u016f\u017eete zkontrolovat nebo se v\u011bnovat jeho pot\u0159eb\u00e1m, ani\u017e byste museli [&hellip;]<\/p>\n","protected":false},"featured_media":17174,"comment_status":"closed","ping_status":"closed","template":"","meta":{"_acf_changed":false,"_seopress_robots_primary_cat":"","_seopress_titles_title":"","_seopress_titles_desc":"","_seopress_robots_index":""},"product_brand":[],"product_cat":[227],"product_tag":[],"class_list":{"0":"post-19950","1":"product","2":"type-product","3":"status-publish","4":"has-post-thumbnail","6":"product_cat-prislusenstvi","7":"product_shipping_class-accessories","9":"first","10":"outofstock","11":"taxable","12":"shipping-taxable","13":"product-type-simple"},"acf":[],"_links":{"self":[{"href":"https:\/\/tutis.lt\/cs\/wp-json\/wp\/v2\/product\/19950","targetHints":{"allow":["GET"]}}],"collection":[{"href":"https:\/\/tutis.lt\/cs\/wp-json\/wp\/v2\/product"}],"about":[{"href":"https:\/\/tutis.lt\/cs\/wp-json\/wp\/v2\/types\/product"}],"replies":[{"embeddable":true,"href":"https:\/\/tutis.lt\/cs\/wp-json\/wp\/v2\/comments?post=19950"}],"wp:featuredmedia":[{"embeddable":true,"href":"https:\/\/tutis.lt\/cs\/wp-json\/wp\/v2\/media\/17174"}],"wp:attachment":[{"href":"https:\/\/tutis.lt\/cs\/wp-json\/wp\/v2\/media?parent=19950"}],"wp:term":[{"taxonomy":"product_brand","embeddable":true,"href":"https:\/\/tutis.lt\/cs\/wp-json\/wp\/v2\/product_brand?post=19950"},{"taxonomy":"product_cat","embeddable":true,"href":"https:\/\/tutis.lt\/cs\/wp-json\/wp\/v2\/product_cat?post=19950"},{"taxonomy":"product_tag","embeddable":true,"href":"https:\/\/tutis.lt\/cs\/wp-json\/wp\/v2\/product_tag?post=19950"}],"curies":[{"name":"wp","href":"https:\/\/api.w.org\/{rel}","templated":true}]}}