{"id":20135,"date":"2025-03-14T11:16:34","date_gmt":"2025-03-14T09:16:34","guid":{"rendered":"https:\/\/tutis.lt\/pravidla-zpravodaje\/"},"modified":"2025-08-22T11:37:49","modified_gmt":"2025-08-22T08:37:49","slug":"pravidla-zpravodaje","status":"publish","type":"page","link":"https:\/\/tutis.lt\/cs\/pravidla-zpravodaje\/","title":{"rendered":"Pravidla zpravodaje"},"content":{"rendered":"\t\t<div data-elementor-type=\"wp-page\" data-elementor-id=\"20135\" class=\"elementor elementor-20135 elementor-12860\" data-elementor-post-type=\"page\">\n\t\t\t\t<section class=\"elementor-element elementor-element-43a0905 e-flex e-con-boxed e-con e-parent\" data-id=\"43a0905\" data-element_type=\"container\" data-e-type=\"container\" data-settings=\"{&quot;background_background&quot;:&quot;classic&quot;}\">\n\t\t\t\t\t<div class=\"e-con-inner\">\n\t\t<div class=\"elementor-element elementor-element-468c6ca e-con-full e-flex e-con e-child\" data-id=\"468c6ca\" data-element_type=\"container\" data-e-type=\"container\">\n\t\t<div class=\"elementor-element elementor-element-721f1ee e-con-full e-flex e-con e-child\" data-id=\"721f1ee\" data-element_type=\"container\" data-e-type=\"container\">\n\t\t\t\t<\/div>\n\t\t\t\t<div class=\"elementor-element elementor-element-805b825 elementor-widget elementor-widget-text-editor\" data-id=\"805b825\" data-element_type=\"widget\" data-e-type=\"widget\" data-widget_type=\"text-editor.default\">\n\t\t\t\t<div class=\"elementor-widget-container\">\n\t\t\t\t\t\t\t\t\tDatum \u00fa\u010dinnosti 2025-03-14. V p\u0159\u00edpad\u011b aktualizace pravidel v\u00e1s budeme informovat e-mailem. \n\t\t\t\t\t\t\t\t<\/div>\n\t\t\t\t<\/div>\n\t\t\t\t<div class=\"elementor-element elementor-element-cf4ba33 elementor-widget elementor-widget-text-editor\" data-id=\"cf4ba33\" data-element_type=\"widget\" data-e-type=\"widget\" data-widget_type=\"text-editor.default\">\n\t\t\t\t<div class=\"elementor-widget-container\">\n\t\t\t\t\t\t\t\t\tSpole\u010dnost UAB &#8222;Tututis&#8220;, se s\u00eddlem Raudondvario pl. 127, Kaunas, Litva, v\u00e1m d\u011bkuje za v\u00e1\u0161 z\u00e1jem o n\u00e1\u0161 zpravodaj. Ochrana va\u0161ich osobn\u00edch \u00fadaj\u016f je pro n\u00e1s velmi d\u016fle\u017eit\u00e1. \u00dadaje zpracov\u00e1v\u00e1me v souladu s ustanoven\u00edmi evropsk\u00e9ho obecn\u00e9ho na\u0159\u00edzen\u00ed o ochran\u011b osobn\u00edch \u00fadaj\u016f (GDPR) a z\u00e1kony Litevsk\u00e9 republiky.  \n\t\t\t\t\t\t\t\t<\/div>\n\t\t\t\t<\/div>\n\t\t\t\t<div class=\"elementor-element elementor-element-66e3c3b elementor-widget elementor-widget-text-editor\" data-id=\"66e3c3b\" data-element_type=\"widget\" data-e-type=\"widget\" data-widget_type=\"text-editor.default\">\n\t\t\t\t<div class=\"elementor-widget-container\">\n\t\t\t\t\t\t\t\t\tV n\u00e1sleduj\u00edc\u00edm textu bychom v\u00e1s r\u00e1di informovali o tom, jak\u00e9 osobn\u00ed \u00fadaje jsou zpracov\u00e1v\u00e1ny p\u0159i pou\u017e\u00edv\u00e1n\u00ed newsletteru na na\u0161ich webov\u00fdch str\u00e1nk\u00e1ch www.tutis.lt.\t\t\t\t\t\t\t\t<\/div>\n\t\t\t\t<\/div>\n\t\t\t\t<\/div>\n\t\t<div class=\"elementor-element elementor-element-a311efd e-con-full e-flex e-con e-child\" data-id=\"a311efd\" data-element_type=\"container\" data-e-type=\"container\">\n\t\t\t\t<div class=\"elementor-element elementor-element-9490a3f elementor-widget elementor-widget-heading\" data-id=\"9490a3f\" data-element_type=\"widget\" data-e-type=\"widget\" data-widget_type=\"heading.default\">\n\t\t\t\t<div class=\"elementor-widget-container\">\n\t\t\t\t\t<h2 class=\"elementor-heading-title elementor-size-default\">1. Spr\u00e1vce \u00fadaj\u016f<\/h2>\t\t\t\t<\/div>\n\t\t\t\t<\/div>\n\t\t\t\t<div class=\"elementor-element elementor-element-66ae40a elementor-widget elementor-widget-text-editor\" data-id=\"66ae40a\" data-element_type=\"widget\" data-e-type=\"widget\" data-widget_type=\"text-editor.default\">\n\t\t\t\t<div class=\"elementor-widget-container\">\n\t\t\t\t\t\t\t\t\tSpr\u00e1vcem pro zpracov\u00e1n\u00ed \u00fadaj\u016f je spole\u010dnost UAB &#8222;Tututis&#8220; se s\u00eddlem Raudondvario pl. 127, Kaunas, Litva. Na\u0161e kontaktn\u00ed \u00fadaje jsou n\u00e1sleduj\u00edc\u00ed: \t\t\t\t\t\t\t\t<\/div>\n\t\t\t\t<\/div>\n\t\t\t\t<div class=\"elementor-element elementor-element-4db4c97 elementor-widget elementor-widget-text-editor\" data-id=\"4db4c97\" data-element_type=\"widget\" data-e-type=\"widget\" data-widget_type=\"text-editor.default\">\n\t\t\t\t<div class=\"elementor-widget-container\">\n\t\t\t\t\t\t\t\t\t<strong>UAB &#8222;Tututis<\/strong><strong>&#8222;<\/strong>\n<strong>K\u00f3d spole\u010dnosti:<\/strong> 135922996\n<strong>Adresa:<\/strong> Raudondvario pl. 127, Kaunas, Litva\n<strong>E-mail:<\/strong><a style=\"color: #c4d1c4;\" href=\"mailto:support@tutis.lt\"> support@tutis.lt<\/a>\t\t\t\t\t\t\t\t<\/div>\n\t\t\t\t<\/div>\n\t\t\t\t<\/div>\n\t\t<div class=\"elementor-element elementor-element-d25351f e-con-full e-flex e-con e-child\" data-id=\"d25351f\" data-element_type=\"container\" data-e-type=\"container\">\n\t\t\t\t<div class=\"elementor-element elementor-element-375ab15 elementor-widget elementor-widget-heading\" data-id=\"375ab15\" data-element_type=\"widget\" data-e-type=\"widget\" data-widget_type=\"heading.default\">\n\t\t\t\t<div class=\"elementor-widget-container\">\n\t\t\t\t\t<h2 class=\"elementor-heading-title elementor-size-default\">2. Shroma\u017e\u010fov\u00e1n\u00ed va\u0161ich \u00fadaj\u016f<\/h2>\t\t\t\t<\/div>\n\t\t\t\t<\/div>\n\t\t\t\t<div class=\"elementor-element elementor-element-6e84e51 elementor-widget elementor-widget-text-editor\" data-id=\"6e84e51\" data-element_type=\"widget\" data-e-type=\"widget\" data-widget_type=\"text-editor.default\">\n\t\t\t\t<div class=\"elementor-widget-container\">\n\t\t\t\t\t\t\t\t\tP\u0159ihl\u00e1\u0161en\u00edm k odb\u011bru na\u0161eho zpravodaje n\u00e1m poskytujete e-mailovou adresu, na kterou v\u00e1m budeme zas\u00edlat n\u00e1\u0161 zpravodaj, proto poskytnutou e-mailovou adresu shroma\u017e\u010fujeme jako \u00fadaj.\t\t\t\t\t\t\t\t<\/div>\n\t\t\t\t<\/div>\n\t\t\t\t<\/div>\n\t\t<div class=\"elementor-element elementor-element-113e48c e-con-full e-flex e-con e-child\" data-id=\"113e48c\" data-element_type=\"container\" data-e-type=\"container\">\n\t\t\t\t<div class=\"elementor-element elementor-element-b2dbb7b elementor-widget elementor-widget-heading\" data-id=\"b2dbb7b\" data-element_type=\"widget\" data-e-type=\"widget\" data-widget_type=\"heading.default\">\n\t\t\t\t<div class=\"elementor-widget-container\">\n\t\t\t\t\t<h2 class=\"elementor-heading-title elementor-size-default\">3. Obsah zpravodaje<\/h2>\t\t\t\t<\/div>\n\t\t\t\t<\/div>\n\t\t\t\t<div class=\"elementor-element elementor-element-e8979a9 elementor-widget elementor-widget-text-editor\" data-id=\"e8979a9\" data-element_type=\"widget\" data-e-type=\"widget\" data-widget_type=\"text-editor.default\">\n\t\t\t\t<div class=\"elementor-widget-container\">\n\t\t\t\t\t\t\t\t\tN\u00e1\u0161 newsletter obsahuje novinky o na\u0161ich nejnov\u011bj\u0161\u00edch produktech a platn\u00fdch slev\u00e1ch, v\u010detn\u011b dal\u0161\u00edch informac\u00ed souvisej\u00edc\u00edch s na\u0161\u00ed zna\u010dkou a webov\u00fdmi str\u00e1nkami, kter\u00e9 budou zas\u00edl\u00e1ny z e-mailov\u00e9 adresy jokubas@tututis.lt .\t\t\t\t\t\t\t\t<\/div>\n\t\t\t\t<\/div>\n\t\t\t\t<\/div>\n\t\t<div class=\"elementor-element elementor-element-30a1eaa e-con-full e-flex e-con e-child\" data-id=\"30a1eaa\" data-element_type=\"container\" data-e-type=\"container\">\n\t\t\t\t<div class=\"elementor-element elementor-element-8fa0057 elementor-widget elementor-widget-heading\" data-id=\"8fa0057\" data-element_type=\"widget\" data-e-type=\"widget\" data-widget_type=\"heading.default\">\n\t\t\t\t<div class=\"elementor-widget-container\">\n\t\t\t\t\t<h2 class=\"elementor-heading-title elementor-size-default\">4. Pr\u00e1vn\u00ed z\u00e1klad a doba zpracov\u00e1n\u00ed \u00fadaj\u016f\n<\/h2>\t\t\t\t<\/div>\n\t\t\t\t<\/div>\n\t\t\t\t<div class=\"elementor-element elementor-element-f058b29 elementor-widget elementor-widget-text-editor\" data-id=\"f058b29\" data-element_type=\"widget\" data-e-type=\"widget\" data-widget_type=\"text-editor.default\">\n\t\t\t\t<div class=\"elementor-widget-container\">\n\t\t\t\t\t\t\t\t\tGDPR \u010dl. 6 odst. 1 p\u00edsm. f) &#8211; zpracov\u00e1n\u00ed (\u00fadaj\u016f) je nezbytn\u00e9 pro \u00fa\u010dely opr\u00e1vn\u011bn\u00fdch z\u00e1jm\u016f spr\u00e1vce nebo t\u0159et\u00ed strany. Poskytnut\u00e9 \u00fadaje budeme zpracov\u00e1vat, dokud nevznesete n\u00e1mitku proti shroma\u017e\u010fov\u00e1n\u00ed va\u0161ich \u00fadaj\u016f. \t\t\t\t\t\t\t\t<\/div>\n\t\t\t\t<\/div>\n\t\t\t\t<\/div>\n\t\t<div class=\"elementor-element elementor-element-5c32597 e-con-full e-flex e-con e-child\" data-id=\"5c32597\" data-element_type=\"container\" data-e-type=\"container\">\n\t\t\t\t<div class=\"elementor-element elementor-element-1d61658 elementor-widget elementor-widget-heading\" data-id=\"1d61658\" data-element_type=\"widget\" data-e-type=\"widget\" data-widget_type=\"heading.default\">\n\t\t\t\t<div class=\"elementor-widget-container\">\n\t\t\t\t\t<h2 class=\"elementor-heading-title elementor-size-default\">5. Va\u0161e pr\u00e1va\n<\/h2>\t\t\t\t<\/div>\n\t\t\t\t<\/div>\n\t\t\t\t<div class=\"elementor-element elementor-element-7882fc7 elementor-widget elementor-widget-text-editor\" data-id=\"7882fc7\" data-element_type=\"widget\" data-e-type=\"widget\" data-widget_type=\"text-editor.default\">\n\t\t\t\t<div class=\"elementor-widget-container\">\n\t\t\t\t\t\t\t\t\t<p><strong>M\u00e1te pr\u00e1vo na:<\/strong><br>p\u0159\u00edstup ke sv\u00fdm \u00fadaj\u016fm;<br>zm\u011bnu sv\u00fdch \u00fadaj\u016f;<br>odstran\u011bn\u00ed sv\u00fdch \u00fadaj\u016f z na\u0161\u00ed datab\u00e1ze;<br>omezen\u00ed zpracov\u00e1n\u00ed \u00fadaj\u016f;<br>vzn\u00e9st n\u00e1mitku proti zpracov\u00e1n\u00ed \u00fadaj\u016f.<\/p>\t\t\t\t\t\t\t\t<\/div>\n\t\t\t\t<\/div>\n\t\t\t\t<\/div>\n\t\t<div class=\"elementor-element elementor-element-031f9c9 e-con-full e-flex e-con e-child\" data-id=\"031f9c9\" data-element_type=\"container\" data-e-type=\"container\">\n\t\t\t\t<div class=\"elementor-element elementor-element-10e14fa elementor-widget elementor-widget-heading\" data-id=\"10e14fa\" data-element_type=\"widget\" data-e-type=\"widget\" data-widget_type=\"heading.default\">\n\t\t\t\t<div class=\"elementor-widget-container\">\n\t\t\t\t\t<h2 class=\"elementor-heading-title elementor-size-default\">6. Kontaktov\u00e1n\u00ed pov\u011b\u0159ence pro ochranu osobn\u00edch \u00fadaj\u016f\n<\/h2>\t\t\t\t<\/div>\n\t\t\t\t<\/div>\n\t\t\t\t<div class=\"elementor-element elementor-element-39390e5 elementor-widget elementor-widget-text-editor\" data-id=\"39390e5\" data-element_type=\"widget\" data-e-type=\"widget\" data-widget_type=\"text-editor.default\">\n\t\t\t\t<div class=\"elementor-widget-container\">\n\t\t\t\t\t\t\t\t\tV p\u0159\u00edpad\u011b uplatn\u011bn\u00ed va\u0161ich pr\u00e1v na ochranu \u00fadaj\u016f nebo jak\u00fdchkoli dotaz\u016f t\u00fdkaj\u00edc\u00edch se zpracov\u00e1n\u00ed va\u0161ich \u00fadaj\u016f, n\u00e1vrh\u016f nebo st\u00ed\u017enost\u00ed se obra\u0165te na na\u0161eho pov\u011b\u0159ence pro ochranu osobn\u00edch \u00fadaj\u016f prost\u0159ednictv\u00edm e-mailu <a style=\"color: #c4d1c4;\" href=\"mailto:juristas@tututis.lt\">juristas@tututis.lt<\/a>.\t\t\t\t\t\t\t\t<\/div>\n\t\t\t\t<\/div>\n\t\t\t\t<\/div>\n\t\t<div class=\"elementor-element elementor-element-4b45438 e-con-full e-flex e-con e-child\" data-id=\"4b45438\" data-element_type=\"container\" data-e-type=\"container\">\n\t\t\t\t<div class=\"elementor-element elementor-element-d01f419 elementor-widget elementor-widget-heading\" data-id=\"d01f419\" data-element_type=\"widget\" data-e-type=\"widget\" data-widget_type=\"heading.default\">\n\t\t\t\t<div class=\"elementor-widget-container\">\n\t\t\t\t\t<h2 class=\"elementor-heading-title elementor-size-default\">7. St\u00ed\u017enosti dozorov\u00fdm org\u00e1n\u016fm\n<\/h2>\t\t\t\t<\/div>\n\t\t\t\t<\/div>\n\t\t\t\t<div class=\"elementor-element elementor-element-2b533f6 elementor-widget elementor-widget-text-editor\" data-id=\"2b533f6\" data-element_type=\"widget\" data-e-type=\"widget\" data-widget_type=\"text-editor.default\">\n\t\t\t\t<div class=\"elementor-widget-container\">\n\t\t\t\t\t\t\t\t\t<p>V p\u0159\u00edpad\u011b st\u00ed\u017enost\u00ed t\u00fdkaj\u00edc\u00edch se zpracov\u00e1n\u00ed va\u0161ich \u00fadaj\u016f m\u00e1te pr\u00e1vo obr\u00e1tit se na p\u0159\u00edslu\u0161n\u00e9 org\u00e1ny dozoru. M\u016f\u017eete tak u\u010dinit tak, \u017ee se obr\u00e1t\u00edte na \u00fa\u0159ad pro ochranu osobn\u00edch \u00fadaj\u016f p\u0159\u00edslu\u0161n\u00fd podle m\u00edsta nebo st\u00e1tu va\u0161eho bydli\u0161t\u011b nebo na \u00fa\u0159ad pro ochranu osobn\u00edch \u00fadaj\u016f, kter\u00fd je p\u0159\u00edslu\u0161n\u00fd pro n\u00e1s, co\u017e je: <br><strong>Valstybin\u0117 inspekce ochrany \u00fadaj\u016f<\/strong><br><strong>K\u00f3d spole\u010dnosti:<\/strong> 188607912<br><strong>Adresa:<\/strong> Sapiegos g. 17, Vilnius <br><strong>E-mail:<\/strong> <a style=\"color: #c4d1c4;\" href=\"mailto:ada@ada.lt\">ada@ada.lt<\/a>.<\/p>\t\t\t\t\t\t\t\t<\/div>\n\t\t\t\t<\/div>\n\t\t\t\t<\/div>\n\t\t\t\t\t<\/div>\n\t\t\t\t<\/section>\n\t\t\t\t<\/div>\n\t\t","protected":false},"excerpt":{"rendered":"<p>Datum \u00fa\u010dinnosti 2025-03-14. V p\u0159\u00edpad\u011b aktualizace pravidel v\u00e1s budeme informovat e-mailem. Spole\u010dnost UAB &#8222;Tututis&#8220;, se s\u00eddlem Raudondvario pl. 127, Kaunas, Litva, v\u00e1m d\u011bkuje za v\u00e1\u0161 z\u00e1jem o n\u00e1\u0161 zpravodaj. Ochrana va\u0161ich osobn\u00edch \u00fadaj\u016f je pro n\u00e1s velmi d\u016fle\u017eit\u00e1. \u00dadaje zpracov\u00e1v\u00e1me v souladu s ustanoven\u00edmi evropsk\u00e9ho obecn\u00e9ho na\u0159\u00edzen\u00ed o ochran\u011b osobn\u00edch \u00fadaj\u016f (GDPR) a z\u00e1kony Litevsk\u00e9 [&hellip;]<\/p>\n","protected":false},"author":1,"featured_media":0,"parent":0,"menu_order":34,"comment_status":"closed","ping_status":"closed","template":"elementor_theme","meta":{"_acf_changed":false,"_seopress_robots_primary_cat":"","_seopress_titles_title":"","_seopress_titles_desc":"","_seopress_robots_index":"","footnotes":""},"class_list":["post-20135","page","type-page","status-publish","hentry"],"acf":[],"_links":{"self":[{"href":"https:\/\/tutis.lt\/cs\/wp-json\/wp\/v2\/pages\/20135","targetHints":{"allow":["GET"]}}],"collection":[{"href":"https:\/\/tutis.lt\/cs\/wp-json\/wp\/v2\/pages"}],"about":[{"href":"https:\/\/tutis.lt\/cs\/wp-json\/wp\/v2\/types\/page"}],"author":[{"embeddable":true,"href":"https:\/\/tutis.lt\/cs\/wp-json\/wp\/v2\/users\/1"}],"replies":[{"embeddable":true,"href":"https:\/\/tutis.lt\/cs\/wp-json\/wp\/v2\/comments?post=20135"}],"version-history":[{"count":0,"href":"https:\/\/tutis.lt\/cs\/wp-json\/wp\/v2\/pages\/20135\/revisions"}],"wp:attachment":[{"href":"https:\/\/tutis.lt\/cs\/wp-json\/wp\/v2\/media?parent=20135"}],"curies":[{"name":"wp","href":"https:\/\/api.w.org\/{rel}","templated":true}]}}