{"id":20036,"date":"2025-02-07T17:39:36","date_gmt":"2025-02-07T15:39:36","guid":{"rendered":"https:\/\/tutis.lt\/prislusenstvi\/"},"modified":"2025-08-22T09:49:39","modified_gmt":"2025-08-22T06:49:39","slug":"prislusenstvi","status":"publish","type":"page","link":"https:\/\/tutis.lt\/cs\/prislusenstvi\/","title":{"rendered":"P\u0159\u00edslu\u0161enstv\u00ed"},"content":{"rendered":"","protected":false},"excerpt":{"rendered":"","protected":false},"author":1,"featured_media":0,"parent":0,"menu_order":16,"comment_status":"closed","ping_status":"closed","template":"elementor_theme","meta":{"_acf_changed":false,"_seopress_robots_primary_cat":"","_seopress_titles_title":"","_seopress_titles_desc":"","_seopress_robots_index":"","footnotes":""},"class_list":["post-20036","page","type-page","status-publish","hentry"],"acf":[],"_links":{"self":[{"href":"https:\/\/tutis.lt\/cs\/wp-json\/wp\/v2\/pages\/20036","targetHints":{"allow":["GET"]}}],"collection":[{"href":"https:\/\/tutis.lt\/cs\/wp-json\/wp\/v2\/pages"}],"about":[{"href":"https:\/\/tutis.lt\/cs\/wp-json\/wp\/v2\/types\/page"}],"author":[{"embeddable":true,"href":"https:\/\/tutis.lt\/cs\/wp-json\/wp\/v2\/users\/1"}],"replies":[{"embeddable":true,"href":"https:\/\/tutis.lt\/cs\/wp-json\/wp\/v2\/comments?post=20036"}],"version-history":[{"count":0,"href":"https:\/\/tutis.lt\/cs\/wp-json\/wp\/v2\/pages\/20036\/revisions"}],"wp:attachment":[{"href":"https:\/\/tutis.lt\/cs\/wp-json\/wp\/v2\/media?parent=20036"}],"curies":[{"name":"wp","href":"https:\/\/api.w.org\/{rel}","templated":true}]}}